{"id":928,"date":"2015-08-20T13:23:14","date_gmt":"2015-08-20T13:23:14","guid":{"rendered":"http:\/\/kbivb.mailbox-belgium.com\/fr\/?page_id=928"},"modified":"2017-03-15T08:38:45","modified_gmt":"2017-03-15T07:38:45","slug":"module-tas-de-betteraves-et-nombre-theorique-de-baches-de-couverture","status":"publish","type":"page","link":"https:\/\/www.irbab-kbivb.be\/fr\/publications\/modules-apps-en-ligne\/module-tas-de-betteraves-et-nombre-theorique-de-baches-de-couverture\/","title":{"rendered":"Module Tas de betteraves et nombre th\u00e9orique de b\u00e2ches de couverture"},"content":{"rendered":"<p><a href=\"https:\/\/www.irbab-kbivb.be\/modules\/tadvies\/src\/tadvies.php?Lng=fr\" target=\"_blank\">Cliquez ici pour lancer le module<\/a><\/p>\n<p>Module : Tas de betteraves et b\u00e2ches de couverture<\/p>\n<p>Le calcul est effectu\u00e9 sur base de la superficie de la parcelle, du rendement attendu, des dimensions du tas (largeur et hauteur) et des dimensions des b\u00e2ches utilis\u00e9es.<\/p>\n<p>Rappelons que la largeur du tas doit \u00eatre inf\u00e9rieure \u00e0 celle de l&rsquo;engin de chargement du tas (avaleuse-nettoyeuse de silo) et non \u00eatre fonction de l&rsquo;engin de confection du tas (chargeuse &ndash; d\u00e9bardeuse). La largeur <u>optimale<\/u> d&rsquo;un tas sera de 7,50 m s&rsquo;il est repris avec un engin muni d&rsquo;une table d&rsquo;avalage de 8 m. Elle sera de 9,00 m si la table d&rsquo;avalage est de 10 m.<\/p>\n<p>La largeur des b\u00e2ches utilis\u00e9es doit \u00eatre plus grande que la largeur de votre tas, selon un coefficient multiplicateur d&rsquo;environ 1,3. Pour un tas de 7,50 m, la largeur de b\u00e2che sera de 9,80 m (= 7,5 m x \u00b1 1,3). Pour un tas de 9,00 m, la largeur de b\u00e2che sera de 11,80 m ou 12,00 m (= 9 m x \u00b1 1,3).<\/p>\n<p>Selon vos donn\u00e9es, le module \u00ab\u00a0tas de betterave et nombre th\u00e9orique de b\u00e2ches de couverture\u00a0\u00bb \u00e9tablit automatiquement: la longueur du tas en m\u00e8tre par hectare et la longueur totale du tas, le nombre de tonnes de betteraves au m\u00e8tre de tas et le nombre de b\u00e2ches n\u00e9cessaires selon les dimensions choisies.<\/p>\n<p>Ce module doit encore \u00eatre valid\u00e9 par des donn\u00e9es de champ. Les extr\u00e9mit\u00e9s du tas (aux deux bouts) ne sont pas prises en compte dans le calcul.<\/p>\n<p>L&rsquo;int\u00e9r\u00eat des b\u00e2ches de couverture de tas de type \u00ab\u00a0g\u00e9otextile\u00a0\u00bb et la fa\u00e7on de les utiliser correctement ont \u00e9t\u00e9 d\u00e9taill\u00e9s dans \u00ab\u00a0Le Betteravier\u00a0\u00bb de juillet\/ao\u00fbt 2010 (cliquer ICI).<\/p>\n<p>&nbsp;<\/p>\n<p>Ce module a \u00e9t\u00e9 r\u00e9alis\u00e9 dans le cadre d&#8217;un projet de d\u00e9veloppement subventionn\u00e9 par la R\u00e9gion wallonne (SPW &#8211; DGARNE &#8211; Direction du D\u00e9veloppement et de la Vulgarisation).<\/p>\n","protected":false},"excerpt":{"rendered":"<p>Cliquez ici pour lancer le module Module : Tas de betteraves et b\u00e2ches de couverture Le calcul est effectu\u00e9 sur base de la superficie de la parcelle, du rendement attendu, des dimensions du tas (largeur et hauteur) et des dimensions des b\u00e2ches utilis\u00e9es. Rappelons que la largeur du tas doit \u00eatre inf\u00e9rieure \u00e0 celle de [&hellip;]<\/p>\n","protected":false},"author":3,"featured_media":0,"parent":382,"menu_order":0,"comment_status":"closed","ping_status":"closed","template":"","meta":{"iawp_total_views":0,"footnotes":""},"class_list":["post-928","page","type-page","status-publish","hentry"],"yoast_head":"<!-- This site is optimized with the Yoast SEO plugin v27.5 - https:\/\/yoast.com\/product\/yoast-seo-wordpress\/ -->\n<title>Module Tas de betteraves et nombre th\u00e9orique de b\u00e2ches de couverture - IRBAB-KBIVB<\/title>\n<meta name=\"robots\" content=\"index, follow, max-snippet:-1, max-image-preview:large, max-video-preview:-1\" \/>\n<link rel=\"canonical\" href=\"https:\/\/www.irbab-kbivb.be\/fr\/publications\/modules-apps-en-ligne\/module-tas-de-betteraves-et-nombre-theorique-de-baches-de-couverture\/\" \/>\n<meta property=\"og:locale\" content=\"fr_FR\" \/>\n<meta property=\"og:type\" content=\"article\" \/>\n<meta property=\"og:title\" content=\"Module Tas de betteraves et nombre th\u00e9orique de b\u00e2ches de couverture - IRBAB-KBIVB\" \/>\n<meta property=\"og:description\" content=\"Cliquez ici pour lancer le module Module : Tas de betteraves et b\u00e2ches de couverture Le calcul est effectu\u00e9 sur base de la superficie de la parcelle, du rendement attendu, des dimensions du tas (largeur et hauteur) et des dimensions des b\u00e2ches utilis\u00e9es. Rappelons que la largeur du tas doit \u00eatre inf\u00e9rieure \u00e0 celle de [&hellip;]\" \/>\n<meta property=\"og:url\" content=\"https:\/\/www.irbab-kbivb.be\/fr\/publications\/modules-apps-en-ligne\/module-tas-de-betteraves-et-nombre-theorique-de-baches-de-couverture\/\" \/>\n<meta property=\"og:site_name\" content=\"IRBAB-KBIVB\" \/>\n<meta property=\"article:modified_time\" content=\"2017-03-15T07:38:45+00:00\" \/>\n<meta name=\"twitter:card\" content=\"summary_large_image\" \/>\n<meta name=\"twitter:label1\" content=\"Dur\u00e9e de lecture estim\u00e9e\" \/>\n\t<meta name=\"twitter:data1\" content=\"2 minutes\" \/>\n<script type=\"application\/ld+json\" class=\"yoast-schema-graph\">{\"@context\":\"https:\\\/\\\/schema.org\",\"@graph\":[{\"@type\":\"WebPage\",\"@id\":\"https:\\\/\\\/www.irbab-kbivb.be\\\/fr\\\/publications\\\/modules-apps-en-ligne\\\/module-tas-de-betteraves-et-nombre-theorique-de-baches-de-couverture\\\/\",\"url\":\"https:\\\/\\\/www.irbab-kbivb.be\\\/fr\\\/publications\\\/modules-apps-en-ligne\\\/module-tas-de-betteraves-et-nombre-theorique-de-baches-de-couverture\\\/\",\"name\":\"Module Tas de betteraves et nombre th\u00e9orique de b\u00e2ches de couverture - IRBAB-KBIVB\",\"isPartOf\":{\"@id\":\"https:\\\/\\\/www.irbab-kbivb.be\\\/#website\"},\"datePublished\":\"2015-08-20T13:23:14+00:00\",\"dateModified\":\"2017-03-15T07:38:45+00:00\",\"breadcrumb\":{\"@id\":\"https:\\\/\\\/www.irbab-kbivb.be\\\/fr\\\/publications\\\/modules-apps-en-ligne\\\/module-tas-de-betteraves-et-nombre-theorique-de-baches-de-couverture\\\/#breadcrumb\"},\"inLanguage\":\"fr-FR\",\"potentialAction\":[{\"@type\":\"ReadAction\",\"target\":[\"https:\\\/\\\/www.irbab-kbivb.be\\\/fr\\\/publications\\\/modules-apps-en-ligne\\\/module-tas-de-betteraves-et-nombre-theorique-de-baches-de-couverture\\\/\"]}]},{\"@type\":\"BreadcrumbList\",\"@id\":\"https:\\\/\\\/www.irbab-kbivb.be\\\/fr\\\/publications\\\/modules-apps-en-ligne\\\/module-tas-de-betteraves-et-nombre-theorique-de-baches-de-couverture\\\/#breadcrumb\",\"itemListElement\":[{\"@type\":\"ListItem\",\"position\":1,\"name\":\"Home\",\"item\":\"https:\\\/\\\/www.irbab-kbivb.be\\\/fr\\\/\"},{\"@type\":\"ListItem\",\"position\":2,\"name\":\"Publications\",\"item\":\"https:\\\/\\\/www.irbab-kbivb.be\\\/fr\\\/publications\\\/\"},{\"@type\":\"ListItem\",\"position\":3,\"name\":\"Modules\\\/Apps en ligne\",\"item\":\"https:\\\/\\\/www.irbab-kbivb.be\\\/fr\\\/publications\\\/modules-apps-en-ligne\\\/\"},{\"@type\":\"ListItem\",\"position\":4,\"name\":\"Module Tas de betteraves et nombre th\u00e9orique de b\u00e2ches de couverture\"}]},{\"@type\":\"WebSite\",\"@id\":\"https:\\\/\\\/www.irbab-kbivb.be\\\/#website\",\"url\":\"https:\\\/\\\/www.irbab-kbivb.be\\\/\",\"name\":\"IRBAB-KBIVB\",\"description\":\"Koninklijk Belgisch Instituut tot Verbetering van de Biet vzw | Institut Royal Belge pour l&#039;Am\u00e9lioration de la Betterave asbl\",\"potentialAction\":[{\"@type\":\"SearchAction\",\"target\":{\"@type\":\"EntryPoint\",\"urlTemplate\":\"https:\\\/\\\/www.irbab-kbivb.be\\\/?s={search_term_string}\"},\"query-input\":{\"@type\":\"PropertyValueSpecification\",\"valueRequired\":true,\"valueName\":\"search_term_string\"}}],\"inLanguage\":\"fr-FR\"}]}<\/script>\n<!-- \/ Yoast SEO plugin. -->","yoast_head_json":{"title":"Module Tas de betteraves et nombre th\u00e9orique de b\u00e2ches de couverture - IRBAB-KBIVB","robots":{"index":"index","follow":"follow","max-snippet":"max-snippet:-1","max-image-preview":"max-image-preview:large","max-video-preview":"max-video-preview:-1"},"canonical":"https:\/\/www.irbab-kbivb.be\/fr\/publications\/modules-apps-en-ligne\/module-tas-de-betteraves-et-nombre-theorique-de-baches-de-couverture\/","og_locale":"fr_FR","og_type":"article","og_title":"Module Tas de betteraves et nombre th\u00e9orique de b\u00e2ches de couverture - IRBAB-KBIVB","og_description":"Cliquez ici pour lancer le module Module : Tas de betteraves et b\u00e2ches de couverture Le calcul est effectu\u00e9 sur base de la superficie de la parcelle, du rendement attendu, des dimensions du tas (largeur et hauteur) et des dimensions des b\u00e2ches utilis\u00e9es. Rappelons que la largeur du tas doit \u00eatre inf\u00e9rieure \u00e0 celle de [&hellip;]","og_url":"https:\/\/www.irbab-kbivb.be\/fr\/publications\/modules-apps-en-ligne\/module-tas-de-betteraves-et-nombre-theorique-de-baches-de-couverture\/","og_site_name":"IRBAB-KBIVB","article_modified_time":"2017-03-15T07:38:45+00:00","twitter_card":"summary_large_image","twitter_misc":{"Dur\u00e9e de lecture estim\u00e9e":"2 minutes"},"schema":{"@context":"https:\/\/schema.org","@graph":[{"@type":"WebPage","@id":"https:\/\/www.irbab-kbivb.be\/fr\/publications\/modules-apps-en-ligne\/module-tas-de-betteraves-et-nombre-theorique-de-baches-de-couverture\/","url":"https:\/\/www.irbab-kbivb.be\/fr\/publications\/modules-apps-en-ligne\/module-tas-de-betteraves-et-nombre-theorique-de-baches-de-couverture\/","name":"Module Tas de betteraves et nombre th\u00e9orique de b\u00e2ches de couverture - IRBAB-KBIVB","isPartOf":{"@id":"https:\/\/www.irbab-kbivb.be\/#website"},"datePublished":"2015-08-20T13:23:14+00:00","dateModified":"2017-03-15T07:38:45+00:00","breadcrumb":{"@id":"https:\/\/www.irbab-kbivb.be\/fr\/publications\/modules-apps-en-ligne\/module-tas-de-betteraves-et-nombre-theorique-de-baches-de-couverture\/#breadcrumb"},"inLanguage":"fr-FR","potentialAction":[{"@type":"ReadAction","target":["https:\/\/www.irbab-kbivb.be\/fr\/publications\/modules-apps-en-ligne\/module-tas-de-betteraves-et-nombre-theorique-de-baches-de-couverture\/"]}]},{"@type":"BreadcrumbList","@id":"https:\/\/www.irbab-kbivb.be\/fr\/publications\/modules-apps-en-ligne\/module-tas-de-betteraves-et-nombre-theorique-de-baches-de-couverture\/#breadcrumb","itemListElement":[{"@type":"ListItem","position":1,"name":"Home","item":"https:\/\/www.irbab-kbivb.be\/fr\/"},{"@type":"ListItem","position":2,"name":"Publications","item":"https:\/\/www.irbab-kbivb.be\/fr\/publications\/"},{"@type":"ListItem","position":3,"name":"Modules\/Apps en ligne","item":"https:\/\/www.irbab-kbivb.be\/fr\/publications\/modules-apps-en-ligne\/"},{"@type":"ListItem","position":4,"name":"Module Tas de betteraves et nombre th\u00e9orique de b\u00e2ches de couverture"}]},{"@type":"WebSite","@id":"https:\/\/www.irbab-kbivb.be\/#website","url":"https:\/\/www.irbab-kbivb.be\/","name":"IRBAB-KBIVB","description":"Koninklijk Belgisch Instituut tot Verbetering van de Biet vzw | Institut Royal Belge pour l&#039;Am\u00e9lioration de la Betterave asbl","potentialAction":[{"@type":"SearchAction","target":{"@type":"EntryPoint","urlTemplate":"https:\/\/www.irbab-kbivb.be\/?s={search_term_string}"},"query-input":{"@type":"PropertyValueSpecification","valueRequired":true,"valueName":"search_term_string"}}],"inLanguage":"fr-FR"}]}},"_links":{"self":[{"href":"https:\/\/www.irbab-kbivb.be\/fr\/wp-json\/wp\/v2\/pages\/928","targetHints":{"allow":["GET"]}}],"collection":[{"href":"https:\/\/www.irbab-kbivb.be\/fr\/wp-json\/wp\/v2\/pages"}],"about":[{"href":"https:\/\/www.irbab-kbivb.be\/fr\/wp-json\/wp\/v2\/types\/page"}],"author":[{"embeddable":true,"href":"https:\/\/www.irbab-kbivb.be\/fr\/wp-json\/wp\/v2\/users\/3"}],"replies":[{"embeddable":true,"href":"https:\/\/www.irbab-kbivb.be\/fr\/wp-json\/wp\/v2\/comments?post=928"}],"version-history":[{"count":2,"href":"https:\/\/www.irbab-kbivb.be\/fr\/wp-json\/wp\/v2\/pages\/928\/revisions"}],"predecessor-version":[{"id":9134,"href":"https:\/\/www.irbab-kbivb.be\/fr\/wp-json\/wp\/v2\/pages\/928\/revisions\/9134"}],"up":[{"embeddable":true,"href":"https:\/\/www.irbab-kbivb.be\/fr\/wp-json\/wp\/v2\/pages\/382"}],"wp:attachment":[{"href":"https:\/\/www.irbab-kbivb.be\/fr\/wp-json\/wp\/v2\/media?parent=928"}],"curies":[{"name":"wp","href":"https:\/\/api.w.org\/{rel}","templated":true}]}}