{"id":926,"date":"2015-08-20T13:10:34","date_gmt":"2015-08-20T13:10:34","guid":{"rendered":"http:\/\/kbivb.mailbox-belgium.com\/fr\/?page_id=926"},"modified":"2026-04-03T15:22:58","modified_gmt":"2026-04-03T13:22:58","slug":"module-fumure-azotee-minerale","status":"publish","type":"page","link":"https:\/\/www.irbab-kbivb.be\/fr\/publications\/modules-apps-en-ligne\/module-fumure-azotee-minerale\/","title":{"rendered":"Module Fumure azot\u00e9e min\u00e9rale"},"content":{"rendered":"<p><a href=\"https:\/\/www.irbab-kbivb.be\/modules\/nadvies\/src\/nadvies.php?Lng=fr\" target=\"_blank\" rel=\"noopener\">Cliquez ici pour lancer le programme<\/a><\/p>\n<div class=\"su-tabs su-tabs-style-default su-tabs-mobile-stack\" data-active=\"1\" data-scroll-offset=\"0\" data-anchor-in-url=\"no\"><div class=\"su-tabs-nav\"><span class=\"\" data-url=\"\" data-target=\"blank\" tabindex=\"0\" role=\"button\">Pr\u00e9ambule<\/span><span class=\"\" data-url=\"\" data-target=\"blank\" tabindex=\"0\" role=\"button\">Utilisation du module<\/span><span class=\"\" data-url=\"\" data-target=\"blank\" tabindex=\"0\" role=\"button\">Conseils g\u00e9n\u00e9raux<\/span><\/div><div class=\"su-tabs-panes\"><div class=\"su-tabs-pane su-u-clearfix su-u-trim\" data-title=\"Pr\u00e9ambule\">\n<p>Le module \u00ab Avis de fumure min\u00e9rale azot\u00e9e \u2013 Calcul du Bilan Th\u00e9orique (N-theor)\u00bb propose un calcul th\u00e9orique simple pour \u00e9tablir un avis de fumure min\u00e9rale azot\u00e9e pour la betterave sucri\u00e8re. Il permet \u00e0 l\u2019utilisateur de situer un niveau de fumure azot\u00e9e, calcul\u00e9 au d\u00e9part de diff\u00e9rentes situations standards. Il d\u00e9termine un conseil de fumure dont la valeur approche celle propos\u00e9e par un avis individualis\u00e9 au niveau de la parcelle, bas\u00e9 sur une analyse de sol, mais ne le remplace pas pour autant.<\/p>\n<p>L&#8217;avis individualis\u00e9, \u00e9tabli au niveau de la parcelle par un laboratoire d&#8217;analyse du sol est \u00e0 privil\u00e9gier\u00a0:<\/p>\n<ul>\n<li>lors de l&#8217;utilisation de mati\u00e8res organiques riches en azote (lisier, fiente de poule,&#8230;) et dont la min\u00e9ralisation est rapide,<\/li>\n<li>lors de l\u2019utilisation de mati\u00e8res organiques sp\u00e9cifiques (lisier de truies, de porcs \u00e0 l\u2019engrais, de porcelets,&#8230;fumier de lapins, de cheval,&#8230;) et dont l\u2019azote lib\u00e9r\u00e9 par la min\u00e9ralisation d\u00e9pend de la composition initiale<\/li>\n<li>lors de l\u2019utilisation de mati\u00e8res organiques d\u2019origine non agricole (boues, compost, digestat, &#8230;) et dont la min\u00e9ralisation est parfois difficile \u00e0 \u00e9valuer,<\/li>\n<li>apr\u00e8s une prairie retourn\u00e9e et dont la min\u00e9ralisation peut \u00eatre parfois impr\u00e9visible, m\u00eame apr\u00e8s plusieurs ann\u00e9es.<\/li>\n<\/ul>\n<p>Certaines de ces situations ne figurent pas dans le module.<\/p>\n<p>Les valeurs propos\u00e9es dans le module sont th\u00e9oriques et peuvent diff\u00e9rer de celles propos\u00e9es par d\u2019autres textes sp\u00e9cialis\u00e9s ou l\u00e9gislations. \u00a0L\u2019IRBAB ne peut en aucun cas \u00eatre tenu pour responsable de son utilisation et des cons\u00e9quences qui en d\u00e9couleraient.<\/p>\n<\/div>\n<div class=\"su-tabs-pane su-u-clearfix su-u-trim\" data-title=\"Utilisation du module\">\n<p>Le calcul th\u00e9orique de la dose de fumure azot\u00e9e \u00e0 apporter \u00e0 la betterave (Nth\u00e9or) est \u00e9tabli par l&#8217;\u00e9quation de bilan suivante :<\/p>\n<p align=\"center\"><strong>Nth\u00e9or = SOL + PART + PREC + EVERT + MORG + CORR. <\/strong><\/p>\n<p>Les valeurs \u00e0 utiliser pour les composants SOL, PART, PREC, EVERT et MORG sont d\u00e9termin\u00e9es par les facteurs introduits dans le module. La valeur du composant CORR est propos\u00e9e chaque ann\u00e9e par l&#8217;IRBAB.<br \/>\nPour chacun des composants, cliquer sur l&#8217;option applicable \u00e0 votre situation. Les options sont visualis\u00e9es en cliquant sur la fl\u00e8che \u00e0 c\u00f4t\u00e9 de la case vide.<br \/>\nApr\u00e8s avoir introduit tous les composants, cliquer \u00e0 la fin de la page sur le bouton &#8220;calcul NTheor&#8221;. Pour un nouveau calcul, cliquer sur le bouton &#8220;nouveau calcul&#8221;.<br \/>\nLe module propose un conseil th\u00e9orique en additionnant les diff\u00e9rents \u00e9l\u00e9ments \u00e0 sp\u00e9cifier. La dose th\u00e9orique est maintenue \u00e0 +30 U N\/ha, lorsque la valeur finale calcul\u00e9e est comprise entre +30 U N\/ha et -50 U N\/ha. Cette dose sera favorable au d\u00e9marrage de la culture, si n\u00e9cessaire. La dose th\u00e9orique est fix\u00e9e \u00e0 0 U N\/ha lorsque la valeur finale calcul\u00e9e est inf\u00e9rieure \u00e0 -50 U N\/ha.<\/p>\n<p>Un module de calcul th\u00e9orique de la dose de fumure azot\u00e9e \u00e0 apporter au ma\u00efs, \u00e9galement \u00e9tabli selon un calcul de bilan, est disponible sur le site du CIPF (<a href=\"http:\/\/cipf.be\/fr\/mais\/fertilisation\/azomais\" target=\"_blank\" rel=\"noopener\">Programme Azo-Ma\u00efs<\/a>).<br \/>\nUn module de calcul th\u00e9orique de la dose de fumure azot\u00e9e \u00e0 apporter \u00e0 diff\u00e9rentes cultures, \u00e9galement \u00e9tabli selon un calcul de bilan, est disponible sur le site de <a href=\"https:\/\/www.protecteau.be\/fr\/ferti-culture\">Protect&#8217;eau<\/a>).<\/p>\n<\/div>\n<div class=\"su-tabs-pane su-u-clearfix su-u-trim\" data-title=\"Conseils g\u00e9n\u00e9raux\">\n<p>Ne pas d\u00e9passer la dose de 140 U N\/ha au moment du semis. Le surplus \u00e9ventuel dans ce cas sera appliqu\u00e9 \u00e0 partir du stade 2-4-feuilles de la betterave.<\/p>\n<p>La technique de l&#8217;application localis\u00e9e de l&#8217;azote au moment du semis permet une r\u00e9duction de 20 \u00e0 30 % de la dose \u00e0 appliquer, dans le cas de terres non n\u00e9matod\u00e9es.<\/p>\n<p>De plus amples informations sur la fumure azot\u00e9e de la betterave vous sont pr\u00e9sent\u00e9es dans le Guide Technique de l\u2019IRBAB : &#8220;<a tabindex=\"0\" title=\"Guide technique : Fumure azot\u00e9e en betterave sucri\u00e8re\" href=\"https:\/\/www.irbab-kbivb.be\/wp-content\/uploads\/2015\/10\/GuideAzote.pdf\" target=\"_blank\" rel=\"noopener\">Fumure azot\u00e9e en betterave sucri\u00e8re<\/a>&#8220;.<\/p>\n<\/div><\/div><\/div>\n","protected":false},"excerpt":{"rendered":"<p>Cliquez ici pour lancer le programme<\/p>\n","protected":false},"author":3,"featured_media":0,"parent":382,"menu_order":0,"comment_status":"closed","ping_status":"closed","template":"","meta":{"iawp_total_views":0,"footnotes":""},"class_list":["post-926","page","type-page","status-publish","hentry"],"yoast_head":"<!-- This site is optimized with the Yoast SEO plugin v27.5 - https:\/\/yoast.com\/product\/yoast-seo-wordpress\/ -->\n<title>Module Fumure azot\u00e9e min\u00e9rale - IRBAB-KBIVB<\/title>\n<meta name=\"robots\" content=\"index, follow, max-snippet:-1, max-image-preview:large, max-video-preview:-1\" \/>\n<link rel=\"canonical\" href=\"https:\/\/www.irbab-kbivb.be\/fr\/publications\/modules-apps-en-ligne\/module-fumure-azotee-minerale\/\" \/>\n<meta property=\"og:locale\" content=\"fr_FR\" \/>\n<meta property=\"og:type\" content=\"article\" \/>\n<meta property=\"og:title\" content=\"Module Fumure azot\u00e9e min\u00e9rale - IRBAB-KBIVB\" \/>\n<meta property=\"og:description\" content=\"Cliquez ici pour lancer le programme\" \/>\n<meta property=\"og:url\" content=\"https:\/\/www.irbab-kbivb.be\/fr\/publications\/modules-apps-en-ligne\/module-fumure-azotee-minerale\/\" \/>\n<meta property=\"og:site_name\" content=\"IRBAB-KBIVB\" \/>\n<meta property=\"article:modified_time\" content=\"2026-04-03T13:22:58+00:00\" \/>\n<meta name=\"twitter:card\" content=\"summary_large_image\" \/>\n<meta name=\"twitter:label1\" content=\"Dur\u00e9e de lecture estim\u00e9e\" \/>\n\t<meta name=\"twitter:data1\" content=\"3 minutes\" \/>\n<script type=\"application\/ld+json\" class=\"yoast-schema-graph\">{\"@context\":\"https:\\\/\\\/schema.org\",\"@graph\":[{\"@type\":\"WebPage\",\"@id\":\"https:\\\/\\\/www.irbab-kbivb.be\\\/fr\\\/publications\\\/modules-apps-en-ligne\\\/module-fumure-azotee-minerale\\\/\",\"url\":\"https:\\\/\\\/www.irbab-kbivb.be\\\/fr\\\/publications\\\/modules-apps-en-ligne\\\/module-fumure-azotee-minerale\\\/\",\"name\":\"Module Fumure azot\u00e9e min\u00e9rale - IRBAB-KBIVB\",\"isPartOf\":{\"@id\":\"https:\\\/\\\/www.irbab-kbivb.be\\\/#website\"},\"datePublished\":\"2015-08-20T13:10:34+00:00\",\"dateModified\":\"2026-04-03T13:22:58+00:00\",\"breadcrumb\":{\"@id\":\"https:\\\/\\\/www.irbab-kbivb.be\\\/fr\\\/publications\\\/modules-apps-en-ligne\\\/module-fumure-azotee-minerale\\\/#breadcrumb\"},\"inLanguage\":\"fr-FR\",\"potentialAction\":[{\"@type\":\"ReadAction\",\"target\":[\"https:\\\/\\\/www.irbab-kbivb.be\\\/fr\\\/publications\\\/modules-apps-en-ligne\\\/module-fumure-azotee-minerale\\\/\"]}]},{\"@type\":\"BreadcrumbList\",\"@id\":\"https:\\\/\\\/www.irbab-kbivb.be\\\/fr\\\/publications\\\/modules-apps-en-ligne\\\/module-fumure-azotee-minerale\\\/#breadcrumb\",\"itemListElement\":[{\"@type\":\"ListItem\",\"position\":1,\"name\":\"Home\",\"item\":\"https:\\\/\\\/www.irbab-kbivb.be\\\/fr\\\/\"},{\"@type\":\"ListItem\",\"position\":2,\"name\":\"Publications\",\"item\":\"https:\\\/\\\/www.irbab-kbivb.be\\\/fr\\\/publications\\\/\"},{\"@type\":\"ListItem\",\"position\":3,\"name\":\"Modules\\\/Apps en ligne\",\"item\":\"https:\\\/\\\/www.irbab-kbivb.be\\\/fr\\\/publications\\\/modules-apps-en-ligne\\\/\"},{\"@type\":\"ListItem\",\"position\":4,\"name\":\"Module Fumure azot\u00e9e min\u00e9rale\"}]},{\"@type\":\"WebSite\",\"@id\":\"https:\\\/\\\/www.irbab-kbivb.be\\\/#website\",\"url\":\"https:\\\/\\\/www.irbab-kbivb.be\\\/\",\"name\":\"IRBAB-KBIVB\",\"description\":\"Koninklijk Belgisch Instituut tot Verbetering van de Biet vzw | Institut Royal Belge pour l&#039;Am\u00e9lioration de la Betterave asbl\",\"potentialAction\":[{\"@type\":\"SearchAction\",\"target\":{\"@type\":\"EntryPoint\",\"urlTemplate\":\"https:\\\/\\\/www.irbab-kbivb.be\\\/?s={search_term_string}\"},\"query-input\":{\"@type\":\"PropertyValueSpecification\",\"valueRequired\":true,\"valueName\":\"search_term_string\"}}],\"inLanguage\":\"fr-FR\"}]}<\/script>\n<!-- \/ Yoast SEO plugin. -->","yoast_head_json":{"title":"Module Fumure azot\u00e9e min\u00e9rale - IRBAB-KBIVB","robots":{"index":"index","follow":"follow","max-snippet":"max-snippet:-1","max-image-preview":"max-image-preview:large","max-video-preview":"max-video-preview:-1"},"canonical":"https:\/\/www.irbab-kbivb.be\/fr\/publications\/modules-apps-en-ligne\/module-fumure-azotee-minerale\/","og_locale":"fr_FR","og_type":"article","og_title":"Module Fumure azot\u00e9e min\u00e9rale - IRBAB-KBIVB","og_description":"Cliquez ici pour lancer le programme","og_url":"https:\/\/www.irbab-kbivb.be\/fr\/publications\/modules-apps-en-ligne\/module-fumure-azotee-minerale\/","og_site_name":"IRBAB-KBIVB","article_modified_time":"2026-04-03T13:22:58+00:00","twitter_card":"summary_large_image","twitter_misc":{"Dur\u00e9e de lecture estim\u00e9e":"3 minutes"},"schema":{"@context":"https:\/\/schema.org","@graph":[{"@type":"WebPage","@id":"https:\/\/www.irbab-kbivb.be\/fr\/publications\/modules-apps-en-ligne\/module-fumure-azotee-minerale\/","url":"https:\/\/www.irbab-kbivb.be\/fr\/publications\/modules-apps-en-ligne\/module-fumure-azotee-minerale\/","name":"Module Fumure azot\u00e9e min\u00e9rale - IRBAB-KBIVB","isPartOf":{"@id":"https:\/\/www.irbab-kbivb.be\/#website"},"datePublished":"2015-08-20T13:10:34+00:00","dateModified":"2026-04-03T13:22:58+00:00","breadcrumb":{"@id":"https:\/\/www.irbab-kbivb.be\/fr\/publications\/modules-apps-en-ligne\/module-fumure-azotee-minerale\/#breadcrumb"},"inLanguage":"fr-FR","potentialAction":[{"@type":"ReadAction","target":["https:\/\/www.irbab-kbivb.be\/fr\/publications\/modules-apps-en-ligne\/module-fumure-azotee-minerale\/"]}]},{"@type":"BreadcrumbList","@id":"https:\/\/www.irbab-kbivb.be\/fr\/publications\/modules-apps-en-ligne\/module-fumure-azotee-minerale\/#breadcrumb","itemListElement":[{"@type":"ListItem","position":1,"name":"Home","item":"https:\/\/www.irbab-kbivb.be\/fr\/"},{"@type":"ListItem","position":2,"name":"Publications","item":"https:\/\/www.irbab-kbivb.be\/fr\/publications\/"},{"@type":"ListItem","position":3,"name":"Modules\/Apps en ligne","item":"https:\/\/www.irbab-kbivb.be\/fr\/publications\/modules-apps-en-ligne\/"},{"@type":"ListItem","position":4,"name":"Module Fumure azot\u00e9e min\u00e9rale"}]},{"@type":"WebSite","@id":"https:\/\/www.irbab-kbivb.be\/#website","url":"https:\/\/www.irbab-kbivb.be\/","name":"IRBAB-KBIVB","description":"Koninklijk Belgisch Instituut tot Verbetering van de Biet vzw | Institut Royal Belge pour l&#039;Am\u00e9lioration de la Betterave asbl","potentialAction":[{"@type":"SearchAction","target":{"@type":"EntryPoint","urlTemplate":"https:\/\/www.irbab-kbivb.be\/?s={search_term_string}"},"query-input":{"@type":"PropertyValueSpecification","valueRequired":true,"valueName":"search_term_string"}}],"inLanguage":"fr-FR"}]}},"_links":{"self":[{"href":"https:\/\/www.irbab-kbivb.be\/fr\/wp-json\/wp\/v2\/pages\/926","targetHints":{"allow":["GET"]}}],"collection":[{"href":"https:\/\/www.irbab-kbivb.be\/fr\/wp-json\/wp\/v2\/pages"}],"about":[{"href":"https:\/\/www.irbab-kbivb.be\/fr\/wp-json\/wp\/v2\/types\/page"}],"author":[{"embeddable":true,"href":"https:\/\/www.irbab-kbivb.be\/fr\/wp-json\/wp\/v2\/users\/3"}],"replies":[{"embeddable":true,"href":"https:\/\/www.irbab-kbivb.be\/fr\/wp-json\/wp\/v2\/comments?post=926"}],"version-history":[{"count":2,"href":"https:\/\/www.irbab-kbivb.be\/fr\/wp-json\/wp\/v2\/pages\/926\/revisions"}],"predecessor-version":[{"id":27789,"href":"https:\/\/www.irbab-kbivb.be\/fr\/wp-json\/wp\/v2\/pages\/926\/revisions\/27789"}],"up":[{"embeddable":true,"href":"https:\/\/www.irbab-kbivb.be\/fr\/wp-json\/wp\/v2\/pages\/382"}],"wp:attachment":[{"href":"https:\/\/www.irbab-kbivb.be\/fr\/wp-json\/wp\/v2\/media?parent=926"}],"curies":[{"name":"wp","href":"https:\/\/api.w.org\/{rel}","templated":true}]}}