{"id":917,"date":"2015-08-20T12:32:03","date_gmt":"2015-08-20T12:32:03","guid":{"rendered":"http:\/\/kbivb.mailbox-belgium.com\/fr\/?page_id=917"},"modified":"2017-03-15T08:37:17","modified_gmt":"2017-03-15T07:37:17","slug":"module-pk-irbab","status":"publish","type":"page","link":"https:\/\/www.irbab-kbivb.be\/fr\/publications\/modules-apps-en-ligne\/module-pk-irbab\/","title":{"rendered":"Module PK IRBAB"},"content":{"rendered":"<p><a href=\"https:\/\/www.irbab-kbivb.be\/modules\/pkadvies\/src\/pkadvies.php?Lng=fr\" target=\"_blank\">Cliquez ici pour lancer le programme\u00a0<\/a><\/p>\n<div class=\"su-tabs su-tabs-style-default su-tabs-mobile-stack\" data-active=\"1\" data-scroll-offset=\"0\" data-anchor-in-url=\"no\"><div class=\"su-tabs-nav\"><span class=\"\" data-url=\"\" data-target=\"blank\" tabindex=\"0\" role=\"button\">Pr\u00e9ambule<\/span><span class=\"\" data-url=\"\" data-target=\"blank\" tabindex=\"0\" role=\"button\">Mode d'emploi du module<\/span><\/div><div class=\"su-tabs-panes\"><div class=\"su-tabs-pane su-u-clearfix su-u-trim\" data-title=\"Pr\u00e9ambule\">\n<p>L&rsquo;IRBAB a mis \u00e0 disposition plusieurs modules d&rsquo;aide \u00e0 la d\u00e9cision ou d&rsquo;aide \u00e0 l&rsquo;identification sur la page d&rsquo;accueil de son site Internet. Ces modules sont r\u00e9guli\u00e8rement consult\u00e9s par les betteraviers et par leurs conseillers. Un nouveau module vient d&rsquo;\u00eatre plac\u00e9 sur le site de l&rsquo;IRBAB\u00a0: le \u00ab\u00a0Module PK IRBAB\u00a0\u00bb.<\/p>\n<p>Le \u00ab\u00a0Module PK IRBAB\u00a0\u00bb permet d&rsquo;\u00e9tablir un bilan th\u00e9orique en P2O5 et en K2O entre les exportations faites par les cultures et les apports (organiques et\/ou min\u00e9raux) r\u00e9alis\u00e9s pendant les ann\u00e9es pr\u00e9c\u00e9dentes (1, 2 ou 3 ans au choix), selon des valeurs moyennes propos\u00e9es pour la Wallonie.<br \/>\nLe bilan obtenu (diff\u00e9rence entre pertes et apports) permet de situer les niveaux d&rsquo;apports \u00e0 r\u00e9aliser pour l&rsquo;ann\u00e9e \u00e0 venir, pour maintenir au mieux les teneurs en P2O5 et en K2O \u00e0 un niveau similaire \u00e0 celui pr\u00e9sent th\u00e9oriquement au d\u00e9but de la p\u00e9riode d\u00e9finie pour le calcul.<br \/>\nLe \u00ab\u00a0Module PK IRBAB\u00a0\u00bb ne remplace pas un avis de fumure PK bas\u00e9 sur une analyse de sol (id\u00e9alement r\u00e9alis\u00e9e tous les 3 ans) et destin\u00e9 \u00e0 la culture \u00e0 venir. Un avis de fumure PK tient compte non seulement des quantit\u00e9s de P2O5 et de K2O pr\u00e9sentes dans le sol, mais \u00e9galement de leurs disponibilit\u00e9s (fonction du pH, de la texture,&#8230;).<br \/>\nDans bien des cas en Belgique, cette offre est\u00a0 tr\u00e8s importante et peut compenser compl\u00e8tement les exportations faites par les r\u00e9coltes des quelques ann\u00e9es ant\u00e9rieures. C&rsquo;est ainsi le cas de certains sols belges qui pr\u00e9sentent des quantit\u00e9s importantes de phosphore disponible. \u00c0 l&rsquo;inverse, certaines terres peuvent \u00eatre d\u00e9ficitaires en P2O5 (et\/ou en K2O). Ces terres n\u00e9cessitent des analyses et des recommandations r\u00e9guli\u00e8res (sols sablonneux, &#8230;). Il conviendra dans ces deux cas de r\u00e9aliser r\u00e9guli\u00e8rement des analyses de sol pour situer la disponibilit\u00e9 de ces deux \u00e9l\u00e9ments pour la culture (de betterave) \u00e0 venir.<br \/>\nIl sera toujours recommand\u00e9 de comparer les r\u00e9sultats du calcul th\u00e9orique avec ceux des recommandations faites apr\u00e8s analyse de sol.<\/p>\n<p>Le \u00ab\u00a0Module PK IRBAB\u00a0\u00bb a \u00e9t\u00e9\u00a0 r\u00e9alis\u00e9 en collaboration avec des sp\u00e9cialistes de Requasud, Nitrawal, CPL-V\u00e9g\u00e9mar (Waremme), du VLM (Vlaamse Landmaatschappij) et du BDB (Service P\u00e9dologique de Belgique, Heverlee). Nous les remercions ici encore pour leur contribution.<br \/>\nLe \u00ab\u00a0Module PK IRBAB\u00a0\u00bb a \u00e9t\u00e9 r\u00e9alis\u00e9 dans le cadre du programme PVBC (Programme Vulgarisation Betterave Chicor\u00e9e). En ce sens, il a re\u00e7u une subvention du Minist\u00e8re de l&rsquo;Agriculture Wallon (SPW &#8211; DGARNE) et du Minist\u00e8re de l&rsquo;Agriculture Flamand (Vo &#8211; Departement Landbouw en Visserij, Afdeling Voorlichting, Doelgroepenbeleid en Kwaliteit Plant) pour sa r\u00e9alisation.<\/p>\n<p><span style=\"line-height: 1.5;\"><\/div>\n<div class=\"su-tabs-pane su-u-clearfix su-u-trim\" data-title=\"Mode d&#039;emploi du module\">\n<p>Toutes les valeurs propos\u00e9es par d\u00e9faut (cases blanches) dans le \u00ab\u00a0Module PK IRBAB\u00a0\u00bb sont des valeurs moyennes, correspondant souvent aux valeurs propos\u00e9es dans les l\u00e9gislations r\u00e9gionales belges. Toutes ces valeurs peuvent \u00eatre adapt\u00e9es par l&rsquo;utilisateur lorsqu&rsquo;il dispose de ses propres donn\u00e9es d&rsquo;analyses. Une fourchette de valeurs est indiqu\u00e9e pour illustrer les variations de valeurs qui peuvent \u00eatre rencontr\u00e9es dans d&rsquo;autres textes sp\u00e9cialis\u00e9s ou pour d&rsquo;autres r\u00e9gions, hors Belgique.<\/p>\n<p>NB\u00a0: Pour toutes les cases \u00e0 cocher du module, si vous cochez une case par erreur (ou juste \u00ab\u00a0pour voir\u00a0\u00bb), n&rsquo;oubliez pas de la d\u00e9sactiver pour ne pas conserver la valeur correspondante dans le calcul final.<\/p>\n<p><strong>1. <u>Ann\u00e9e consid\u00e9r\u00e9e<\/u> :<\/strong> L&rsquo;ann\u00e9e pour laquelle le calcul du bilan PK est \u00e9tabli s&rsquo;affiche automatiquement. Elle correspond \u00e0 l&rsquo;ann\u00e9e de culture (betteravi\u00e8re) qui sera mise en place au printemps de la prochaine ann\u00e9e, puisque les apports de P et K sont majoritairement effectu\u00e9s en \u00e9t\u00e9, apr\u00e8s la r\u00e9colte du pr\u00e9c\u00e9dent (cas de la c\u00e9r\u00e9ale).<\/p>\n<p><strong>2. <u>Nombres d&rsquo;ann\u00e9es ant\u00e9rieures \u00e0 utiliser pour le calcul<\/u>\u00a0:<\/strong> Choisissez le nombre d&rsquo;ann\u00e9es ant\u00e9rieures sur base desquelles le calcul sera effectu\u00e9 (1, 2 ou 3 ans).<\/p>\n<p><strong>3. <u>Pertes naturelles<\/u>\u00a0:<\/strong> Une perte naturelle (lessivage) est propos\u00e9e selon le type de sol\u00a0(limoneux ou sablonneux). Choisissez votre type de sol. Le Module calcule automatiquement la perte totale selon le nombre d&rsquo;ann\u00e9es choisi.<u><\/u><\/p>\n<p><strong>4. <u>Exportation selon culture r\u00e9colt\u00e9e en<\/u>\u00a0:<\/strong> Selon le nombre d&rsquo;ann\u00e9es ant\u00e9rieures choisi, le module affiche automatiquement 1, 2 ou 3 fois cette rubrique pour les 1, 2 ou 3 ann\u00e9es ant\u00e9rieures (l&rsquo;ann\u00e9e est automatiquement sp\u00e9cifi\u00e9e). Les cultures propos\u00e9es dans le module sont regroup\u00e9es en 4 cat\u00e9gories\u00a0: c\u00e9r\u00e9ales, cultures industrielles, cultures mara\u00eech\u00e8res, autres cultures. En cochant l&rsquo;une de ces cases, vous d\u00e9couvrez le d\u00e9tail des diff\u00e9rentes cultures de la rubrique.<br \/>\nLors de la s\u00e9lection d&rsquo;une culture c\u00e9r\u00e9ali\u00e8re, <strong>vous devez \u00e0 chaque fois sp\u00e9cifier si les pailles de c\u00e9r\u00e9ales ont \u00e9t\u00e9 enlev\u00e9es.<\/strong><br \/>\nLes pertes correspondantes s&lsquo;affichent n\u00e9gativement et en rouge \u00e0 chaque \u00e9tape. Le total g\u00e9n\u00e9ral (pertes naturelles + exportation par les cultures) s&rsquo;affiche en bas de cette rubrique, en kg\/ha pour le\u00a0 P2O5 et le K2O.<\/p>\n<p><strong>5. <u>Apports r\u00e9alis\u00e9s via les mati\u00e8res organiques et les engrais min\u00e9raux utilis\u00e9s selon le nombre d&rsquo;ann\u00e9es choisi<\/u>\u00a0:<\/strong> Selon le nombre d&rsquo;ann\u00e9es ant\u00e9rieures choisi, le module affiche automatiquement 1, 2 ou 3 fois cette rubrique pour les 1, 2 ou 3 ann\u00e9es ant\u00e9rieures (l&rsquo;ann\u00e9e est automatiquement sp\u00e9cifi\u00e9e). Les apports propos\u00e9s dans le module sont regroup\u00e9es en 6 cat\u00e9gories selon leur origine\u00a0: \u00e9levage bovin, \u00e9levage porcin, \u00e9levage de volailles, autres \u00e9levages, autres produits organiques, autres produits min\u00e9raux. En cochant l&rsquo;une de ces cases, vous d\u00e9couvrez le d\u00e9tail des diff\u00e9rentes formes de mati\u00e8res de la rubrique.<br \/>\nLors de la s\u00e9lection de ces diff\u00e9rentes possibilit\u00e9s, <strong>vous devez \u00e0 chaque fois pr\u00e9cisez les quantit\u00e9s apport\u00e9es (t\/ha).<\/strong><br \/>\nLe calcul s&rsquo;effectue automatiquement pour chaque tonnage d&rsquo;apport r\u00e9alis\u00e9.<br \/>\nDans chacune de ces rubriques, vous avez la possibilit\u00e9 de sp\u00e9cifier vos propres valeurs si vous disposez d&rsquo;un r\u00e9sultat d&rsquo;analyses pour le\u00a0 P2O5 et le K2O. Cette option est \u00e9galement disponible plusieurs fois dans \u00ab\u00a0autre produit organique\u00a0\u00bb et \u00ab\u00a0autre produit min\u00e9ral\u00a0\u00bb.<br \/>\nLes quantit\u00e9s d&rsquo;apports correspondants s&lsquo;additionnent et s&rsquo;affichent au fur et \u00e0 mesure en vert (Total g\u00e9n\u00e9ral des apports).<br \/>\nLe total g\u00e9n\u00e9ral (pertes naturelles + exportation par les cultures) s&rsquo;affiche en bas de cette rubrique, en kg\/ha pour le\u00a0 P2O5 et le K2O.<\/p>\n<p>Le Module \u00e9tabli directement la diff\u00e9rence entre les pertes et les apports. Les quantit\u00e9s d&rsquo;\u00a0\u00ab\u00a0apport min\u00e9ral \u00e0 r\u00e9aliser th\u00e9oriquement pour le nombre d&rsquo;ann\u00e9es choisi\u00a0\u00bb s&rsquo;affichent en vert. Elles s&rsquo;affichent en rouge (et n\u00e9gativement) si la diff\u00e9rence est n\u00e9gative (= apports th\u00e9oriquement plus importants que les pertes). Ces doses correspondent \u00e0 ce qui devrait \u00eatre apport\u00e9 pour ramener les teneurs en P2O5 et en K2O \u00e0 leurs valeurs ant\u00e9rieures (selon le nombre d&rsquo;ann\u00e9es choisi). Il ne s&rsquo;agit pas d&rsquo;un avis de fumure PK pour la culture \u00e0 venir.<\/p>\n<p>La dose d\u00e9termin\u00e9e par le calcul de ce bilan th\u00e9orique ne peut, bien \u00e9videmment, pas tenir compte des limitations l\u00e9gales en vigueur dans votre r\u00e9gion. L&rsquo;IRBAB ne peut en aucun cas \u00eatre tenu pour responsable des cons\u00e9quences qui d\u00e9couleraient de l&rsquo;utilisation de ce module.<\/p>\n<\/div><\/div><\/div>\n<p>&nbsp;<\/p>\n","protected":false},"excerpt":{"rendered":"<p>Cliquez ici pour lancer le programme\u00a0 &nbsp;<\/p>\n","protected":false},"author":3,"featured_media":0,"parent":382,"menu_order":0,"comment_status":"closed","ping_status":"closed","template":"","meta":{"iawp_total_views":0,"footnotes":""},"class_list":["post-917","page","type-page","status-publish","hentry"],"yoast_head":"<!-- This site is optimized with the Yoast SEO plugin v27.5 - https:\/\/yoast.com\/product\/yoast-seo-wordpress\/ -->\n<title>Module PK IRBAB - IRBAB-KBIVB<\/title>\n<meta name=\"robots\" content=\"index, follow, max-snippet:-1, max-image-preview:large, max-video-preview:-1\" \/>\n<link rel=\"canonical\" href=\"https:\/\/www.irbab-kbivb.be\/fr\/publications\/modules-apps-en-ligne\/module-pk-irbab\/\" \/>\n<meta property=\"og:locale\" content=\"fr_FR\" \/>\n<meta property=\"og:type\" content=\"article\" \/>\n<meta property=\"og:title\" content=\"Module PK IRBAB - IRBAB-KBIVB\" \/>\n<meta property=\"og:description\" content=\"Cliquez ici pour lancer le programme\u00a0 &nbsp;\" \/>\n<meta property=\"og:url\" content=\"https:\/\/www.irbab-kbivb.be\/fr\/publications\/modules-apps-en-ligne\/module-pk-irbab\/\" \/>\n<meta property=\"og:site_name\" content=\"IRBAB-KBIVB\" \/>\n<meta property=\"article:modified_time\" content=\"2017-03-15T07:37:17+00:00\" \/>\n<meta name=\"twitter:card\" content=\"summary_large_image\" \/>\n<meta name=\"twitter:label1\" content=\"Dur\u00e9e de lecture estim\u00e9e\" \/>\n\t<meta name=\"twitter:data1\" content=\"7 minutes\" \/>\n<script type=\"application\/ld+json\" class=\"yoast-schema-graph\">{\"@context\":\"https:\\\/\\\/schema.org\",\"@graph\":[{\"@type\":\"WebPage\",\"@id\":\"https:\\\/\\\/www.irbab-kbivb.be\\\/fr\\\/publications\\\/modules-apps-en-ligne\\\/module-pk-irbab\\\/\",\"url\":\"https:\\\/\\\/www.irbab-kbivb.be\\\/fr\\\/publications\\\/modules-apps-en-ligne\\\/module-pk-irbab\\\/\",\"name\":\"Module PK IRBAB - IRBAB-KBIVB\",\"isPartOf\":{\"@id\":\"https:\\\/\\\/www.irbab-kbivb.be\\\/#website\"},\"datePublished\":\"2015-08-20T12:32:03+00:00\",\"dateModified\":\"2017-03-15T07:37:17+00:00\",\"breadcrumb\":{\"@id\":\"https:\\\/\\\/www.irbab-kbivb.be\\\/fr\\\/publications\\\/modules-apps-en-ligne\\\/module-pk-irbab\\\/#breadcrumb\"},\"inLanguage\":\"fr-FR\",\"potentialAction\":[{\"@type\":\"ReadAction\",\"target\":[\"https:\\\/\\\/www.irbab-kbivb.be\\\/fr\\\/publications\\\/modules-apps-en-ligne\\\/module-pk-irbab\\\/\"]}]},{\"@type\":\"BreadcrumbList\",\"@id\":\"https:\\\/\\\/www.irbab-kbivb.be\\\/fr\\\/publications\\\/modules-apps-en-ligne\\\/module-pk-irbab\\\/#breadcrumb\",\"itemListElement\":[{\"@type\":\"ListItem\",\"position\":1,\"name\":\"Home\",\"item\":\"https:\\\/\\\/www.irbab-kbivb.be\\\/fr\\\/\"},{\"@type\":\"ListItem\",\"position\":2,\"name\":\"Publications\",\"item\":\"https:\\\/\\\/www.irbab-kbivb.be\\\/fr\\\/publications\\\/\"},{\"@type\":\"ListItem\",\"position\":3,\"name\":\"Modules\\\/Apps en ligne\",\"item\":\"https:\\\/\\\/www.irbab-kbivb.be\\\/fr\\\/publications\\\/modules-apps-en-ligne\\\/\"},{\"@type\":\"ListItem\",\"position\":4,\"name\":\"Module PK IRBAB\"}]},{\"@type\":\"WebSite\",\"@id\":\"https:\\\/\\\/www.irbab-kbivb.be\\\/#website\",\"url\":\"https:\\\/\\\/www.irbab-kbivb.be\\\/\",\"name\":\"IRBAB-KBIVB\",\"description\":\"Koninklijk Belgisch Instituut tot Verbetering van de Biet vzw | Institut Royal Belge pour l&#039;Am\u00e9lioration de la Betterave asbl\",\"potentialAction\":[{\"@type\":\"SearchAction\",\"target\":{\"@type\":\"EntryPoint\",\"urlTemplate\":\"https:\\\/\\\/www.irbab-kbivb.be\\\/?s={search_term_string}\"},\"query-input\":{\"@type\":\"PropertyValueSpecification\",\"valueRequired\":true,\"valueName\":\"search_term_string\"}}],\"inLanguage\":\"fr-FR\"}]}<\/script>\n<!-- \/ Yoast SEO plugin. -->","yoast_head_json":{"title":"Module PK IRBAB - IRBAB-KBIVB","robots":{"index":"index","follow":"follow","max-snippet":"max-snippet:-1","max-image-preview":"max-image-preview:large","max-video-preview":"max-video-preview:-1"},"canonical":"https:\/\/www.irbab-kbivb.be\/fr\/publications\/modules-apps-en-ligne\/module-pk-irbab\/","og_locale":"fr_FR","og_type":"article","og_title":"Module PK IRBAB - IRBAB-KBIVB","og_description":"Cliquez ici pour lancer le programme\u00a0 &nbsp;","og_url":"https:\/\/www.irbab-kbivb.be\/fr\/publications\/modules-apps-en-ligne\/module-pk-irbab\/","og_site_name":"IRBAB-KBIVB","article_modified_time":"2017-03-15T07:37:17+00:00","twitter_card":"summary_large_image","twitter_misc":{"Dur\u00e9e de lecture estim\u00e9e":"7 minutes"},"schema":{"@context":"https:\/\/schema.org","@graph":[{"@type":"WebPage","@id":"https:\/\/www.irbab-kbivb.be\/fr\/publications\/modules-apps-en-ligne\/module-pk-irbab\/","url":"https:\/\/www.irbab-kbivb.be\/fr\/publications\/modules-apps-en-ligne\/module-pk-irbab\/","name":"Module PK IRBAB - IRBAB-KBIVB","isPartOf":{"@id":"https:\/\/www.irbab-kbivb.be\/#website"},"datePublished":"2015-08-20T12:32:03+00:00","dateModified":"2017-03-15T07:37:17+00:00","breadcrumb":{"@id":"https:\/\/www.irbab-kbivb.be\/fr\/publications\/modules-apps-en-ligne\/module-pk-irbab\/#breadcrumb"},"inLanguage":"fr-FR","potentialAction":[{"@type":"ReadAction","target":["https:\/\/www.irbab-kbivb.be\/fr\/publications\/modules-apps-en-ligne\/module-pk-irbab\/"]}]},{"@type":"BreadcrumbList","@id":"https:\/\/www.irbab-kbivb.be\/fr\/publications\/modules-apps-en-ligne\/module-pk-irbab\/#breadcrumb","itemListElement":[{"@type":"ListItem","position":1,"name":"Home","item":"https:\/\/www.irbab-kbivb.be\/fr\/"},{"@type":"ListItem","position":2,"name":"Publications","item":"https:\/\/www.irbab-kbivb.be\/fr\/publications\/"},{"@type":"ListItem","position":3,"name":"Modules\/Apps en ligne","item":"https:\/\/www.irbab-kbivb.be\/fr\/publications\/modules-apps-en-ligne\/"},{"@type":"ListItem","position":4,"name":"Module PK IRBAB"}]},{"@type":"WebSite","@id":"https:\/\/www.irbab-kbivb.be\/#website","url":"https:\/\/www.irbab-kbivb.be\/","name":"IRBAB-KBIVB","description":"Koninklijk Belgisch Instituut tot Verbetering van de Biet vzw | Institut Royal Belge pour l&#039;Am\u00e9lioration de la Betterave asbl","potentialAction":[{"@type":"SearchAction","target":{"@type":"EntryPoint","urlTemplate":"https:\/\/www.irbab-kbivb.be\/?s={search_term_string}"},"query-input":{"@type":"PropertyValueSpecification","valueRequired":true,"valueName":"search_term_string"}}],"inLanguage":"fr-FR"}]}},"_links":{"self":[{"href":"https:\/\/www.irbab-kbivb.be\/fr\/wp-json\/wp\/v2\/pages\/917","targetHints":{"allow":["GET"]}}],"collection":[{"href":"https:\/\/www.irbab-kbivb.be\/fr\/wp-json\/wp\/v2\/pages"}],"about":[{"href":"https:\/\/www.irbab-kbivb.be\/fr\/wp-json\/wp\/v2\/types\/page"}],"author":[{"embeddable":true,"href":"https:\/\/www.irbab-kbivb.be\/fr\/wp-json\/wp\/v2\/users\/3"}],"replies":[{"embeddable":true,"href":"https:\/\/www.irbab-kbivb.be\/fr\/wp-json\/wp\/v2\/comments?post=917"}],"version-history":[{"count":2,"href":"https:\/\/www.irbab-kbivb.be\/fr\/wp-json\/wp\/v2\/pages\/917\/revisions"}],"predecessor-version":[{"id":9132,"href":"https:\/\/www.irbab-kbivb.be\/fr\/wp-json\/wp\/v2\/pages\/917\/revisions\/9132"}],"up":[{"embeddable":true,"href":"https:\/\/www.irbab-kbivb.be\/fr\/wp-json\/wp\/v2\/pages\/382"}],"wp:attachment":[{"href":"https:\/\/www.irbab-kbivb.be\/fr\/wp-json\/wp\/v2\/media?parent=917"}],"curies":[{"name":"wp","href":"https:\/\/api.w.org\/{rel}","templated":true}]}}