{"id":8946,"date":"2017-01-27T11:58:27","date_gmt":"2017-01-27T10:58:27","guid":{"rendered":"http:\/\/www.irbab-kbivb.be\/?page_id=8946\/"},"modified":"2017-01-27T12:04:54","modified_gmt":"2017-01-27T11:04:54","slug":"presentations-journees-techniques-lirbab-en-janvier-2017","status":"publish","type":"page","link":"https:\/\/www.irbab-kbivb.be\/fr\/presentations-journees-techniques-lirbab-en-janvier-2017\/","title":{"rendered":"Pr\u00e9sentations Journ\u00e9es techniques de l&#8217;IRBAB en janvier 2017"},"content":{"rendered":"<ul>\n<li><a href=\"https:\/\/www.irbab-kbivb.be\/fr\/structure-lirbab-pour-faire-face-aux-defis-futurs-janvier-2017\/\" target=\"_blank\">Structure de l&rsquo;IRBAB pour faire f\u00e2ce aux d\u00e9fis futurs<\/a> <em>(Jean-Pierre Vandergeten)<\/em><\/li>\n<li><a href=\"https:\/\/www.irbab-kbivb.be\/fr\/importance-du-choix-varietal-sur-base-des-resistancestolerances-et-conform-a-lipm-pour-un-rendement-optimal-janvier-2017\/\" target=\"_blank\">Importance du choix vari\u00e9tal sur base des r\u00e9sistances\/tol\u00e9rances et conform \u00e0 l&rsquo;IPM, pour un rendement optimal<\/a> <em>(Andr\u00e9 Wauters)<\/em><\/li>\n<li><a href=\"https:\/\/www.irbab-kbivb.be\/fr\/adventices-janvier-2017\/\" target=\"_blank\">Adventices<\/a> <em>(Barbara Manderyck)<\/em><\/li>\n<li><a href=\"https:\/\/www.irbab-kbivb.be\/fr\/cercosporiose-dune-intensite-inconnue-en-2016-janvier-2017\/\" target=\"_blank\">Cercosporiose: d&rsquo;une intensit\u00e9 inconnue en 2016<\/a> <em>(Barbara Manderyck)<\/em><\/li>\n<li><a href=\"https:\/\/www.irbab-kbivb.be\/fr\/maladies-et-pourritures-racinaires-identifier-et-diminuer-la-pression-janvier-2017\/\" target=\"_blank\">Maladies et pourritures racinaires: identifier et diminuer la pression<\/a> <em>(Fran\u00e7oise Vancutsem)<\/em><\/li>\n<li><a href=\"https:\/\/www.irbab-kbivb.be\/fr\/conservation-optimale-quels-elements-prendre-en-consideration-janvier-2017\/\" target=\"_blank\">Conservation optimale: quels \u00e9l\u00e9ments prendre en consid\u00e9ration?<\/a> <em>(Fran\u00e7oise Vancutsem)<\/em><\/li>\n<li><a href=\"https:\/\/www.irbab-kbivb.be\/fr\/comment-recolter-des-betteraves-entieres-janvier-2017\/\" target=\"_blank\">Comment r\u00e9colter des betteraves enti\u00e8res?<\/a> <em>(Ronald Euben)<\/em><\/li>\n<li><a href=\"https:\/\/www.irbab-kbivb.be\/fr\/eviter-le-compactage-du-sol-resume-du-seminaire-iirb-janvier-2017\/\" target=\"_blank\">Eviter le compactage du sol &#8211; R\u00e9sum\u00e9 du s\u00e9minaire IIRB<\/a>\u00a0<em>(Ronald Euben)<\/em><\/li>\n<\/ul>\n","protected":false},"excerpt":{"rendered":"<p>Structure de l&rsquo;IRBAB pour faire f\u00e2ce aux d\u00e9fis futurs (Jean-Pierre Vandergeten) Importance du choix vari\u00e9tal sur base des r\u00e9sistances\/tol\u00e9rances et conform \u00e0 l&rsquo;IPM, pour un rendement optimal (Andr\u00e9 Wauters) Adventices (Barbara Manderyck) Cercosporiose: d&rsquo;une intensit\u00e9 inconnue en 2016 (Barbara Manderyck) Maladies et pourritures racinaires: identifier et diminuer la pression (Fran\u00e7oise Vancutsem) Conservation optimale: quels \u00e9l\u00e9ments [&hellip;]<\/p>\n","protected":false},"author":3,"featured_media":0,"parent":0,"menu_order":0,"comment_status":"closed","ping_status":"closed","template":"","meta":{"iawp_total_views":0,"footnotes":""},"class_list":["post-8946","page","type-page","status-publish","hentry"],"yoast_head":"<!-- This site is optimized with the Yoast SEO plugin v27.5 - https:\/\/yoast.com\/product\/yoast-seo-wordpress\/ -->\n<title>Pr\u00e9sentations Journ\u00e9es techniques de l&#039;IRBAB en janvier 2017 - IRBAB-KBIVB<\/title>\n<meta name=\"robots\" content=\"index, follow, max-snippet:-1, max-image-preview:large, max-video-preview:-1\" \/>\n<link rel=\"canonical\" href=\"https:\/\/www.irbab-kbivb.be\/fr\/presentations-journees-techniques-lirbab-en-janvier-2017\/\" \/>\n<meta property=\"og:locale\" content=\"fr_FR\" \/>\n<meta property=\"og:type\" content=\"article\" \/>\n<meta property=\"og:title\" content=\"Pr\u00e9sentations Journ\u00e9es techniques de l&#039;IRBAB en janvier 2017 - IRBAB-KBIVB\" \/>\n<meta property=\"og:description\" content=\"Structure de l&rsquo;IRBAB pour faire f\u00e2ce aux d\u00e9fis futurs (Jean-Pierre Vandergeten) Importance du choix vari\u00e9tal sur base des r\u00e9sistances\/tol\u00e9rances et conform \u00e0 l&rsquo;IPM, pour un rendement optimal (Andr\u00e9 Wauters) Adventices (Barbara Manderyck) Cercosporiose: d&rsquo;une intensit\u00e9 inconnue en 2016 (Barbara Manderyck) Maladies et pourritures racinaires: identifier et diminuer la pression (Fran\u00e7oise Vancutsem) Conservation optimale: quels \u00e9l\u00e9ments [&hellip;]\" \/>\n<meta property=\"og:url\" content=\"https:\/\/www.irbab-kbivb.be\/fr\/presentations-journees-techniques-lirbab-en-janvier-2017\/\" \/>\n<meta property=\"og:site_name\" content=\"IRBAB-KBIVB\" \/>\n<meta property=\"article:modified_time\" content=\"2017-01-27T11:04:54+00:00\" \/>\n<meta name=\"twitter:card\" content=\"summary_large_image\" \/>\n<script type=\"application\/ld+json\" class=\"yoast-schema-graph\">{\"@context\":\"https:\\\/\\\/schema.org\",\"@graph\":[{\"@type\":\"WebPage\",\"@id\":\"https:\\\/\\\/www.irbab-kbivb.be\\\/fr\\\/presentations-journees-techniques-lirbab-en-janvier-2017\\\/\",\"url\":\"https:\\\/\\\/www.irbab-kbivb.be\\\/fr\\\/presentations-journees-techniques-lirbab-en-janvier-2017\\\/\",\"name\":\"Pr\u00e9sentations Journ\u00e9es techniques de l'IRBAB en janvier 2017 - IRBAB-KBIVB\",\"isPartOf\":{\"@id\":\"https:\\\/\\\/www.irbab-kbivb.be\\\/#website\"},\"datePublished\":\"2017-01-27T10:58:27+00:00\",\"dateModified\":\"2017-01-27T11:04:54+00:00\",\"breadcrumb\":{\"@id\":\"https:\\\/\\\/www.irbab-kbivb.be\\\/fr\\\/presentations-journees-techniques-lirbab-en-janvier-2017\\\/#breadcrumb\"},\"inLanguage\":\"fr-FR\",\"potentialAction\":[{\"@type\":\"ReadAction\",\"target\":[\"https:\\\/\\\/www.irbab-kbivb.be\\\/fr\\\/presentations-journees-techniques-lirbab-en-janvier-2017\\\/\"]}]},{\"@type\":\"BreadcrumbList\",\"@id\":\"https:\\\/\\\/www.irbab-kbivb.be\\\/fr\\\/presentations-journees-techniques-lirbab-en-janvier-2017\\\/#breadcrumb\",\"itemListElement\":[{\"@type\":\"ListItem\",\"position\":1,\"name\":\"Home\",\"item\":\"https:\\\/\\\/www.irbab-kbivb.be\\\/fr\\\/\"},{\"@type\":\"ListItem\",\"position\":2,\"name\":\"Pr\u00e9sentations Journ\u00e9es techniques de l&#8217;IRBAB en janvier 2017\"}]},{\"@type\":\"WebSite\",\"@id\":\"https:\\\/\\\/www.irbab-kbivb.be\\\/#website\",\"url\":\"https:\\\/\\\/www.irbab-kbivb.be\\\/\",\"name\":\"IRBAB-KBIVB\",\"description\":\"Koninklijk Belgisch Instituut tot Verbetering van de Biet vzw | Institut Royal Belge pour l&#039;Am\u00e9lioration de la Betterave asbl\",\"potentialAction\":[{\"@type\":\"SearchAction\",\"target\":{\"@type\":\"EntryPoint\",\"urlTemplate\":\"https:\\\/\\\/www.irbab-kbivb.be\\\/?s={search_term_string}\"},\"query-input\":{\"@type\":\"PropertyValueSpecification\",\"valueRequired\":true,\"valueName\":\"search_term_string\"}}],\"inLanguage\":\"fr-FR\"}]}<\/script>\n<!-- \/ Yoast SEO plugin. -->","yoast_head_json":{"title":"Pr\u00e9sentations Journ\u00e9es techniques de l'IRBAB en janvier 2017 - IRBAB-KBIVB","robots":{"index":"index","follow":"follow","max-snippet":"max-snippet:-1","max-image-preview":"max-image-preview:large","max-video-preview":"max-video-preview:-1"},"canonical":"https:\/\/www.irbab-kbivb.be\/fr\/presentations-journees-techniques-lirbab-en-janvier-2017\/","og_locale":"fr_FR","og_type":"article","og_title":"Pr\u00e9sentations Journ\u00e9es techniques de l'IRBAB en janvier 2017 - IRBAB-KBIVB","og_description":"Structure de l&rsquo;IRBAB pour faire f\u00e2ce aux d\u00e9fis futurs (Jean-Pierre Vandergeten) Importance du choix vari\u00e9tal sur base des r\u00e9sistances\/tol\u00e9rances et conform \u00e0 l&rsquo;IPM, pour un rendement optimal (Andr\u00e9 Wauters) Adventices (Barbara Manderyck) Cercosporiose: d&rsquo;une intensit\u00e9 inconnue en 2016 (Barbara Manderyck) Maladies et pourritures racinaires: identifier et diminuer la pression (Fran\u00e7oise Vancutsem) Conservation optimale: quels \u00e9l\u00e9ments [&hellip;]","og_url":"https:\/\/www.irbab-kbivb.be\/fr\/presentations-journees-techniques-lirbab-en-janvier-2017\/","og_site_name":"IRBAB-KBIVB","article_modified_time":"2017-01-27T11:04:54+00:00","twitter_card":"summary_large_image","schema":{"@context":"https:\/\/schema.org","@graph":[{"@type":"WebPage","@id":"https:\/\/www.irbab-kbivb.be\/fr\/presentations-journees-techniques-lirbab-en-janvier-2017\/","url":"https:\/\/www.irbab-kbivb.be\/fr\/presentations-journees-techniques-lirbab-en-janvier-2017\/","name":"Pr\u00e9sentations Journ\u00e9es techniques de l'IRBAB en janvier 2017 - IRBAB-KBIVB","isPartOf":{"@id":"https:\/\/www.irbab-kbivb.be\/#website"},"datePublished":"2017-01-27T10:58:27+00:00","dateModified":"2017-01-27T11:04:54+00:00","breadcrumb":{"@id":"https:\/\/www.irbab-kbivb.be\/fr\/presentations-journees-techniques-lirbab-en-janvier-2017\/#breadcrumb"},"inLanguage":"fr-FR","potentialAction":[{"@type":"ReadAction","target":["https:\/\/www.irbab-kbivb.be\/fr\/presentations-journees-techniques-lirbab-en-janvier-2017\/"]}]},{"@type":"BreadcrumbList","@id":"https:\/\/www.irbab-kbivb.be\/fr\/presentations-journees-techniques-lirbab-en-janvier-2017\/#breadcrumb","itemListElement":[{"@type":"ListItem","position":1,"name":"Home","item":"https:\/\/www.irbab-kbivb.be\/fr\/"},{"@type":"ListItem","position":2,"name":"Pr\u00e9sentations Journ\u00e9es techniques de l&#8217;IRBAB en janvier 2017"}]},{"@type":"WebSite","@id":"https:\/\/www.irbab-kbivb.be\/#website","url":"https:\/\/www.irbab-kbivb.be\/","name":"IRBAB-KBIVB","description":"Koninklijk Belgisch Instituut tot Verbetering van de Biet vzw | Institut Royal Belge pour l&#039;Am\u00e9lioration de la Betterave asbl","potentialAction":[{"@type":"SearchAction","target":{"@type":"EntryPoint","urlTemplate":"https:\/\/www.irbab-kbivb.be\/?s={search_term_string}"},"query-input":{"@type":"PropertyValueSpecification","valueRequired":true,"valueName":"search_term_string"}}],"inLanguage":"fr-FR"}]}},"_links":{"self":[{"href":"https:\/\/www.irbab-kbivb.be\/fr\/wp-json\/wp\/v2\/pages\/8946","targetHints":{"allow":["GET"]}}],"collection":[{"href":"https:\/\/www.irbab-kbivb.be\/fr\/wp-json\/wp\/v2\/pages"}],"about":[{"href":"https:\/\/www.irbab-kbivb.be\/fr\/wp-json\/wp\/v2\/types\/page"}],"author":[{"embeddable":true,"href":"https:\/\/www.irbab-kbivb.be\/fr\/wp-json\/wp\/v2\/users\/3"}],"replies":[{"embeddable":true,"href":"https:\/\/www.irbab-kbivb.be\/fr\/wp-json\/wp\/v2\/comments?post=8946"}],"version-history":[{"count":2,"href":"https:\/\/www.irbab-kbivb.be\/fr\/wp-json\/wp\/v2\/pages\/8946\/revisions"}],"predecessor-version":[{"id":8950,"href":"https:\/\/www.irbab-kbivb.be\/fr\/wp-json\/wp\/v2\/pages\/8946\/revisions\/8950"}],"wp:attachment":[{"href":"https:\/\/www.irbab-kbivb.be\/fr\/wp-json\/wp\/v2\/media?parent=8946"}],"curies":[{"name":"wp","href":"https:\/\/api.w.org\/{rel}","templated":true}]}}