{"id":6390,"date":"2016-02-04T09:00:57","date_gmt":"2016-02-04T08:00:57","guid":{"rendered":"http:\/\/www.irbab-kbivb.be\/fr\/?page_id=6390"},"modified":"2016-02-19T12:17:01","modified_gmt":"2016-02-19T11:17:01","slug":"presentations-conferences-dhiver-20152016","status":"publish","type":"page","link":"https:\/\/www.irbab-kbivb.be\/fr\/presentations-conferences-dhiver-20152016\/","title":{"rendered":"Pr\u00e9sentations conf\u00e9rences d&#8217;hiver 2015\/2016"},"content":{"rendered":"<p><a href=\"https:\/\/www.irbab-kbivb.be\/fr\/temperature-dans-les-tas-betteraves-21-22-29-01-2016\/\" target=\"_blank\" rel=\"attachment wp-att-5630\">Pr\u00e9sentation Temp\u00e9rature dans les tas de betteraves<\/a><\/p>\n<p><a href=\"https:\/\/www.irbab-kbivb.be\/wp-content\/uploads\/2016\/02\/2016-01-21-22-24-Presentation-Choix-Varietal.pdf\" target=\"_blank\" rel=\"attachment wp-att-5630\">Pr\u00e9sentation Choix vari\u00e9tal<\/a><\/p>\n","protected":false},"excerpt":{"rendered":"<p>Pr\u00e9sentation Temp\u00e9rature dans les tas de betteraves Pr\u00e9sentation Choix vari\u00e9tal<\/p>\n","protected":false},"author":3,"featured_media":0,"parent":0,"menu_order":0,"comment_status":"closed","ping_status":"closed","template":"","meta":{"iawp_total_views":0,"footnotes":""},"class_list":["post-6390","page","type-page","status-publish","hentry"],"yoast_head":"<!-- This site is optimized with the Yoast SEO plugin v27.5 - https:\/\/yoast.com\/product\/yoast-seo-wordpress\/ -->\n<title>Pr\u00e9sentations conf\u00e9rences d&#039;hiver 2015\/2016 - IRBAB-KBIVB<\/title>\n<meta name=\"robots\" content=\"index, follow, max-snippet:-1, max-image-preview:large, max-video-preview:-1\" \/>\n<link rel=\"canonical\" href=\"https:\/\/www.irbab-kbivb.be\/fr\/presentations-conferences-dhiver-20152016\/\" \/>\n<meta property=\"og:locale\" content=\"fr_FR\" \/>\n<meta property=\"og:type\" content=\"article\" \/>\n<meta property=\"og:title\" content=\"Pr\u00e9sentations conf\u00e9rences d&#039;hiver 2015\/2016 - IRBAB-KBIVB\" \/>\n<meta property=\"og:description\" content=\"Pr\u00e9sentation Temp\u00e9rature dans les tas de betteraves Pr\u00e9sentation Choix vari\u00e9tal\" \/>\n<meta property=\"og:url\" content=\"https:\/\/www.irbab-kbivb.be\/fr\/presentations-conferences-dhiver-20152016\/\" \/>\n<meta property=\"og:site_name\" content=\"IRBAB-KBIVB\" \/>\n<meta property=\"article:modified_time\" content=\"2016-02-19T11:17:01+00:00\" \/>\n<meta name=\"twitter:card\" content=\"summary_large_image\" \/>\n<script type=\"application\/ld+json\" class=\"yoast-schema-graph\">{\"@context\":\"https:\\\/\\\/schema.org\",\"@graph\":[{\"@type\":\"WebPage\",\"@id\":\"https:\\\/\\\/www.irbab-kbivb.be\\\/fr\\\/presentations-conferences-dhiver-20152016\\\/\",\"url\":\"https:\\\/\\\/www.irbab-kbivb.be\\\/fr\\\/presentations-conferences-dhiver-20152016\\\/\",\"name\":\"Pr\u00e9sentations conf\u00e9rences d'hiver 2015\\\/2016 - IRBAB-KBIVB\",\"isPartOf\":{\"@id\":\"https:\\\/\\\/www.irbab-kbivb.be\\\/#website\"},\"datePublished\":\"2016-02-04T08:00:57+00:00\",\"dateModified\":\"2016-02-19T11:17:01+00:00\",\"breadcrumb\":{\"@id\":\"https:\\\/\\\/www.irbab-kbivb.be\\\/fr\\\/presentations-conferences-dhiver-20152016\\\/#breadcrumb\"},\"inLanguage\":\"fr-FR\",\"potentialAction\":[{\"@type\":\"ReadAction\",\"target\":[\"https:\\\/\\\/www.irbab-kbivb.be\\\/fr\\\/presentations-conferences-dhiver-20152016\\\/\"]}]},{\"@type\":\"BreadcrumbList\",\"@id\":\"https:\\\/\\\/www.irbab-kbivb.be\\\/fr\\\/presentations-conferences-dhiver-20152016\\\/#breadcrumb\",\"itemListElement\":[{\"@type\":\"ListItem\",\"position\":1,\"name\":\"Home\",\"item\":\"https:\\\/\\\/www.irbab-kbivb.be\\\/fr\\\/\"},{\"@type\":\"ListItem\",\"position\":2,\"name\":\"Pr\u00e9sentations conf\u00e9rences d&#8217;hiver 2015\\\/2016\"}]},{\"@type\":\"WebSite\",\"@id\":\"https:\\\/\\\/www.irbab-kbivb.be\\\/#website\",\"url\":\"https:\\\/\\\/www.irbab-kbivb.be\\\/\",\"name\":\"IRBAB-KBIVB\",\"description\":\"Koninklijk Belgisch Instituut tot Verbetering van de Biet vzw | Institut Royal Belge pour l&#039;Am\u00e9lioration de la Betterave asbl\",\"potentialAction\":[{\"@type\":\"SearchAction\",\"target\":{\"@type\":\"EntryPoint\",\"urlTemplate\":\"https:\\\/\\\/www.irbab-kbivb.be\\\/?s={search_term_string}\"},\"query-input\":{\"@type\":\"PropertyValueSpecification\",\"valueRequired\":true,\"valueName\":\"search_term_string\"}}],\"inLanguage\":\"fr-FR\"}]}<\/script>\n<!-- \/ Yoast SEO plugin. -->","yoast_head_json":{"title":"Pr\u00e9sentations conf\u00e9rences d'hiver 2015\/2016 - IRBAB-KBIVB","robots":{"index":"index","follow":"follow","max-snippet":"max-snippet:-1","max-image-preview":"max-image-preview:large","max-video-preview":"max-video-preview:-1"},"canonical":"https:\/\/www.irbab-kbivb.be\/fr\/presentations-conferences-dhiver-20152016\/","og_locale":"fr_FR","og_type":"article","og_title":"Pr\u00e9sentations conf\u00e9rences d'hiver 2015\/2016 - IRBAB-KBIVB","og_description":"Pr\u00e9sentation Temp\u00e9rature dans les tas de betteraves Pr\u00e9sentation Choix vari\u00e9tal","og_url":"https:\/\/www.irbab-kbivb.be\/fr\/presentations-conferences-dhiver-20152016\/","og_site_name":"IRBAB-KBIVB","article_modified_time":"2016-02-19T11:17:01+00:00","twitter_card":"summary_large_image","schema":{"@context":"https:\/\/schema.org","@graph":[{"@type":"WebPage","@id":"https:\/\/www.irbab-kbivb.be\/fr\/presentations-conferences-dhiver-20152016\/","url":"https:\/\/www.irbab-kbivb.be\/fr\/presentations-conferences-dhiver-20152016\/","name":"Pr\u00e9sentations conf\u00e9rences d'hiver 2015\/2016 - IRBAB-KBIVB","isPartOf":{"@id":"https:\/\/www.irbab-kbivb.be\/#website"},"datePublished":"2016-02-04T08:00:57+00:00","dateModified":"2016-02-19T11:17:01+00:00","breadcrumb":{"@id":"https:\/\/www.irbab-kbivb.be\/fr\/presentations-conferences-dhiver-20152016\/#breadcrumb"},"inLanguage":"fr-FR","potentialAction":[{"@type":"ReadAction","target":["https:\/\/www.irbab-kbivb.be\/fr\/presentations-conferences-dhiver-20152016\/"]}]},{"@type":"BreadcrumbList","@id":"https:\/\/www.irbab-kbivb.be\/fr\/presentations-conferences-dhiver-20152016\/#breadcrumb","itemListElement":[{"@type":"ListItem","position":1,"name":"Home","item":"https:\/\/www.irbab-kbivb.be\/fr\/"},{"@type":"ListItem","position":2,"name":"Pr\u00e9sentations conf\u00e9rences d&#8217;hiver 2015\/2016"}]},{"@type":"WebSite","@id":"https:\/\/www.irbab-kbivb.be\/#website","url":"https:\/\/www.irbab-kbivb.be\/","name":"IRBAB-KBIVB","description":"Koninklijk Belgisch Instituut tot Verbetering van de Biet vzw | Institut Royal Belge pour l&#039;Am\u00e9lioration de la Betterave asbl","potentialAction":[{"@type":"SearchAction","target":{"@type":"EntryPoint","urlTemplate":"https:\/\/www.irbab-kbivb.be\/?s={search_term_string}"},"query-input":{"@type":"PropertyValueSpecification","valueRequired":true,"valueName":"search_term_string"}}],"inLanguage":"fr-FR"}]}},"_links":{"self":[{"href":"https:\/\/www.irbab-kbivb.be\/fr\/wp-json\/wp\/v2\/pages\/6390","targetHints":{"allow":["GET"]}}],"collection":[{"href":"https:\/\/www.irbab-kbivb.be\/fr\/wp-json\/wp\/v2\/pages"}],"about":[{"href":"https:\/\/www.irbab-kbivb.be\/fr\/wp-json\/wp\/v2\/types\/page"}],"author":[{"embeddable":true,"href":"https:\/\/www.irbab-kbivb.be\/fr\/wp-json\/wp\/v2\/users\/3"}],"replies":[{"embeddable":true,"href":"https:\/\/www.irbab-kbivb.be\/fr\/wp-json\/wp\/v2\/comments?post=6390"}],"version-history":[{"count":2,"href":"https:\/\/www.irbab-kbivb.be\/fr\/wp-json\/wp\/v2\/pages\/6390\/revisions"}],"predecessor-version":[{"id":6724,"href":"https:\/\/www.irbab-kbivb.be\/fr\/wp-json\/wp\/v2\/pages\/6390\/revisions\/6724"}],"wp:attachment":[{"href":"https:\/\/www.irbab-kbivb.be\/fr\/wp-json\/wp\/v2\/media?parent=6390"}],"curies":[{"name":"wp","href":"https:\/\/api.w.org\/{rel}","templated":true}]}}