{"id":400,"date":"2015-07-10T15:24:55","date_gmt":"2015-07-10T15:24:55","guid":{"rendered":"http:\/\/kbivb.mailbox-belgium.com\/fr\/?page_id=400"},"modified":"2026-01-12T16:18:34","modified_gmt":"2026-01-12T15:18:34","slug":"agenda","status":"publish","type":"page","link":"https:\/\/www.irbab-kbivb.be\/fr\/irbab-asbl\/agenda\/","title":{"rendered":"Agenda"},"content":{"rendered":"\n<h1>Journ\u00e9es techniques de l\u2019IRBAB en janvier\/f\u00e9vrier 2026<\/h1>\n<p>\u00a0<\/p>\n<p>L\u2019IRBAB organise ses journ\u00e9es techniques fin janvier et d\u00e9but f\u00e9vrier 2025. Celles-ci seront organis\u00e9es en pr\u00e9sentiel.<\/p>\n<p>Ces journ\u00e9es techniques entreront en compte pour la <strong>phytolicence<\/strong>.<\/p>\n<p><u>Dates et lieux des journ\u00e9es techniques\u00a0:<\/u><\/p>\n<ul>\n<li><strong>Mardi 27\/01 \u00e0 Kain <\/strong>: 2 sessions \u00e0 (9h et 13h30) \u201cFerme du Reposoir\u201d, Chemin des Pilotes, 7540 Tournai<\/li>\n<li><strong>Mercredi 28\/01 \u00e0 Nivelles<\/strong>: 2 sessions (9h et 13h30) \u00ab Commanderie de Vaillampont \u00bb, Avenue de Vaillampont 10, 1402 Thines<\/li>\n<li><strong>Vendredi 30\/01 \u00e0 Gembloux:<\/strong> 2 sessions (9h et 13h30) &#8220;Auditoire de biologie v\u00e9g\u00e9tale de la facult\u00e9 de Gembloux&#8221;, Avenue Mar\u00e9chal Juin 2, 5030 Gembloux<\/li>\n<li><strong>Mercredi 04\/02 \u00e0 Waremme : <\/strong>1 session (13h30) \u201cSalle I.P.E.S.\u201d, Rue de Huy 123, 430 Waremme<\/li>\n<\/ul>\n<p><u>Le programme des journ\u00e9es techniques est le suivant\u00a0:\u00a0 <\/u><\/p>\n<ul>\n<li>Faits marquants de la saison 2025<\/li>\n<li>Les diff\u00e9rents leviers pour assurer le d\u00e9sherbage en betteraves sucri\u00e8res<\/li>\n<li>La lutte int\u00e9gr\u00e9e contre la jaunisse virale<\/li>\n<li>La gestion int\u00e9gr\u00e9e de la cercosporiose<\/li>\n<li>Les nouveaux ravageurs en betteraves sucri\u00e8res<\/li>\n<li>Autres conseils phytotechniques<\/li>\n<\/ul>\n<p><u>Informations pratiques\u00a0:<\/u><\/p>\n<p><strong>Pour vous inscrire \u00e0 l\u2019une de ces sessions cliquez ICI<\/strong><\/p>\n<p><a href=\"https:\/\/forms.gle\/puPXZohyn7Ji7QZN6\">https:\/\/forms.gle\/puPXZohyn7Ji7QZN6<\/a><\/p>\n<p>\u00a0<\/p>\n<p><strong><em>Une inscription pr\u00e9alable est<\/em><\/strong><em> <strong>souhait\u00e9e<\/strong><\/em>. Le jour de la r\u00e9union, veuillez vous munir de votre <strong>carte d\u2019identit\u00e9<\/strong> pour b\u00e9n\u00e9ficier de votre point de phytolicence.<\/p>\n<p>Si vous rencontrez des probl\u00e8mes pour vous inscrire, vous pouvez nous contacter par mail via <a href=\"mailto:info@irbab.be\">info@irbab.be<\/a> ou par t\u00e9l\u00e9phone au 0473\/31.11.70.<\/p>\n","protected":false},"excerpt":{"rendered":"<p>Journ\u00e9es techniques de l\u2019IRBAB en janvier\/f\u00e9vrier 2026 \u00a0 L\u2019IRBAB organise ses journ\u00e9es techniques fin janvier et d\u00e9but f\u00e9vrier 2025. Celles-ci seront organis\u00e9es en pr\u00e9sentiel. Ces journ\u00e9es techniques entreront en compte pour la phytolicence. Dates et lieux des journ\u00e9es techniques\u00a0: Mardi 27\/01 \u00e0 Kain : 2 sessions \u00e0 (9h et 13h30) \u201cFerme du Reposoir\u201d, Chemin des [&hellip;]<\/p>\n","protected":false},"author":3,"featured_media":0,"parent":143,"menu_order":0,"comment_status":"closed","ping_status":"closed","template":"","meta":{"iawp_total_views":0,"footnotes":""},"class_list":["post-400","page","type-page","status-publish","hentry"],"yoast_head":"<!-- This site is optimized with the Yoast SEO plugin v27.5 - https:\/\/yoast.com\/product\/yoast-seo-wordpress\/ -->\n<title>Agenda - IRBAB-KBIVB<\/title>\n<meta name=\"robots\" content=\"index, follow, max-snippet:-1, max-image-preview:large, max-video-preview:-1\" \/>\n<link rel=\"canonical\" href=\"https:\/\/www.irbab-kbivb.be\/fr\/irbab-asbl\/agenda\/\" \/>\n<meta property=\"og:locale\" content=\"fr_FR\" \/>\n<meta property=\"og:type\" content=\"article\" \/>\n<meta property=\"og:title\" content=\"Agenda - IRBAB-KBIVB\" \/>\n<meta property=\"og:description\" content=\"Journ\u00e9es techniques de l\u2019IRBAB en janvier\/f\u00e9vrier 2026 \u00a0 L\u2019IRBAB organise ses journ\u00e9es techniques fin janvier et d\u00e9but f\u00e9vrier 2025. Celles-ci seront organis\u00e9es en pr\u00e9sentiel. Ces journ\u00e9es techniques entreront en compte pour la phytolicence. Dates et lieux des journ\u00e9es techniques\u00a0: Mardi 27\/01 \u00e0 Kain : 2 sessions \u00e0 (9h et 13h30) \u201cFerme du Reposoir\u201d, Chemin des [&hellip;]\" \/>\n<meta property=\"og:url\" content=\"https:\/\/www.irbab-kbivb.be\/fr\/irbab-asbl\/agenda\/\" \/>\n<meta property=\"og:site_name\" content=\"IRBAB-KBIVB\" \/>\n<meta property=\"article:modified_time\" content=\"2026-01-12T15:18:34+00:00\" \/>\n<meta name=\"twitter:card\" content=\"summary_large_image\" \/>\n<meta name=\"twitter:label1\" content=\"Dur\u00e9e de lecture estim\u00e9e\" \/>\n\t<meta name=\"twitter:data1\" content=\"2 minutes\" \/>\n<script type=\"application\/ld+json\" class=\"yoast-schema-graph\">{\"@context\":\"https:\\\/\\\/schema.org\",\"@graph\":[{\"@type\":\"WebPage\",\"@id\":\"https:\\\/\\\/www.irbab-kbivb.be\\\/fr\\\/irbab-asbl\\\/agenda\\\/\",\"url\":\"https:\\\/\\\/www.irbab-kbivb.be\\\/fr\\\/irbab-asbl\\\/agenda\\\/\",\"name\":\"Agenda - IRBAB-KBIVB\",\"isPartOf\":{\"@id\":\"https:\\\/\\\/www.irbab-kbivb.be\\\/#website\"},\"datePublished\":\"2015-07-10T15:24:55+00:00\",\"dateModified\":\"2026-01-12T15:18:34+00:00\",\"breadcrumb\":{\"@id\":\"https:\\\/\\\/www.irbab-kbivb.be\\\/fr\\\/irbab-asbl\\\/agenda\\\/#breadcrumb\"},\"inLanguage\":\"fr-FR\",\"potentialAction\":[{\"@type\":\"ReadAction\",\"target\":[\"https:\\\/\\\/www.irbab-kbivb.be\\\/fr\\\/irbab-asbl\\\/agenda\\\/\"]}]},{\"@type\":\"BreadcrumbList\",\"@id\":\"https:\\\/\\\/www.irbab-kbivb.be\\\/fr\\\/irbab-asbl\\\/agenda\\\/#breadcrumb\",\"itemListElement\":[{\"@type\":\"ListItem\",\"position\":1,\"name\":\"Home\",\"item\":\"https:\\\/\\\/www.irbab-kbivb.be\\\/fr\\\/\"},{\"@type\":\"ListItem\",\"position\":2,\"name\":\"IRBAB\",\"item\":\"https:\\\/\\\/www.irbab-kbivb.be\\\/fr\\\/\"},{\"@type\":\"ListItem\",\"position\":3,\"name\":\"Agenda\"}]},{\"@type\":\"WebSite\",\"@id\":\"https:\\\/\\\/www.irbab-kbivb.be\\\/#website\",\"url\":\"https:\\\/\\\/www.irbab-kbivb.be\\\/\",\"name\":\"IRBAB-KBIVB\",\"description\":\"Koninklijk Belgisch Instituut tot Verbetering van de Biet vzw | Institut Royal Belge pour l&#039;Am\u00e9lioration de la Betterave asbl\",\"potentialAction\":[{\"@type\":\"SearchAction\",\"target\":{\"@type\":\"EntryPoint\",\"urlTemplate\":\"https:\\\/\\\/www.irbab-kbivb.be\\\/?s={search_term_string}\"},\"query-input\":{\"@type\":\"PropertyValueSpecification\",\"valueRequired\":true,\"valueName\":\"search_term_string\"}}],\"inLanguage\":\"fr-FR\"}]}<\/script>\n<!-- \/ Yoast SEO plugin. -->","yoast_head_json":{"title":"Agenda - IRBAB-KBIVB","robots":{"index":"index","follow":"follow","max-snippet":"max-snippet:-1","max-image-preview":"max-image-preview:large","max-video-preview":"max-video-preview:-1"},"canonical":"https:\/\/www.irbab-kbivb.be\/fr\/irbab-asbl\/agenda\/","og_locale":"fr_FR","og_type":"article","og_title":"Agenda - IRBAB-KBIVB","og_description":"Journ\u00e9es techniques de l\u2019IRBAB en janvier\/f\u00e9vrier 2026 \u00a0 L\u2019IRBAB organise ses journ\u00e9es techniques fin janvier et d\u00e9but f\u00e9vrier 2025. Celles-ci seront organis\u00e9es en pr\u00e9sentiel. Ces journ\u00e9es techniques entreront en compte pour la phytolicence. Dates et lieux des journ\u00e9es techniques\u00a0: Mardi 27\/01 \u00e0 Kain : 2 sessions \u00e0 (9h et 13h30) \u201cFerme du Reposoir\u201d, Chemin des [&hellip;]","og_url":"https:\/\/www.irbab-kbivb.be\/fr\/irbab-asbl\/agenda\/","og_site_name":"IRBAB-KBIVB","article_modified_time":"2026-01-12T15:18:34+00:00","twitter_card":"summary_large_image","twitter_misc":{"Dur\u00e9e de lecture estim\u00e9e":"2 minutes"},"schema":{"@context":"https:\/\/schema.org","@graph":[{"@type":"WebPage","@id":"https:\/\/www.irbab-kbivb.be\/fr\/irbab-asbl\/agenda\/","url":"https:\/\/www.irbab-kbivb.be\/fr\/irbab-asbl\/agenda\/","name":"Agenda - IRBAB-KBIVB","isPartOf":{"@id":"https:\/\/www.irbab-kbivb.be\/#website"},"datePublished":"2015-07-10T15:24:55+00:00","dateModified":"2026-01-12T15:18:34+00:00","breadcrumb":{"@id":"https:\/\/www.irbab-kbivb.be\/fr\/irbab-asbl\/agenda\/#breadcrumb"},"inLanguage":"fr-FR","potentialAction":[{"@type":"ReadAction","target":["https:\/\/www.irbab-kbivb.be\/fr\/irbab-asbl\/agenda\/"]}]},{"@type":"BreadcrumbList","@id":"https:\/\/www.irbab-kbivb.be\/fr\/irbab-asbl\/agenda\/#breadcrumb","itemListElement":[{"@type":"ListItem","position":1,"name":"Home","item":"https:\/\/www.irbab-kbivb.be\/fr\/"},{"@type":"ListItem","position":2,"name":"IRBAB","item":"https:\/\/www.irbab-kbivb.be\/fr\/"},{"@type":"ListItem","position":3,"name":"Agenda"}]},{"@type":"WebSite","@id":"https:\/\/www.irbab-kbivb.be\/#website","url":"https:\/\/www.irbab-kbivb.be\/","name":"IRBAB-KBIVB","description":"Koninklijk Belgisch Instituut tot Verbetering van de Biet vzw | Institut Royal Belge pour l&#039;Am\u00e9lioration de la Betterave asbl","potentialAction":[{"@type":"SearchAction","target":{"@type":"EntryPoint","urlTemplate":"https:\/\/www.irbab-kbivb.be\/?s={search_term_string}"},"query-input":{"@type":"PropertyValueSpecification","valueRequired":true,"valueName":"search_term_string"}}],"inLanguage":"fr-FR"}]}},"_links":{"self":[{"href":"https:\/\/www.irbab-kbivb.be\/fr\/wp-json\/wp\/v2\/pages\/400","targetHints":{"allow":["GET"]}}],"collection":[{"href":"https:\/\/www.irbab-kbivb.be\/fr\/wp-json\/wp\/v2\/pages"}],"about":[{"href":"https:\/\/www.irbab-kbivb.be\/fr\/wp-json\/wp\/v2\/types\/page"}],"author":[{"embeddable":true,"href":"https:\/\/www.irbab-kbivb.be\/fr\/wp-json\/wp\/v2\/users\/3"}],"replies":[{"embeddable":true,"href":"https:\/\/www.irbab-kbivb.be\/fr\/wp-json\/wp\/v2\/comments?post=400"}],"version-history":[{"count":3,"href":"https:\/\/www.irbab-kbivb.be\/fr\/wp-json\/wp\/v2\/pages\/400\/revisions"}],"predecessor-version":[{"id":27268,"href":"https:\/\/www.irbab-kbivb.be\/fr\/wp-json\/wp\/v2\/pages\/400\/revisions\/27268"}],"up":[{"embeddable":true,"href":"https:\/\/www.irbab-kbivb.be\/fr\/wp-json\/wp\/v2\/pages\/143"}],"wp:attachment":[{"href":"https:\/\/www.irbab-kbivb.be\/fr\/wp-json\/wp\/v2\/media?parent=400"}],"curies":[{"name":"wp","href":"https:\/\/api.w.org\/{rel}","templated":true}]}}