{"id":394,"date":"2015-06-22T07:23:51","date_gmt":"2015-06-22T07:23:51","guid":{"rendered":"http:\/\/kbivb.mailbox-belgium.com\/fr\/?page_id=394"},"modified":"2024-03-25T15:25:04","modified_gmt":"2024-03-25T14:25:04","slug":"statistiques","status":"publish","type":"page","link":"https:\/\/www.irbab-kbivb.be\/fr\/publications\/statistiques\/","title":{"rendered":"Statistiques"},"content":{"rendered":"<div class=\"su-accordion su-u-trim\">\n<div class=\"su-spoiler su-spoiler-style-fancy su-spoiler-icon-plus su-spoiler-closed\" data-scroll-offset=\"0\" data-anchor-in-url=\"no\"><div class=\"su-spoiler-title\" tabindex=\"0\" role=\"button\"><span class=\"su-spoiler-icon\"><\/span>Evolution des semis<\/div><div class=\"su-spoiler-content su-u-clearfix su-u-trim\">\n<p>Evolution des semis par r\u00e9gion en <a href=\"https:\/\/www.irbab-kbivb.be\/wp-content\/uploads\/2015\/06\/Ha16_nat.pdf\" target=\"_blank\" rel=\"noopener\">2016<\/a><br \/>\nEvolution des semis par r\u00e9gion en <a href=\"https:\/\/www.irbab-kbivb.be\/wp-content\/uploads\/2015\/06\/Ha15_nat.pdf\" target=\"&quot;_blank\" rel=\"noopener\">2015<\/a><br \/>\nEvolution des semis par r\u00e9gion en <a href=\"https:\/\/www.irbab-kbivb.be\/wp-content\/uploads\/2015\/06\/Ha14_nat.pdf\" target=\"&quot;_blank\" rel=\"noopener\">2014<\/a><br \/>\nEvolution des semis par r\u00e9gion en <a href=\"https:\/\/www.irbab-kbivb.be\/wp-content\/uploads\/2015\/06\/Ha13_nat.pdf\" target=\"&quot;_blank\" rel=\"noopener\">2013<\/a><br \/>\nEvolution des semis par r\u00e9gion en <a href=\"https:\/\/www.irbab-kbivb.be\/wp-content\/uploads\/2015\/06\/Ha12_nat.pdf\" target=\"&quot;_blank\" rel=\"noopener\">2012<\/a><br \/>\nEvolution des semis par r\u00e9gion en <a href=\"https:\/\/www.irbab-kbivb.be\/wp-content\/uploads\/2015\/06\/Ha11_nat.pdf\" target=\"&quot;_blank\" rel=\"noopener\">2011<\/a><br \/>\nEvolution des semis par r\u00e9gion en <a href=\"https:\/\/www.irbab-kbivb.be\/wp-content\/uploads\/2015\/06\/Ha10_nat.pdf\" target=\"&quot;_blank\" rel=\"noopener\">2010<\/a><br \/>\nEvolution des semis par r\u00e9gion en <a href=\"https:\/\/www.irbab-kbivb.be\/wp-content\/uploads\/2015\/06\/Ha09_nat.pdf\" target=\"&quot;_blank\" rel=\"noopener\">2009<\/a><br \/>\nEvolution des semis par r\u00e9gion en <a href=\"https:\/\/www.irbab-kbivb.be\/wp-content\/uploads\/2015\/06\/Ha08_nat.pdf\" target=\"&quot;_blank\" rel=\"noopener\">2008<\/a><br \/>\nEvolution des semis par r\u00e9gion en <a href=\"https:\/\/www.irbab-kbivb.be\/wp-content\/uploads\/2015\/06\/Ha07_nat.pdf\" target=\"&quot;_blank\" rel=\"noopener\">2007<\/a><br \/>\nEvolution des semis par r\u00e9gion en <a href=\"https:\/\/www.irbab-kbivb.be\/wp-content\/uploads\/2015\/06\/Ha06_nat.pdf\" target=\"&quot;_blank\" rel=\"noopener\">2006<\/a><br \/>\nEvolution des semis par r\u00e9gion en <a href=\"https:\/\/www.irbab-kbivb.be\/wp-content\/uploads\/2015\/06\/Ha05_nat.pdf\" target=\"&quot;_blank\" rel=\"noopener\">2005<\/a><\/p>\n<\/div><\/div>\n<div class=\"su-spoiler su-spoiler-style-fancy su-spoiler-icon-plus su-spoiler-closed\" data-scroll-offset=\"0\" data-anchor-in-url=\"no\"><div class=\"su-spoiler-title\" tabindex=\"0\" role=\"button\"><span class=\"su-spoiler-icon\"><\/span>Situation de betteraves en croissance<\/div><div class=\"su-spoiler-content su-u-clearfix su-u-trim\">\n<p>R\u00e9sultats pr\u00e9l\u00e8vements sucreries<br \/>\nCourbe de croissance &#8211; 1\u00b0 pr\u00e9l\u00e8vement &#8211; <a href=\"https:\/\/www.irbab-kbivb.be\/wp-content\/uploads\/2015\/06\/sit170807.pdf\" target=\"_blank\" rel=\"noopener\">07\u00a0ao\u00fbt 2017<\/a><br \/>\nCourbe de croissance &#8211; 2\u00b0 pr\u00e9l\u00e8vement &#8211; <a href=\"https:\/\/www.irbab-kbivb.be\/wp-content\/uploads\/2015\/06\/sit170821.pdf\" target=\"_blank\" rel=\"noopener\">21 ao\u00fbt 2017<\/a><br \/>\nCourbe de croissance &#8211; 3\u00b0 pr\u00e9l\u00e8vement &#8211;\u00a0<a href=\"https:\/\/www.irbab-kbivb.be\/wp-content\/uploads\/2015\/06\/sit170904.pdf\" target=\"_blank\" rel=\"noopener\">04 septembre 2017<\/a><\/p>\n<p>Courbe de croissance &#8211; 1\u00b0 pr\u00e9l\u00e8vement &#8211; <a href=\"https:\/\/www.irbab-kbivb.be\/wp-content\/uploads\/2015\/06\/Sit160808.pdf\" target=\"_blank\" rel=\"noopener\">08\u00a0ao\u00fbt 2016<\/a><br \/>\nCourbe de croissance &#8211; 2\u00b0 pr\u00e9l\u00e8vement &#8211; <a href=\"https:\/\/www.irbab-kbivb.be\/wp-content\/uploads\/2015\/06\/Sit160822.pdf\" target=\"_blank\" rel=\"noopener\">22 ao\u00fbt 2016<\/a><br \/>\nCourbe de croissance &#8211; 3\u00b0 pr\u00e9l\u00e8vement &#8211;\u00a0<a href=\"https:\/\/www.irbab-kbivb.be\/wp-content\/uploads\/2015\/06\/Sit160905.pdf\" target=\"_blank\" rel=\"noopener\">05 septembre 2016<\/a><\/p>\n<p>Courbe de croissance &#8211; 1\u00b0 pr\u00e9l\u00e8vement &#8211; <a href=\"https:\/\/www.irbab-kbivb.be\/wp-content\/uploads\/2015\/06\/Sit150810.pdf\" target=\"&quot;_blank\" rel=\"noopener\">10 ao\u00fbt 2015<\/a><br \/>\nCourbe de croissance &#8211; 2\u00b0 pr\u00e9l\u00e8vement &#8211; <a href=\"https:\/\/www.irbab-kbivb.be\/wp-content\/uploads\/2015\/06\/Sit150824.pdf\" target=\"&quot;_blank\" rel=\"noopener\">24 ao\u00fbt\u00a02015<\/a><br \/>\nCourbe de croissance &#8211; 3\u00b0 pr\u00e9l\u00e8vement &#8211; <a href=\"https:\/\/www.irbab-kbivb.be\/wp-content\/uploads\/2015\/06\/Sit150907.pdf\" target=\"&quot;_blank\" rel=\"noopener\">07 septembre 2015<\/a><\/p>\n<p>Courbe de croissance &#8211; 1\u00b0 pr\u00e9l\u00e8vement &#8211; <a href=\"https:\/\/www.irbab-kbivb.be\/wp-content\/uploads\/2015\/06\/Sit140804.pdf\" target=\"&quot;_blank\" rel=\"noopener\">04 ao\u00fbt 2014<\/a><br \/>\nCourbe de croissance &#8211; 2\u00b0 pr\u00e9l\u00e8vement &#8211; <a href=\"https:\/\/www.irbab-kbivb.be\/wp-content\/uploads\/2015\/06\/Sit140818.pdf\" target=\"&quot;_blank\" rel=\"noopener\">18 ao\u00fbt 2014<\/a><br \/>\nCourbe de croissance &#8211; 3\u00b0 pr\u00e9l\u00e8vement &#8211; <a href=\"https:\/\/www.irbab-kbivb.be\/wp-content\/uploads\/2015\/06\/Sit140901.pdf\" target=\"&quot;_blank\" rel=\"noopener\">01 septembre 2014<\/a><\/p>\n<p>Courbe de croissance &#8211; 1\u00b0 pr\u00e9l\u00e8vement &#8211; <a href=\"https:\/\/www.irbab-kbivb.be\/wp-content\/uploads\/2015\/06\/Sit130805.pdf\" target=\"&quot;_blank\" rel=\"noopener\">05 ao\u00fbt 2013<\/a><br \/>\nCourbe de croissance\u00a0&#8211; 2\u00b0 pr\u00e9l\u00e8vement &#8211; <a href=\"https:\/\/www.irbab-kbivb.be\/wp-content\/uploads\/2015\/06\/Sit130819.pdf\" target=\"&quot;_blank\" rel=\"noopener\">19 ao\u00fbt 2013<\/a><br \/>\nCourbe de croissance &#8211; 3\u00b0 pr\u00e9l\u00e8vement &#8211; <a href=\"https:\/\/www.irbab-kbivb.be\/wp-content\/uploads\/2015\/06\/Sit130902.pdf\" target=\"&quot;_blank\" rel=\"noopener\">02 septembre 2013<\/a><\/p>\n<\/div><\/div>\n<div class=\"su-spoiler su-spoiler-style-fancy su-spoiler-icon-plus su-spoiler-closed\" data-scroll-offset=\"0\" data-anchor-in-url=\"no\"><div class=\"su-spoiler-title\" tabindex=\"0\" role=\"button\"><span class=\"su-spoiler-icon\"><\/span>Rapports hebdomadaires campagne betteravi\u00e8re<\/div><div class=\"su-spoiler-content su-u-clearfix su-u-trim\">\n<a href=\"http:\/\/www.cbb.be\/index.php\/fr\/rapports-hebdomadaires\" target=\"_blank\" rel=\"noopener\">Rapports hebdomadaires campagne betteravi\u00e8re 2017-2018<\/a>\u00a0(source : CBB)<br \/>\n<\/div><\/div>\n<\/div>\n","protected":false},"excerpt":{"rendered":"","protected":false},"author":3,"featured_media":0,"parent":1680,"menu_order":0,"comment_status":"closed","ping_status":"closed","template":"","meta":{"iawp_total_views":0,"footnotes":""},"class_list":["post-394","page","type-page","status-publish","hentry"],"yoast_head":"<!-- This site is optimized with the Yoast SEO plugin v27.3 - https:\/\/yoast.com\/product\/yoast-seo-wordpress\/ -->\n<title>Statistiques - IRBAB-KBIVB<\/title>\n<meta name=\"robots\" content=\"index, follow, max-snippet:-1, max-image-preview:large, max-video-preview:-1\" \/>\n<link rel=\"canonical\" href=\"https:\/\/www.irbab-kbivb.be\/fr\/publications\/statistiques\/\" \/>\n<meta property=\"og:locale\" content=\"fr_FR\" \/>\n<meta property=\"og:type\" content=\"article\" \/>\n<meta property=\"og:title\" content=\"Statistiques - IRBAB-KBIVB\" \/>\n<meta property=\"og:url\" content=\"https:\/\/www.irbab-kbivb.be\/fr\/publications\/statistiques\/\" \/>\n<meta property=\"og:site_name\" content=\"IRBAB-KBIVB\" \/>\n<meta property=\"article:modified_time\" content=\"2024-03-25T14:25:04+00:00\" \/>\n<meta name=\"twitter:card\" content=\"summary_large_image\" \/>\n<meta name=\"twitter:label1\" content=\"Dur\u00e9e de lecture estim\u00e9e\" \/>\n\t<meta name=\"twitter:data1\" content=\"2 minutes\" \/>\n<script type=\"application\/ld+json\" class=\"yoast-schema-graph\">{\"@context\":\"https:\\\/\\\/schema.org\",\"@graph\":[{\"@type\":\"WebPage\",\"@id\":\"https:\\\/\\\/www.irbab-kbivb.be\\\/fr\\\/publications\\\/statistiques\\\/\",\"url\":\"https:\\\/\\\/www.irbab-kbivb.be\\\/fr\\\/publications\\\/statistiques\\\/\",\"name\":\"Statistiques - IRBAB-KBIVB\",\"isPartOf\":{\"@id\":\"https:\\\/\\\/www.irbab-kbivb.be\\\/#website\"},\"datePublished\":\"2015-06-22T07:23:51+00:00\",\"dateModified\":\"2024-03-25T14:25:04+00:00\",\"breadcrumb\":{\"@id\":\"https:\\\/\\\/www.irbab-kbivb.be\\\/fr\\\/publications\\\/statistiques\\\/#breadcrumb\"},\"inLanguage\":\"fr-FR\",\"potentialAction\":[{\"@type\":\"ReadAction\",\"target\":[\"https:\\\/\\\/www.irbab-kbivb.be\\\/fr\\\/publications\\\/statistiques\\\/\"]}]},{\"@type\":\"BreadcrumbList\",\"@id\":\"https:\\\/\\\/www.irbab-kbivb.be\\\/fr\\\/publications\\\/statistiques\\\/#breadcrumb\",\"itemListElement\":[{\"@type\":\"ListItem\",\"position\":1,\"name\":\"Home\",\"item\":\"https:\\\/\\\/www.irbab-kbivb.be\\\/fr\\\/\"},{\"@type\":\"ListItem\",\"position\":2,\"name\":\"Publications\",\"item\":\"https:\\\/\\\/www.irbab-kbivb.be\\\/fr\\\/publications\\\/\"},{\"@type\":\"ListItem\",\"position\":3,\"name\":\"Statistiques\"}]},{\"@type\":\"WebSite\",\"@id\":\"https:\\\/\\\/www.irbab-kbivb.be\\\/#website\",\"url\":\"https:\\\/\\\/www.irbab-kbivb.be\\\/\",\"name\":\"IRBAB-KBIVB\",\"description\":\"Koninklijk Belgisch Instituut tot Verbetering van de Biet vzw | Institut Royal Belge pour l&#039;Am\u00e9lioration de la Betterave asbl\",\"potentialAction\":[{\"@type\":\"SearchAction\",\"target\":{\"@type\":\"EntryPoint\",\"urlTemplate\":\"https:\\\/\\\/www.irbab-kbivb.be\\\/?s={search_term_string}\"},\"query-input\":{\"@type\":\"PropertyValueSpecification\",\"valueRequired\":true,\"valueName\":\"search_term_string\"}}],\"inLanguage\":\"fr-FR\"}]}<\/script>\n<!-- \/ Yoast SEO plugin. -->","yoast_head_json":{"title":"Statistiques - IRBAB-KBIVB","robots":{"index":"index","follow":"follow","max-snippet":"max-snippet:-1","max-image-preview":"max-image-preview:large","max-video-preview":"max-video-preview:-1"},"canonical":"https:\/\/www.irbab-kbivb.be\/fr\/publications\/statistiques\/","og_locale":"fr_FR","og_type":"article","og_title":"Statistiques - IRBAB-KBIVB","og_url":"https:\/\/www.irbab-kbivb.be\/fr\/publications\/statistiques\/","og_site_name":"IRBAB-KBIVB","article_modified_time":"2024-03-25T14:25:04+00:00","twitter_card":"summary_large_image","twitter_misc":{"Dur\u00e9e de lecture estim\u00e9e":"2 minutes"},"schema":{"@context":"https:\/\/schema.org","@graph":[{"@type":"WebPage","@id":"https:\/\/www.irbab-kbivb.be\/fr\/publications\/statistiques\/","url":"https:\/\/www.irbab-kbivb.be\/fr\/publications\/statistiques\/","name":"Statistiques - IRBAB-KBIVB","isPartOf":{"@id":"https:\/\/www.irbab-kbivb.be\/#website"},"datePublished":"2015-06-22T07:23:51+00:00","dateModified":"2024-03-25T14:25:04+00:00","breadcrumb":{"@id":"https:\/\/www.irbab-kbivb.be\/fr\/publications\/statistiques\/#breadcrumb"},"inLanguage":"fr-FR","potentialAction":[{"@type":"ReadAction","target":["https:\/\/www.irbab-kbivb.be\/fr\/publications\/statistiques\/"]}]},{"@type":"BreadcrumbList","@id":"https:\/\/www.irbab-kbivb.be\/fr\/publications\/statistiques\/#breadcrumb","itemListElement":[{"@type":"ListItem","position":1,"name":"Home","item":"https:\/\/www.irbab-kbivb.be\/fr\/"},{"@type":"ListItem","position":2,"name":"Publications","item":"https:\/\/www.irbab-kbivb.be\/fr\/publications\/"},{"@type":"ListItem","position":3,"name":"Statistiques"}]},{"@type":"WebSite","@id":"https:\/\/www.irbab-kbivb.be\/#website","url":"https:\/\/www.irbab-kbivb.be\/","name":"IRBAB-KBIVB","description":"Koninklijk Belgisch Instituut tot Verbetering van de Biet vzw | Institut Royal Belge pour l&#039;Am\u00e9lioration de la Betterave asbl","potentialAction":[{"@type":"SearchAction","target":{"@type":"EntryPoint","urlTemplate":"https:\/\/www.irbab-kbivb.be\/?s={search_term_string}"},"query-input":{"@type":"PropertyValueSpecification","valueRequired":true,"valueName":"search_term_string"}}],"inLanguage":"fr-FR"}]}},"_links":{"self":[{"href":"https:\/\/www.irbab-kbivb.be\/fr\/wp-json\/wp\/v2\/pages\/394","targetHints":{"allow":["GET"]}}],"collection":[{"href":"https:\/\/www.irbab-kbivb.be\/fr\/wp-json\/wp\/v2\/pages"}],"about":[{"href":"https:\/\/www.irbab-kbivb.be\/fr\/wp-json\/wp\/v2\/types\/page"}],"author":[{"embeddable":true,"href":"https:\/\/www.irbab-kbivb.be\/fr\/wp-json\/wp\/v2\/users\/3"}],"replies":[{"embeddable":true,"href":"https:\/\/www.irbab-kbivb.be\/fr\/wp-json\/wp\/v2\/comments?post=394"}],"version-history":[{"count":3,"href":"https:\/\/www.irbab-kbivb.be\/fr\/wp-json\/wp\/v2\/pages\/394\/revisions"}],"predecessor-version":[{"id":24602,"href":"https:\/\/www.irbab-kbivb.be\/fr\/wp-json\/wp\/v2\/pages\/394\/revisions\/24602"}],"up":[{"embeddable":true,"href":"https:\/\/www.irbab-kbivb.be\/fr\/wp-json\/wp\/v2\/pages\/1680"}],"wp:attachment":[{"href":"https:\/\/www.irbab-kbivb.be\/fr\/wp-json\/wp\/v2\/media?parent=394"}],"curies":[{"name":"wp","href":"https:\/\/api.w.org\/{rel}","templated":true}]}}