{"id":3916,"date":"2015-11-27T09:21:50","date_gmt":"2015-11-27T08:21:50","guid":{"rendered":"http:\/\/kbivb.mailbox-belgium.com\/fr\/?page_id=3916"},"modified":"2018-06-05T09:55:39","modified_gmt":"2018-06-05T07:55:39","slug":"disclaimer","status":"publish","type":"page","link":"https:\/\/www.irbab-kbivb.be\/fr\/disclaimer\/","title":{"rendered":"Disclaimer"},"content":{"rendered":"<p style=\"text-align: justify;\">Confidentialit\u00e9<\/p>\n<p style=\"text-align: justify;\">Par votre acc\u00e8s \u00e0 ce site web, vous en acceptez les conditions g\u00e9n\u00e9rales en vigueur. asbl IRBAB-KBIVB vzw s&#8217;efforce de fournir des informations fiables, cependant, asbl IRBAB\/KBIVB vzw ne peut \u00eatre tenue responsable pour celles-ci. Toutes les informations contenues dans ce site le sont seulement \u00e0 titre informatif et ne donnent lieu \u00e0 aucun d\u00e9dommagement. Pour de plus amples renseignements vous pouvez toujours nous contacter.<\/p>\n<p style=\"text-align: justify;\">Copyright<\/p>\n<p style=\"text-align: justify;\">Le mat\u00e9riel figurant sur ce site web, y compris, sans restriction, tout le mat\u00e9riel r\u00e9dactionnel, photos, illustrations et autre mat\u00e9riel graphique et les noms, logos, marques et marques de service, sont la propri\u00e9t\u00e9 de asbl IRBAB-KBIVB vzw et sont prot\u00e9g\u00e9s par les droits d&#8217;auteur, droit des marques ou autres lois de propri\u00e9t\u00e9 intellectuelle. Les autres produits de soci\u00e9t\u00e9 ou de marques mentionn\u00e9s sur ce site peuvent \u00eatre des marques commerciales de leurs propri\u00e9taires respectifs. Il n&#8217;est pas autoris\u00e9 \u00e0 copier ces \u00e9l\u00e9ments ou une partie de ceux-ci, \u00e0 les retransmettre, distribuer, diffuser, vendre, publier, diffuser ou les faire circuler.<\/p>\n<p style=\"text-align: justify;\">Vie priv\u00e9e<\/p>\n<p style=\"text-align: justify;\">Les donn\u00e9es que vous encodez sur ce site en remplissant les formulaires sont utilis\u00e9s pour les services de asbl IRBAB-KBIVB vzw comme le traitement des inscriptions pour les newsletters, pour fournir des informations, afin d&#8217;optimiser le site etc. asbl IRBAB-KBIVB vzw ne partage pas les donn\u00e9es fournies par vous \u00e0 des tiers, sauf si nous en serions oblig\u00e9s par la Loi. La Loi du 8 d\u00e9cembre 1992 vous prot\u00e8ge contre tous les abus d&#8217;utilisation de ces donn\u00e9es. Vous pouvez toujours consulter vos donn\u00e9es et les corriger en vous adressant \u00e0 notre bureau \u00e0 Tienen. Conform\u00e9ment \u00e0 la m\u00eame loi, vous avez le droit de consulter les informations qui vous concernent et, si n\u00e9cessaire, de les faire corriger. Dans ce but, vous \u00e9crivez \u00e0 asbl IRBAB-KBIVB vzw, Molenstraat 45, 3000 Tienen, ou vous envoyez un mail \u00e0 <a href=\"mailto:info@irbab.be\">info@irbab.be<\/a>. Vous trouverze plus d&#8217;informations sur cette l\u00e9gislation vous trouverait \u00e0 la Commission pour la protection de la vie priv\u00e9e, Rue Haute 139, 1000 Bruxelles, t\u00e9l. 02 213 85 40, fax 02 213 85 65, <a href=\"mailto:commission@privacycommission.be\">commission@privacycommission.be<\/a> ou sur le site <a href=\"http:\/\/www.privacycommission.be\">www.privacycommission.be<\/a>.<\/p>\n","protected":false},"excerpt":{"rendered":"<p>Confidentialit\u00e9 Par votre acc\u00e8s \u00e0 ce site web, vous en acceptez les conditions g\u00e9n\u00e9rales en vigueur. asbl IRBAB-KBIVB vzw s&#8217;efforce de fournir des informations fiables, cependant, asbl IRBAB\/KBIVB vzw ne peut \u00eatre tenue responsable pour celles-ci. Toutes les informations contenues dans ce site le sont seulement \u00e0 titre informatif et ne donnent lieu \u00e0 aucun [&hellip;]<\/p>\n","protected":false},"author":3,"featured_media":0,"parent":0,"menu_order":0,"comment_status":"closed","ping_status":"closed","template":"","meta":{"iawp_total_views":0,"footnotes":""},"class_list":["post-3916","page","type-page","status-publish","hentry"],"yoast_head":"<!-- This site is optimized with the Yoast SEO plugin v27.5 - https:\/\/yoast.com\/product\/yoast-seo-wordpress\/ -->\n<title>Disclaimer - IRBAB-KBIVB<\/title>\n<meta name=\"robots\" content=\"index, follow, max-snippet:-1, max-image-preview:large, max-video-preview:-1\" \/>\n<link rel=\"canonical\" href=\"https:\/\/www.irbab-kbivb.be\/fr\/disclaimer\/\" \/>\n<meta property=\"og:locale\" content=\"fr_FR\" \/>\n<meta property=\"og:type\" content=\"article\" \/>\n<meta property=\"og:title\" content=\"Disclaimer - IRBAB-KBIVB\" \/>\n<meta property=\"og:description\" content=\"Confidentialit\u00e9 Par votre acc\u00e8s \u00e0 ce site web, vous en acceptez les conditions g\u00e9n\u00e9rales en vigueur. asbl IRBAB-KBIVB vzw s&#8217;efforce de fournir des informations fiables, cependant, asbl IRBAB\/KBIVB vzw ne peut \u00eatre tenue responsable pour celles-ci. Toutes les informations contenues dans ce site le sont seulement \u00e0 titre informatif et ne donnent lieu \u00e0 aucun [&hellip;]\" \/>\n<meta property=\"og:url\" content=\"https:\/\/www.irbab-kbivb.be\/fr\/disclaimer\/\" \/>\n<meta property=\"og:site_name\" content=\"IRBAB-KBIVB\" \/>\n<meta property=\"article:modified_time\" content=\"2018-06-05T07:55:39+00:00\" \/>\n<meta name=\"twitter:card\" content=\"summary_large_image\" \/>\n<meta name=\"twitter:label1\" content=\"Dur\u00e9e de lecture estim\u00e9e\" \/>\n\t<meta name=\"twitter:data1\" content=\"2 minutes\" \/>\n<script type=\"application\/ld+json\" class=\"yoast-schema-graph\">{\"@context\":\"https:\\\/\\\/schema.org\",\"@graph\":[{\"@type\":\"WebPage\",\"@id\":\"https:\\\/\\\/www.irbab-kbivb.be\\\/fr\\\/disclaimer\\\/\",\"url\":\"https:\\\/\\\/www.irbab-kbivb.be\\\/fr\\\/disclaimer\\\/\",\"name\":\"Disclaimer - IRBAB-KBIVB\",\"isPartOf\":{\"@id\":\"https:\\\/\\\/www.irbab-kbivb.be\\\/#website\"},\"datePublished\":\"2015-11-27T08:21:50+00:00\",\"dateModified\":\"2018-06-05T07:55:39+00:00\",\"breadcrumb\":{\"@id\":\"https:\\\/\\\/www.irbab-kbivb.be\\\/fr\\\/disclaimer\\\/#breadcrumb\"},\"inLanguage\":\"fr-FR\",\"potentialAction\":[{\"@type\":\"ReadAction\",\"target\":[\"https:\\\/\\\/www.irbab-kbivb.be\\\/fr\\\/disclaimer\\\/\"]}]},{\"@type\":\"BreadcrumbList\",\"@id\":\"https:\\\/\\\/www.irbab-kbivb.be\\\/fr\\\/disclaimer\\\/#breadcrumb\",\"itemListElement\":[{\"@type\":\"ListItem\",\"position\":1,\"name\":\"Home\",\"item\":\"https:\\\/\\\/www.irbab-kbivb.be\\\/fr\\\/\"},{\"@type\":\"ListItem\",\"position\":2,\"name\":\"Disclaimer\"}]},{\"@type\":\"WebSite\",\"@id\":\"https:\\\/\\\/www.irbab-kbivb.be\\\/#website\",\"url\":\"https:\\\/\\\/www.irbab-kbivb.be\\\/\",\"name\":\"IRBAB-KBIVB\",\"description\":\"Koninklijk Belgisch Instituut tot Verbetering van de Biet vzw | Institut Royal Belge pour l&#039;Am\u00e9lioration de la Betterave asbl\",\"potentialAction\":[{\"@type\":\"SearchAction\",\"target\":{\"@type\":\"EntryPoint\",\"urlTemplate\":\"https:\\\/\\\/www.irbab-kbivb.be\\\/?s={search_term_string}\"},\"query-input\":{\"@type\":\"PropertyValueSpecification\",\"valueRequired\":true,\"valueName\":\"search_term_string\"}}],\"inLanguage\":\"fr-FR\"}]}<\/script>\n<!-- \/ Yoast SEO plugin. -->","yoast_head_json":{"title":"Disclaimer - IRBAB-KBIVB","robots":{"index":"index","follow":"follow","max-snippet":"max-snippet:-1","max-image-preview":"max-image-preview:large","max-video-preview":"max-video-preview:-1"},"canonical":"https:\/\/www.irbab-kbivb.be\/fr\/disclaimer\/","og_locale":"fr_FR","og_type":"article","og_title":"Disclaimer - IRBAB-KBIVB","og_description":"Confidentialit\u00e9 Par votre acc\u00e8s \u00e0 ce site web, vous en acceptez les conditions g\u00e9n\u00e9rales en vigueur. asbl IRBAB-KBIVB vzw s&#8217;efforce de fournir des informations fiables, cependant, asbl IRBAB\/KBIVB vzw ne peut \u00eatre tenue responsable pour celles-ci. Toutes les informations contenues dans ce site le sont seulement \u00e0 titre informatif et ne donnent lieu \u00e0 aucun [&hellip;]","og_url":"https:\/\/www.irbab-kbivb.be\/fr\/disclaimer\/","og_site_name":"IRBAB-KBIVB","article_modified_time":"2018-06-05T07:55:39+00:00","twitter_card":"summary_large_image","twitter_misc":{"Dur\u00e9e de lecture estim\u00e9e":"2 minutes"},"schema":{"@context":"https:\/\/schema.org","@graph":[{"@type":"WebPage","@id":"https:\/\/www.irbab-kbivb.be\/fr\/disclaimer\/","url":"https:\/\/www.irbab-kbivb.be\/fr\/disclaimer\/","name":"Disclaimer - IRBAB-KBIVB","isPartOf":{"@id":"https:\/\/www.irbab-kbivb.be\/#website"},"datePublished":"2015-11-27T08:21:50+00:00","dateModified":"2018-06-05T07:55:39+00:00","breadcrumb":{"@id":"https:\/\/www.irbab-kbivb.be\/fr\/disclaimer\/#breadcrumb"},"inLanguage":"fr-FR","potentialAction":[{"@type":"ReadAction","target":["https:\/\/www.irbab-kbivb.be\/fr\/disclaimer\/"]}]},{"@type":"BreadcrumbList","@id":"https:\/\/www.irbab-kbivb.be\/fr\/disclaimer\/#breadcrumb","itemListElement":[{"@type":"ListItem","position":1,"name":"Home","item":"https:\/\/www.irbab-kbivb.be\/fr\/"},{"@type":"ListItem","position":2,"name":"Disclaimer"}]},{"@type":"WebSite","@id":"https:\/\/www.irbab-kbivb.be\/#website","url":"https:\/\/www.irbab-kbivb.be\/","name":"IRBAB-KBIVB","description":"Koninklijk Belgisch Instituut tot Verbetering van de Biet vzw | Institut Royal Belge pour l&#039;Am\u00e9lioration de la Betterave asbl","potentialAction":[{"@type":"SearchAction","target":{"@type":"EntryPoint","urlTemplate":"https:\/\/www.irbab-kbivb.be\/?s={search_term_string}"},"query-input":{"@type":"PropertyValueSpecification","valueRequired":true,"valueName":"search_term_string"}}],"inLanguage":"fr-FR"}]}},"_links":{"self":[{"href":"https:\/\/www.irbab-kbivb.be\/fr\/wp-json\/wp\/v2\/pages\/3916","targetHints":{"allow":["GET"]}}],"collection":[{"href":"https:\/\/www.irbab-kbivb.be\/fr\/wp-json\/wp\/v2\/pages"}],"about":[{"href":"https:\/\/www.irbab-kbivb.be\/fr\/wp-json\/wp\/v2\/types\/page"}],"author":[{"embeddable":true,"href":"https:\/\/www.irbab-kbivb.be\/fr\/wp-json\/wp\/v2\/users\/3"}],"replies":[{"embeddable":true,"href":"https:\/\/www.irbab-kbivb.be\/fr\/wp-json\/wp\/v2\/comments?post=3916"}],"version-history":[{"count":3,"href":"https:\/\/www.irbab-kbivb.be\/fr\/wp-json\/wp\/v2\/pages\/3916\/revisions"}],"predecessor-version":[{"id":11116,"href":"https:\/\/www.irbab-kbivb.be\/fr\/wp-json\/wp\/v2\/pages\/3916\/revisions\/11116"}],"wp:attachment":[{"href":"https:\/\/www.irbab-kbivb.be\/fr\/wp-json\/wp\/v2\/media?parent=3916"}],"curies":[{"name":"wp","href":"https:\/\/api.w.org\/{rel}","templated":true}]}}