{"id":384,"date":"2015-07-09T17:23:52","date_gmt":"2015-07-09T17:23:52","guid":{"rendered":"http:\/\/kbivb.mailbox-belgium.com\/fr\/?page_id=384"},"modified":"2024-05-15T12:23:23","modified_gmt":"2024-05-15T10:23:23","slug":"presentation","status":"publish","type":"page","link":"https:\/\/www.irbab-kbivb.be\/fr\/irbab-asbl\/presentation\/","title":{"rendered":"Pr\u00e9sentation"},"content":{"rendered":"<p>L&#8217;IRBAB a pour objet la coordination et l&#8217;initiative de la recherche fondamentale, la recherche appliqu\u00e9e sur les intrants de la culture de la betterave et la vulgarisation des r\u00e9sultats vers les professionnels de la culture. Il peut \u00e9galement assurer l&#8217;\u00e9tude et la vulgarisation des possibilit\u00e9s d&#8217;am\u00e9lioration de la chicor\u00e9e et de sa culture.<\/p>\n<p>Il aura plus pr\u00e9cis\u00e9ment les missions suivantes\u00a0:<\/p>\n<ul>\n<li>Pour ce qui est de la recherche fondamentale, essentiellement la coordination et l&#8217;initiative de la recherche fondamentale en sous-traitant celle-ci aux universit\u00e9s ou aux institutions sp\u00e9cialis\u00e9es et en donnant une opinion sur le choix et les r\u00e9sultats des essais. Ceci implique que l&#8217;IRBAB maintienne une capacit\u00e9 d&#8217;\u00e9valuation et un niveau de connaissance suffisants des recherches entreprises au niveau europ\u00e9en. La mission d&#8217;initiative et de coordination doit s&#8217;inscrire dans le cadre des priorit\u00e9s d\u00e9finies par l&#8217;interprofession.<\/li>\n<li>La recherche appliqu\u00e9e sur les intrants de la culture de la betterave (semences, engrais, produits phytosanitaires et machines) tout en envisageant le d\u00e9veloppement de plates-formes communes (protocoles d&#8217;essais, mise en place, &#8230;) avec les centres de recherches des pays voisins pour diminuer les co\u00fbts et augmenter l&#8217;efficacit\u00e9 des recherches. Concernant les coproduits, l&#8217;IRBAB doit centraliser et vulgariser les connaissances relatives \u00e0 l&#8217;utilisation des coproduits (pulpes, &#8230;) dans l&#8217;esprit de leur valorisation optimale. Les recherches pour de nouvelles applications des coproduits doivent normalement \u00eatre men\u00e9es par des centres sp\u00e9cialis\u00e9s et des universit\u00e9s qui peuvent sous-traiter \u00e0 l&#8217;IRBAB.<\/li>\n<li>La vulgarisation vers les betteraviers, avec notamment pour objectif l&#8217;optimisation de la production d&#8217;un maximum de sucre blanc par hectare, en terme de rendement betterave par hectare, richesse et extractibilit\u00e9, dans le respect de la l\u00e9gislation et de l&#8217;environnement.<\/li>\n<\/ul>\n<p>Le PVBC (Programme Vulgarisation Betterave Chicor\u00e9e) a comme t\u00e2ches principales :<\/p>\n<ul>\n<li>La coordination de la recherche en chicor\u00e9e : semences, protection de la culture, d\u00e9sherbage, lutte contre les maladies, techniques de r\u00e9colte, conservation,<\/li>\n<li>La vulgarisation en betterave et en chicor\u00e9e,<\/li>\n<li>Le service avertissement en betterave et chicor\u00e9e<\/li>\n<\/ul>\n<div class=\"su-row\">\n<div class=\"su-column su-column-size-1-2\"><div class=\"su-column-inner su-u-clearfix su-u-trim\">\n<p style=\"text-align: center;\"><strong><span style=\"color: #78b524;\"><a href=\"https:\/\/www.irbab-kbivb.be\/wp-content\/uploads\/2015\/07\/2013-09-09-Folder-IRBAB-FR.pdf\" target=\"_blank\" rel=\"noopener\">Notre d\u00e9pliant<\/a><\/span><\/strong><\/p>\n<p><img loading=\"lazy\" decoding=\"async\" class=\"aligncenter size-medium wp-image-3399\" style=\"border-radius: 10px; box-shadow: 5px 5px 2px #e3e3e3;\" src=\"https:\/\/www.irbab-kbivb.be\/wp-content\/uploads\/2015\/07\/2013-09-09-Folder-KBIVB-NL-148x300.png\" alt=\"2013-09-09-Folder-KBIVB-NL\" width=\"99\" height=\"200\" srcset=\"https:\/\/www.irbab-kbivb.be\/wp-content\/uploads\/2015\/07\/2013-09-09-Folder-KBIVB-NL-148x300.png 148w, https:\/\/www.irbab-kbivb.be\/wp-content\/uploads\/2015\/07\/2013-09-09-Folder-KBIVB-NL-74x150.png 74w, https:\/\/www.irbab-kbivb.be\/wp-content\/uploads\/2015\/07\/2013-09-09-Folder-KBIVB-NL.png 487w\" sizes=\"auto, (max-width: 99px) 100vw, 99px\" \/><br \/>\n<\/div><\/div>\n<div class=\"su-column su-column-size-1-2\"><div class=\"su-column-inner su-u-clearfix su-u-trim\">\n<p style=\"text-align: center;\"><strong><span style=\"color: #78b524;\"><a href=\"https:\/\/www.irbab-kbivb.be\/fr\/historique-de-lirbab\">Historique de l&#8217;IRBAB<\/a><\/span><\/strong><\/p>\n<p><a href=\"https:\/\/www.irbab-kbivb.be\/wp-content\/uploads\/2015\/11\/parkingirbab.png\"><img loading=\"lazy\" decoding=\"async\" class=\"rounded aligncenter wp-image-4021 size-medium\" src=\"https:\/\/www.irbab-kbivb.be\/wp-content\/uploads\/2015\/11\/parkingirbab-300x211.png\" alt=\"parkingirbab\" width=\"300\" height=\"211\" srcset=\"https:\/\/www.irbab-kbivb.be\/wp-content\/uploads\/2015\/11\/parkingirbab-300x211.png 300w, https:\/\/www.irbab-kbivb.be\/wp-content\/uploads\/2015\/11\/parkingirbab.png 1024w, https:\/\/www.irbab-kbivb.be\/wp-content\/uploads\/2015\/11\/parkingirbab-150x105.png 150w, https:\/\/www.irbab-kbivb.be\/wp-content\/uploads\/2015\/11\/parkingirbab-810x570.png 810w\" sizes=\"auto, (max-width: 300px) 100vw, 300px\" \/><\/a><\/p>\n<p style=\"text-align: center;\"><\/div><\/div>\n<\/div>\n","protected":false},"excerpt":{"rendered":"<p>L&#8217;IRBAB a pour objet la coordination et l&#8217;initiative de la recherche fondamentale, la recherche appliqu\u00e9e sur les intrants de la culture de la betterave et la vulgarisation des r\u00e9sultats vers les professionnels de la culture. Il peut \u00e9galement assurer l&#8217;\u00e9tude et la vulgarisation des possibilit\u00e9s d&#8217;am\u00e9lioration de la chicor\u00e9e et de sa culture. Il aura [&hellip;]<\/p>\n","protected":false},"author":3,"featured_media":0,"parent":143,"menu_order":0,"comment_status":"closed","ping_status":"closed","template":"","meta":{"iawp_total_views":0,"footnotes":""},"class_list":["post-384","page","type-page","status-publish","hentry"],"yoast_head":"<!-- This site is optimized with the Yoast SEO plugin v27.5 - https:\/\/yoast.com\/product\/yoast-seo-wordpress\/ -->\n<title>Pr\u00e9sentation - IRBAB-KBIVB<\/title>\n<meta name=\"description\" content=\"L&#039;IRBAB a pour objet la coordination et l&#039;initiative de la recherche fondamentale, la recherche appliqu\u00e9e sur les intrants de la culture de la betterave et la vulgarisation des r\u00e9sultats vers les professionnels de la culture. Il peut \u00e9galement assurer l&#039;\u00e9tude et la vulgarisation des possibilit\u00e9s d&#039;am\u00e9lioration de la chicor\u00e9e et de sa culture.\" \/>\n<meta name=\"robots\" content=\"index, follow, max-snippet:-1, max-image-preview:large, max-video-preview:-1\" \/>\n<link rel=\"canonical\" href=\"https:\/\/www.irbab-kbivb.be\/fr\/irbab-asbl\/presentation\/\" \/>\n<meta property=\"og:locale\" content=\"fr_FR\" \/>\n<meta property=\"og:type\" content=\"article\" \/>\n<meta property=\"og:title\" content=\"Pr\u00e9sentation - IRBAB-KBIVB\" \/>\n<meta property=\"og:description\" content=\"L&#039;IRBAB a pour objet la coordination et l&#039;initiative de la recherche fondamentale, la recherche appliqu\u00e9e sur les intrants de la culture de la betterave et la vulgarisation des r\u00e9sultats vers les professionnels de la culture. Il peut \u00e9galement assurer l&#039;\u00e9tude et la vulgarisation des possibilit\u00e9s d&#039;am\u00e9lioration de la chicor\u00e9e et de sa culture.\" \/>\n<meta property=\"og:url\" content=\"https:\/\/www.irbab-kbivb.be\/fr\/irbab-asbl\/presentation\/\" \/>\n<meta property=\"og:site_name\" content=\"IRBAB-KBIVB\" \/>\n<meta property=\"article:modified_time\" content=\"2024-05-15T10:23:23+00:00\" \/>\n<meta property=\"og:image\" content=\"https:\/\/www.irbab-kbivb.be\/wp-content\/uploads\/2015\/07\/2013-09-09-Folder-KBIVB-NL-148x300.png\" \/>\n<meta name=\"twitter:card\" content=\"summary_large_image\" \/>\n<meta name=\"twitter:label1\" content=\"Dur\u00e9e de lecture estim\u00e9e\" \/>\n\t<meta name=\"twitter:data1\" content=\"3 minutes\" \/>\n<script type=\"application\/ld+json\" class=\"yoast-schema-graph\">{\"@context\":\"https:\\\/\\\/schema.org\",\"@graph\":[{\"@type\":\"WebPage\",\"@id\":\"https:\\\/\\\/www.irbab-kbivb.be\\\/fr\\\/irbab-asbl\\\/presentation\\\/\",\"url\":\"https:\\\/\\\/www.irbab-kbivb.be\\\/fr\\\/irbab-asbl\\\/presentation\\\/\",\"name\":\"Pr\u00e9sentation - IRBAB-KBIVB\",\"isPartOf\":{\"@id\":\"https:\\\/\\\/www.irbab-kbivb.be\\\/#website\"},\"primaryImageOfPage\":{\"@id\":\"https:\\\/\\\/www.irbab-kbivb.be\\\/fr\\\/irbab-asbl\\\/presentation\\\/#primaryimage\"},\"image\":{\"@id\":\"https:\\\/\\\/www.irbab-kbivb.be\\\/fr\\\/irbab-asbl\\\/presentation\\\/#primaryimage\"},\"thumbnailUrl\":\"https:\\\/\\\/www.irbab-kbivb.be\\\/wp-content\\\/uploads\\\/2015\\\/07\\\/2013-09-09-Folder-KBIVB-NL-148x300.png\",\"datePublished\":\"2015-07-09T17:23:52+00:00\",\"dateModified\":\"2024-05-15T10:23:23+00:00\",\"description\":\"L'IRBAB a pour objet la coordination et l'initiative de la recherche fondamentale, la recherche appliqu\u00e9e sur les intrants de la culture de la betterave et la vulgarisation des r\u00e9sultats vers les professionnels de la culture. Il peut \u00e9galement assurer l'\u00e9tude et la vulgarisation des possibilit\u00e9s d'am\u00e9lioration de la chicor\u00e9e et de sa culture.\",\"breadcrumb\":{\"@id\":\"https:\\\/\\\/www.irbab-kbivb.be\\\/fr\\\/irbab-asbl\\\/presentation\\\/#breadcrumb\"},\"inLanguage\":\"fr-FR\",\"potentialAction\":[{\"@type\":\"ReadAction\",\"target\":[\"https:\\\/\\\/www.irbab-kbivb.be\\\/fr\\\/irbab-asbl\\\/presentation\\\/\"]}]},{\"@type\":\"ImageObject\",\"inLanguage\":\"fr-FR\",\"@id\":\"https:\\\/\\\/www.irbab-kbivb.be\\\/fr\\\/irbab-asbl\\\/presentation\\\/#primaryimage\",\"url\":\"https:\\\/\\\/www.irbab-kbivb.be\\\/wp-content\\\/uploads\\\/2015\\\/07\\\/2013-09-09-Folder-KBIVB-NL-148x300.png\",\"contentUrl\":\"https:\\\/\\\/www.irbab-kbivb.be\\\/wp-content\\\/uploads\\\/2015\\\/07\\\/2013-09-09-Folder-KBIVB-NL-148x300.png\"},{\"@type\":\"BreadcrumbList\",\"@id\":\"https:\\\/\\\/www.irbab-kbivb.be\\\/fr\\\/irbab-asbl\\\/presentation\\\/#breadcrumb\",\"itemListElement\":[{\"@type\":\"ListItem\",\"position\":1,\"name\":\"Home\",\"item\":\"https:\\\/\\\/www.irbab-kbivb.be\\\/fr\\\/\"},{\"@type\":\"ListItem\",\"position\":2,\"name\":\"IRBAB\",\"item\":\"https:\\\/\\\/www.irbab-kbivb.be\\\/fr\\\/\"},{\"@type\":\"ListItem\",\"position\":3,\"name\":\"Pr\u00e9sentation\"}]},{\"@type\":\"WebSite\",\"@id\":\"https:\\\/\\\/www.irbab-kbivb.be\\\/#website\",\"url\":\"https:\\\/\\\/www.irbab-kbivb.be\\\/\",\"name\":\"IRBAB-KBIVB\",\"description\":\"Koninklijk Belgisch Instituut tot Verbetering van de Biet vzw | Institut Royal Belge pour l&#039;Am\u00e9lioration de la Betterave asbl\",\"potentialAction\":[{\"@type\":\"SearchAction\",\"target\":{\"@type\":\"EntryPoint\",\"urlTemplate\":\"https:\\\/\\\/www.irbab-kbivb.be\\\/?s={search_term_string}\"},\"query-input\":{\"@type\":\"PropertyValueSpecification\",\"valueRequired\":true,\"valueName\":\"search_term_string\"}}],\"inLanguage\":\"fr-FR\"}]}<\/script>\n<!-- \/ Yoast SEO plugin. -->","yoast_head_json":{"title":"Pr\u00e9sentation - IRBAB-KBIVB","description":"L'IRBAB a pour objet la coordination et l'initiative de la recherche fondamentale, la recherche appliqu\u00e9e sur les intrants de la culture de la betterave et la vulgarisation des r\u00e9sultats vers les professionnels de la culture. Il peut \u00e9galement assurer l'\u00e9tude et la vulgarisation des possibilit\u00e9s d'am\u00e9lioration de la chicor\u00e9e et de sa culture.","robots":{"index":"index","follow":"follow","max-snippet":"max-snippet:-1","max-image-preview":"max-image-preview:large","max-video-preview":"max-video-preview:-1"},"canonical":"https:\/\/www.irbab-kbivb.be\/fr\/irbab-asbl\/presentation\/","og_locale":"fr_FR","og_type":"article","og_title":"Pr\u00e9sentation - IRBAB-KBIVB","og_description":"L'IRBAB a pour objet la coordination et l'initiative de la recherche fondamentale, la recherche appliqu\u00e9e sur les intrants de la culture de la betterave et la vulgarisation des r\u00e9sultats vers les professionnels de la culture. Il peut \u00e9galement assurer l'\u00e9tude et la vulgarisation des possibilit\u00e9s d'am\u00e9lioration de la chicor\u00e9e et de sa culture.","og_url":"https:\/\/www.irbab-kbivb.be\/fr\/irbab-asbl\/presentation\/","og_site_name":"IRBAB-KBIVB","article_modified_time":"2024-05-15T10:23:23+00:00","og_image":[{"url":"https:\/\/www.irbab-kbivb.be\/wp-content\/uploads\/2015\/07\/2013-09-09-Folder-KBIVB-NL-148x300.png","type":"","width":"","height":""}],"twitter_card":"summary_large_image","twitter_misc":{"Dur\u00e9e de lecture estim\u00e9e":"3 minutes"},"schema":{"@context":"https:\/\/schema.org","@graph":[{"@type":"WebPage","@id":"https:\/\/www.irbab-kbivb.be\/fr\/irbab-asbl\/presentation\/","url":"https:\/\/www.irbab-kbivb.be\/fr\/irbab-asbl\/presentation\/","name":"Pr\u00e9sentation - IRBAB-KBIVB","isPartOf":{"@id":"https:\/\/www.irbab-kbivb.be\/#website"},"primaryImageOfPage":{"@id":"https:\/\/www.irbab-kbivb.be\/fr\/irbab-asbl\/presentation\/#primaryimage"},"image":{"@id":"https:\/\/www.irbab-kbivb.be\/fr\/irbab-asbl\/presentation\/#primaryimage"},"thumbnailUrl":"https:\/\/www.irbab-kbivb.be\/wp-content\/uploads\/2015\/07\/2013-09-09-Folder-KBIVB-NL-148x300.png","datePublished":"2015-07-09T17:23:52+00:00","dateModified":"2024-05-15T10:23:23+00:00","description":"L'IRBAB a pour objet la coordination et l'initiative de la recherche fondamentale, la recherche appliqu\u00e9e sur les intrants de la culture de la betterave et la vulgarisation des r\u00e9sultats vers les professionnels de la culture. Il peut \u00e9galement assurer l'\u00e9tude et la vulgarisation des possibilit\u00e9s d'am\u00e9lioration de la chicor\u00e9e et de sa culture.","breadcrumb":{"@id":"https:\/\/www.irbab-kbivb.be\/fr\/irbab-asbl\/presentation\/#breadcrumb"},"inLanguage":"fr-FR","potentialAction":[{"@type":"ReadAction","target":["https:\/\/www.irbab-kbivb.be\/fr\/irbab-asbl\/presentation\/"]}]},{"@type":"ImageObject","inLanguage":"fr-FR","@id":"https:\/\/www.irbab-kbivb.be\/fr\/irbab-asbl\/presentation\/#primaryimage","url":"https:\/\/www.irbab-kbivb.be\/wp-content\/uploads\/2015\/07\/2013-09-09-Folder-KBIVB-NL-148x300.png","contentUrl":"https:\/\/www.irbab-kbivb.be\/wp-content\/uploads\/2015\/07\/2013-09-09-Folder-KBIVB-NL-148x300.png"},{"@type":"BreadcrumbList","@id":"https:\/\/www.irbab-kbivb.be\/fr\/irbab-asbl\/presentation\/#breadcrumb","itemListElement":[{"@type":"ListItem","position":1,"name":"Home","item":"https:\/\/www.irbab-kbivb.be\/fr\/"},{"@type":"ListItem","position":2,"name":"IRBAB","item":"https:\/\/www.irbab-kbivb.be\/fr\/"},{"@type":"ListItem","position":3,"name":"Pr\u00e9sentation"}]},{"@type":"WebSite","@id":"https:\/\/www.irbab-kbivb.be\/#website","url":"https:\/\/www.irbab-kbivb.be\/","name":"IRBAB-KBIVB","description":"Koninklijk Belgisch Instituut tot Verbetering van de Biet vzw | Institut Royal Belge pour l&#039;Am\u00e9lioration de la Betterave asbl","potentialAction":[{"@type":"SearchAction","target":{"@type":"EntryPoint","urlTemplate":"https:\/\/www.irbab-kbivb.be\/?s={search_term_string}"},"query-input":{"@type":"PropertyValueSpecification","valueRequired":true,"valueName":"search_term_string"}}],"inLanguage":"fr-FR"}]}},"_links":{"self":[{"href":"https:\/\/www.irbab-kbivb.be\/fr\/wp-json\/wp\/v2\/pages\/384","targetHints":{"allow":["GET"]}}],"collection":[{"href":"https:\/\/www.irbab-kbivb.be\/fr\/wp-json\/wp\/v2\/pages"}],"about":[{"href":"https:\/\/www.irbab-kbivb.be\/fr\/wp-json\/wp\/v2\/types\/page"}],"author":[{"embeddable":true,"href":"https:\/\/www.irbab-kbivb.be\/fr\/wp-json\/wp\/v2\/users\/3"}],"replies":[{"embeddable":true,"href":"https:\/\/www.irbab-kbivb.be\/fr\/wp-json\/wp\/v2\/comments?post=384"}],"version-history":[{"count":3,"href":"https:\/\/www.irbab-kbivb.be\/fr\/wp-json\/wp\/v2\/pages\/384\/revisions"}],"predecessor-version":[{"id":24603,"href":"https:\/\/www.irbab-kbivb.be\/fr\/wp-json\/wp\/v2\/pages\/384\/revisions\/24603"}],"up":[{"embeddable":true,"href":"https:\/\/www.irbab-kbivb.be\/fr\/wp-json\/wp\/v2\/pages\/143"}],"wp:attachment":[{"href":"https:\/\/www.irbab-kbivb.be\/fr\/wp-json\/wp\/v2\/media?parent=384"}],"curies":[{"name":"wp","href":"https:\/\/api.w.org\/{rel}","templated":true}]}}