{"id":382,"date":"2015-07-10T14:39:23","date_gmt":"2015-07-10T14:39:23","guid":{"rendered":"http:\/\/kbivb.mailbox-belgium.com\/fr\/?page_id=382"},"modified":"2026-03-20T08:19:16","modified_gmt":"2026-03-20T07:19:16","slug":"modules-apps-en-ligne","status":"publish","type":"page","link":"https:\/\/www.irbab-kbivb.be\/fr\/publications\/modules-apps-en-ligne\/","title":{"rendered":"Modules\/Apps en ligne"},"content":{"rendered":"<p><span style=\"text-decoration: underline;\"><strong>Liste des modules\/apps en ligne<\/strong><\/span><\/p>\n<p><a href=\"https:\/\/www.irbab-kbivb.be\/fr\/modules-apps-en-ligne\/module-pk-irbab\/\">Module PK<\/a>\u00a0&#8211; Bilan th\u00e9orique de la fumure phospo-potassique<\/p>\n<p>Module &#8220;Avis th\u00e9orique <a href=\"https:\/\/www.irbab-kbivb.be\/fr\/modules-apps-en-ligne\/module-fumure-azotee-minerale\/\">Fumure azot\u00e9e<\/a>&#8221;<\/p>\n<p>Module &#8220;<a href=\"https:\/\/www.irbab-kbivb.be\/fr\/modules-apps-en-ligne\/module-tas-de-betteraves-et-nombre-theorique-de-baches-de-couverture\/\">Tas de betteraves<\/a>\u00a0et nombre th\u00e9orique de b\u00e2ches de couverture&#8221;<\/p>\n<p>Module &#8220;<a href=\"http:\/\/www.int-koop.de\/unkraut\/mod_liz_unkraut_bestimmung\/index.html?lang=fr_irbab&amp;partner=irbab\">BetaFlora<\/a>&#8221;<\/p>\n<p>Module &#8220;<a href=\"https:\/\/parasites-et-maladies.irbab-kbivb.be\/\">BetaSana<\/a>&#8221; &#8211; Identification des maladies, ravageurs et auxiliaires de la betterave<\/p>\n<p><a href=\"https:\/\/www.irbab-kbivb.be\/modules\/glossary\/fr\/glossary_fr.php\" target=\"_blank\" rel=\"noopener\">Dictionnaire betteravier multilingue<\/a><\/p>\n","protected":false},"excerpt":{"rendered":"<p>Liste des modules\/apps en ligne Module PK\u00a0&#8211; Bilan th\u00e9orique de la fumure phospo-potassique Module &#8220;Avis th\u00e9orique Fumure azot\u00e9e&#8221; Module &#8220;Tas de betteraves\u00a0et nombre th\u00e9orique de b\u00e2ches de couverture&#8221; Module &#8220;BetaFlora&#8221; Module &#8220;BetaSana&#8221; &#8211; Identification des maladies, ravageurs et auxiliaires de la betterave Dictionnaire betteravier multilingue<\/p>\n","protected":false},"author":3,"featured_media":0,"parent":1680,"menu_order":0,"comment_status":"closed","ping_status":"closed","template":"","meta":{"iawp_total_views":0,"footnotes":""},"class_list":["post-382","page","type-page","status-publish","hentry"],"yoast_head":"<!-- This site is optimized with the Yoast SEO plugin v27.5 - https:\/\/yoast.com\/product\/yoast-seo-wordpress\/ -->\n<title>Modules\/Apps en ligne - IRBAB-KBIVB<\/title>\n<meta name=\"robots\" content=\"index, follow, max-snippet:-1, max-image-preview:large, max-video-preview:-1\" \/>\n<link rel=\"canonical\" href=\"https:\/\/www.irbab-kbivb.be\/fr\/publications\/modules-apps-en-ligne\/\" \/>\n<meta property=\"og:locale\" content=\"fr_FR\" \/>\n<meta property=\"og:type\" content=\"article\" \/>\n<meta property=\"og:title\" content=\"Modules\/Apps en ligne - IRBAB-KBIVB\" \/>\n<meta property=\"og:description\" content=\"Liste des modules\/apps en ligne Module PK\u00a0&#8211; Bilan th\u00e9orique de la fumure phospo-potassique Module &#8220;Avis th\u00e9orique Fumure azot\u00e9e&#8221; Module &#8220;Tas de betteraves\u00a0et nombre th\u00e9orique de b\u00e2ches de couverture&#8221; Module &#8220;BetaFlora&#8221; Module &#8220;BetaSana&#8221; &#8211; Identification des maladies, ravageurs et auxiliaires de la betterave Dictionnaire betteravier multilingue\" \/>\n<meta property=\"og:url\" content=\"https:\/\/www.irbab-kbivb.be\/fr\/publications\/modules-apps-en-ligne\/\" \/>\n<meta property=\"og:site_name\" content=\"IRBAB-KBIVB\" \/>\n<meta property=\"article:modified_time\" content=\"2026-03-20T07:19:16+00:00\" \/>\n<meta name=\"twitter:card\" content=\"summary_large_image\" \/>\n<meta name=\"twitter:label1\" content=\"Dur\u00e9e de lecture estim\u00e9e\" \/>\n\t<meta name=\"twitter:data1\" content=\"1 minute\" \/>\n<script type=\"application\/ld+json\" class=\"yoast-schema-graph\">{\"@context\":\"https:\\\/\\\/schema.org\",\"@graph\":[{\"@type\":\"WebPage\",\"@id\":\"https:\\\/\\\/www.irbab-kbivb.be\\\/fr\\\/publications\\\/modules-apps-en-ligne\\\/\",\"url\":\"https:\\\/\\\/www.irbab-kbivb.be\\\/fr\\\/publications\\\/modules-apps-en-ligne\\\/\",\"name\":\"Modules\\\/Apps en ligne - IRBAB-KBIVB\",\"isPartOf\":{\"@id\":\"https:\\\/\\\/www.irbab-kbivb.be\\\/#website\"},\"datePublished\":\"2015-07-10T14:39:23+00:00\",\"dateModified\":\"2026-03-20T07:19:16+00:00\",\"breadcrumb\":{\"@id\":\"https:\\\/\\\/www.irbab-kbivb.be\\\/fr\\\/publications\\\/modules-apps-en-ligne\\\/#breadcrumb\"},\"inLanguage\":\"fr-FR\",\"potentialAction\":[{\"@type\":\"ReadAction\",\"target\":[\"https:\\\/\\\/www.irbab-kbivb.be\\\/fr\\\/publications\\\/modules-apps-en-ligne\\\/\"]}]},{\"@type\":\"BreadcrumbList\",\"@id\":\"https:\\\/\\\/www.irbab-kbivb.be\\\/fr\\\/publications\\\/modules-apps-en-ligne\\\/#breadcrumb\",\"itemListElement\":[{\"@type\":\"ListItem\",\"position\":1,\"name\":\"Home\",\"item\":\"https:\\\/\\\/www.irbab-kbivb.be\\\/fr\\\/\"},{\"@type\":\"ListItem\",\"position\":2,\"name\":\"Publications\",\"item\":\"https:\\\/\\\/www.irbab-kbivb.be\\\/fr\\\/publications\\\/\"},{\"@type\":\"ListItem\",\"position\":3,\"name\":\"Modules\\\/Apps en ligne\"}]},{\"@type\":\"WebSite\",\"@id\":\"https:\\\/\\\/www.irbab-kbivb.be\\\/#website\",\"url\":\"https:\\\/\\\/www.irbab-kbivb.be\\\/\",\"name\":\"IRBAB-KBIVB\",\"description\":\"Koninklijk Belgisch Instituut tot Verbetering van de Biet vzw | Institut Royal Belge pour l&#039;Am\u00e9lioration de la Betterave asbl\",\"potentialAction\":[{\"@type\":\"SearchAction\",\"target\":{\"@type\":\"EntryPoint\",\"urlTemplate\":\"https:\\\/\\\/www.irbab-kbivb.be\\\/?s={search_term_string}\"},\"query-input\":{\"@type\":\"PropertyValueSpecification\",\"valueRequired\":true,\"valueName\":\"search_term_string\"}}],\"inLanguage\":\"fr-FR\"}]}<\/script>\n<!-- \/ Yoast SEO plugin. -->","yoast_head_json":{"title":"Modules\/Apps en ligne - IRBAB-KBIVB","robots":{"index":"index","follow":"follow","max-snippet":"max-snippet:-1","max-image-preview":"max-image-preview:large","max-video-preview":"max-video-preview:-1"},"canonical":"https:\/\/www.irbab-kbivb.be\/fr\/publications\/modules-apps-en-ligne\/","og_locale":"fr_FR","og_type":"article","og_title":"Modules\/Apps en ligne - IRBAB-KBIVB","og_description":"Liste des modules\/apps en ligne Module PK\u00a0&#8211; Bilan th\u00e9orique de la fumure phospo-potassique Module &#8220;Avis th\u00e9orique Fumure azot\u00e9e&#8221; Module &#8220;Tas de betteraves\u00a0et nombre th\u00e9orique de b\u00e2ches de couverture&#8221; Module &#8220;BetaFlora&#8221; Module &#8220;BetaSana&#8221; &#8211; Identification des maladies, ravageurs et auxiliaires de la betterave Dictionnaire betteravier multilingue","og_url":"https:\/\/www.irbab-kbivb.be\/fr\/publications\/modules-apps-en-ligne\/","og_site_name":"IRBAB-KBIVB","article_modified_time":"2026-03-20T07:19:16+00:00","twitter_card":"summary_large_image","twitter_misc":{"Dur\u00e9e de lecture estim\u00e9e":"1 minute"},"schema":{"@context":"https:\/\/schema.org","@graph":[{"@type":"WebPage","@id":"https:\/\/www.irbab-kbivb.be\/fr\/publications\/modules-apps-en-ligne\/","url":"https:\/\/www.irbab-kbivb.be\/fr\/publications\/modules-apps-en-ligne\/","name":"Modules\/Apps en ligne - IRBAB-KBIVB","isPartOf":{"@id":"https:\/\/www.irbab-kbivb.be\/#website"},"datePublished":"2015-07-10T14:39:23+00:00","dateModified":"2026-03-20T07:19:16+00:00","breadcrumb":{"@id":"https:\/\/www.irbab-kbivb.be\/fr\/publications\/modules-apps-en-ligne\/#breadcrumb"},"inLanguage":"fr-FR","potentialAction":[{"@type":"ReadAction","target":["https:\/\/www.irbab-kbivb.be\/fr\/publications\/modules-apps-en-ligne\/"]}]},{"@type":"BreadcrumbList","@id":"https:\/\/www.irbab-kbivb.be\/fr\/publications\/modules-apps-en-ligne\/#breadcrumb","itemListElement":[{"@type":"ListItem","position":1,"name":"Home","item":"https:\/\/www.irbab-kbivb.be\/fr\/"},{"@type":"ListItem","position":2,"name":"Publications","item":"https:\/\/www.irbab-kbivb.be\/fr\/publications\/"},{"@type":"ListItem","position":3,"name":"Modules\/Apps en ligne"}]},{"@type":"WebSite","@id":"https:\/\/www.irbab-kbivb.be\/#website","url":"https:\/\/www.irbab-kbivb.be\/","name":"IRBAB-KBIVB","description":"Koninklijk Belgisch Instituut tot Verbetering van de Biet vzw | Institut Royal Belge pour l&#039;Am\u00e9lioration de la Betterave asbl","potentialAction":[{"@type":"SearchAction","target":{"@type":"EntryPoint","urlTemplate":"https:\/\/www.irbab-kbivb.be\/?s={search_term_string}"},"query-input":{"@type":"PropertyValueSpecification","valueRequired":true,"valueName":"search_term_string"}}],"inLanguage":"fr-FR"}]}},"_links":{"self":[{"href":"https:\/\/www.irbab-kbivb.be\/fr\/wp-json\/wp\/v2\/pages\/382","targetHints":{"allow":["GET"]}}],"collection":[{"href":"https:\/\/www.irbab-kbivb.be\/fr\/wp-json\/wp\/v2\/pages"}],"about":[{"href":"https:\/\/www.irbab-kbivb.be\/fr\/wp-json\/wp\/v2\/types\/page"}],"author":[{"embeddable":true,"href":"https:\/\/www.irbab-kbivb.be\/fr\/wp-json\/wp\/v2\/users\/3"}],"replies":[{"embeddable":true,"href":"https:\/\/www.irbab-kbivb.be\/fr\/wp-json\/wp\/v2\/comments?post=382"}],"version-history":[{"count":3,"href":"https:\/\/www.irbab-kbivb.be\/fr\/wp-json\/wp\/v2\/pages\/382\/revisions"}],"predecessor-version":[{"id":27670,"href":"https:\/\/www.irbab-kbivb.be\/fr\/wp-json\/wp\/v2\/pages\/382\/revisions\/27670"}],"up":[{"embeddable":true,"href":"https:\/\/www.irbab-kbivb.be\/fr\/wp-json\/wp\/v2\/pages\/1680"}],"wp:attachment":[{"href":"https:\/\/www.irbab-kbivb.be\/fr\/wp-json\/wp\/v2\/media?parent=382"}],"curies":[{"name":"wp","href":"https:\/\/api.w.org\/{rel}","templated":true}]}}