{"id":3430,"date":"2015-11-16T11:17:12","date_gmt":"2015-11-16T11:17:12","guid":{"rendered":"http:\/\/kbivb.mailbox-belgium.com\/fr\/?page_id=3430"},"modified":"2015-12-04T11:57:38","modified_gmt":"2015-12-04T10:57:38","slug":"historique-de-lirbab","status":"publish","type":"page","link":"https:\/\/www.irbab-kbivb.be\/fr\/historique-de-lirbab\/","title":{"rendered":"Historique de l&#8217;IRBAB"},"content":{"rendered":"<h4>1932-1940<\/h4>\n<p>L&#8217;IBAB (le &#8220;R&#8221; de &#8220;royal&#8221; date du 50e anniversaire de l&#8217;IRBAB en 1982) est fond\u00e9 le 18 mai 1932 par 37 sucreries, dont 3 fran\u00e7aises. Il est l&#8217;un des tout premiers instituts betteraviers au monde. Parmi les missions qui lui sont confi\u00e9es, il y a la lutte contre les ravageurs et la s\u00e9lection de vari\u00e9t\u00e9s de betteraves adapt\u00e9es au pays. Apr\u00e8s 15 ans, la section s\u00e9lection est d\u00e9tach\u00e9e de l&#8217;institut par les sucreries et donne naissance \u00e0 l&#8217;une des plus grandes maisons de s\u00e9lections actuelles.<br \/>\nA l&#8217;\u00e9poque, un ha de betteraves produit 30 t de racines et 4 t de sucre. 40.0000 betteraviers cultivent 50.000 hectares.<br \/>\nLes pratiques culturales se font presqu&#8217;enti\u00e8rement manuellement : fertilisation, d\u00e9mariage, d\u00e9sherbage, r\u00e9colte&#8230; Le semis se fait en ligne continue avec 25-30 kg\/ha de graines multigermes, n\u00e9cessitant un d\u00e9mariage manuel de 25 km de ligne par hectare pour une population de 75.000 plants\/ha.<br \/>\nL&#8217;emploi d&rsquo;engrais verts et l&#8217;analyse du sol se d\u00e9veloppent et l&#8217;institut recommande des doses d&#8217;engrais par ha de 50-75 kg d&#8217;azote, 30-45 de phosphore et 100-200 kg de potasse. La lutte s&#8217;organise contre la p\u00e9gomyie avec la &#8220;brosse \u00e0 mouche&#8221;. L&#8217;agent causal de la jaunisse est identifi\u00e9 comme \u00e9tant un virus transmis par les pucerons. Les premiers foyers de n\u00e9matodes apparaissent. L&rsquo;ensilage des verts de betterave se fait avec de la pulpe fra\u00eeche.<br \/>\nA partir de 1935, l&#8217;institut b\u00e9n\u00e9ficie des subsides du FNRS, lui permettant de prodiguer aux agriculteurs les conseils issus de sa recherche.<br \/>\nL&#8217;institut publie l&#8217;Atlas des Ennemis et Maladies de la Betterave en 1938.<\/p>\n<h4>1940-1950<\/h4>\n<p>Les semis de pr\u00e9cision voient le jour avec les premi\u00e8res graines monogermes m\u00e9caniques. Les premiers insecticides sont utilis\u00e9s dans la lutte contre p\u00e9gomyies, pucerons, atomaires et taupins. La m\u00e9canisation se d\u00e9veloppe avec les premi\u00e8res bineuses m\u00e9caniques et arracheuses aligneuses monorang.<br \/>\nUn semis plus pr\u00e9coce est recommand\u00e9 -avant la mi avril- sur des lits de semences pr\u00e9par\u00e9s superficiellement. L&#8217;institut pr\u00e9cise les p\u00e9riodes d&#8217;application des engrais organiques et min\u00e9raux et d\u00e9montre l&#8217;influence n\u00e9gative d&#8217;une fumure azot\u00e9e excessive sur la richesse.<br \/>\nL&#8217;institut est subsidi\u00e9 par l&#8217;IRSIA d\u00e8s sa cr\u00e9ation en 1946 et continue depuis \u00e0 recevoir le soutien des pouvoirs publics.<\/p>\n<h4>1950-1960<\/h4>\n<p>Le Minist\u00e8re de l&#8217;Agriculture d\u00e9veloppe un r\u00e9seau d&#8217;agr\u00e9ation vari\u00e9tale des grandes cultures et confie celui des betteraves \u00e0 l&#8217;IBAB.<br \/>\nLes graines monogermes m\u00e9caniques sont sem\u00e9es \u00e0 10-12 kg\/ha. Les premiers essais de semis en place sont effectu\u00e9s, allant de paire avec les travaux de printemps (distan\u00e7age). Premi\u00e8res luttes chimiques contre les mauvaises herbes (prophame, endothal, cycluron et chlorbuphame) et contre la cercosporiose. La r\u00e9colte se m\u00e9canise avec les chantiers de r\u00e9colte.<br \/>\nLes dates et seuils de traitements contre les pucerons sont d\u00e9finis. Des essais d&rsquo;ensilage de pulpe fra\u00eeche sont mis en place.<br \/>\nL&#8217;institut publie son deuxi\u00e8me Atlas des Ennemis et Maladies de la Betterave en 1958.<\/p>\n<h4>1960-1970<\/h4>\n<p>En 1968, la CBB entre dans le Conseil d&rsquo;Administration de l&rsquo;IBAB.<br \/>\nLe semis de pr\u00e9cision (5 cm) puis celui en place (17 cm) sont d\u00e9velopp\u00e9s gr\u00e2ce au semoir Tank. Les graines monogermes, d&#8217;abord m\u00e9caniques puis g\u00e9n\u00e9tiques, connaissent un essor.<br \/>\nLe contr\u00f4le de la qualit\u00e9 des graines se fait par l&#8217;institut sur base d&#8217;un cahier des charges r\u00e9dig\u00e9 par ses soins. L&rsquo;IBAB d\u00e9veloppe les premi\u00e8res effeuilleuses avec \u00e9l\u00e9vateur lat\u00e9ral pour la r\u00e9colte des verts, et participe au d\u00e9veloppement de nombreuses arracheuses. Les essais et recommandations de d\u00e9sherbage chimique se poursuivent avec des produits de post\u00e9mergence (chloridazon, l\u00e9nacile et phenm\u00e9diphame). De nombreux insecticides se d\u00e9veloppent pour lutter contre les pucerons..<\/p>\n<h4>1970-1980<\/h4>\n<p>L&rsquo;utilisation de graines monogermes se g\u00e9n\u00e9ralise, et leur pouvoir germinatif atteint plus de 90%.<br \/>\nL&rsquo;institut met en garde contre des applications excessives d&#8217;engrais azot\u00e9, de lisier ou de fumier, nuisibles \u00e0 la richesse et \u00e0 l&#8217;extractibilit\u00e9. Des exp\u00e9rimentations ont lieu avec de nouveaux phytoprotecteurs contre les adventices (\u00e9thofum\u00e9sate et m\u00e9tamitron) et contre les n\u00e9matodes avec un microgranul\u00e9 \u00e0 base d&#8217;aldicarbe, dont l&#8217;institut met en exergue l&#8217;efficacit\u00e9 contre les pucerons et donc la jaunisse.<br \/>\nLes betteraves &#8220;mauvaises herbes&#8221; apparaissent et prennent une extension importante. Une machine permettant de combattre les mont\u00e9es \u00e0 graines est d\u00e9velopp\u00e9e par l&rsquo;institut. Les premiers sympt\u00f4mes d&#8217;o\u00efdium apparaissent de mani\u00e8re significative.<br \/>\nL&rsquo;IBAB \u00e9difie une chambre respirom\u00e9trique permettant d&rsquo;\u00e9tudier le m\u00e9tabolisme de la betterave durant son stockage; il acquiert une renomm\u00e9e internationale en cette discipline, encore reconnue aujourd&#8217;hui. L&rsquo;ensilage de la pulpe surpress\u00e9e est d\u00e9velopp\u00e9 et des essais de compl\u00e9mentation de la pulpe sont r\u00e9alis\u00e9s avec les sucreries. Le repiquage de plantules de betterave, germ\u00e9es en serre, se fait \u00e0 l&#8217;aide des &#8220;paperpot&#8221;, sans conna\u00eetre d&#8217;avenir.<br \/>\nEn 1973, l&rsquo;institut s&rsquo;\u00e9quipe d&rsquo;une arracheuse-effeuilleuse \u00e0 6 rangs et construit une chargeuse d\u00e9crotteuse automotrice pour r\u00e9colter ses essais vari\u00e9taux.<\/p>\n<h4>1980-1990<\/h4>\n<p>L&#8217;IBAB f\u00eate ses 50 ans; il porte dor\u00e9navant le titre de &#8220;Soci\u00e9t\u00e9 Royale&#8221; et devient l&#8217;IRBAB. La d\u00e9cennie sera marqu\u00e9e, au niveau belge et international, par l&#8217;image d&#8217;une betterave toujours plus respectueuse de l&#8217;environnement, servant d&#8217;exemple dans le monde agricole.<br \/>\nFait unique dans les annales du secteur betterave &#8211; sucre : les pr\u00e9sident, vice-pr\u00e9sident et directeur de l&#8217;IRBAB, MM. O. Adriaenssen, F. Ghaye et M. Martens, pr\u00e9sident respectivement la CEFS, la CIBE et l&#8217;IIRB, soci\u00e9t\u00e9s europ\u00e9enes des sucriers, des betteraviers et de la recherche betteravi\u00e8re.<br \/>\nUne importante maladie virale fait malheureusement son apparition dans de nombreux pays dont le n\u00f4tre : la rhizomanie.<br \/>\nPremi\u00e8res applications localis\u00e9es d&#8217;azote dont la dose se r\u00e9duit de 30-50%, allant de paire avec un gain de la richesse. D\u00e9veloppement de la technique des basses doses herbicides : dor\u00e9navant le terme FAR est synonyme de d\u00e9sherbage de la betterave. Fabrication d&rsquo;un semoir distribuant 50% de moins d&#8217;insecticides gr\u00e2ce d&#8217;abord aux monogranul\u00e9s puis \u00e0 l&#8217;application ponctuelle de microgranul\u00e9s. Incorporation d&rsquo;insecticides dans l&rsquo;enrobage des graines, r\u00e9duisant la dose insecticide de 95%. Nouvel insecticide systemique (imidacloprid) permettant de lutter efficacement contre la jaunisse en recrudescence. Mise en place d&rsquo;un r\u00e9seau de champs d&rsquo;observation et d&rsquo;un service d&rsquo;avertissement. Des traitements fongicides sont recommand\u00e9s vu les attaques d&#8217;o\u00efdium. Premiers semis sous couvert et premiers essais avec des betteraves g\u00e9n\u00e9tiquement modifi\u00e9es, d\u00e9velopp\u00e9es par l&#8217;\u00e9quipe du professeur Van Montagu.<br \/>\nUne d\u00e9monstration internationale de travaux de printemps est organis\u00e9e \u00e0 M\u00e9haigne en 1987. Sous l&#8217;impulsion du directeur Michel Martens est cr\u00e9\u00e9e l&#8217;ADECARBA, Association pour le DEveloppement des CARburants d&#8217;origine Agricole. L&#8217;institut distribue un troisi\u00e8me Atlas des Ennemis et Maladies de la Betterave en 1982, r\u00e9alis\u00e9 par l&#8217;IIRB, l&rsquo;ITB et Deleplanque.<\/p>\n<h4>1990-2000<\/h4>\n<p>L&rsquo;IRBAB re\u00e7oit le prix du Ministre de l&rsquo;Agriculture en 1996. Le M\u00e9mento IRBAB est \u00e9dit\u00e9 \u00e0 l&#8217;occasion de ses 60 ans en 1992. La BIB (Biblioth\u00e8que Internationale de la Betterave) qui existe depuis 25 ans, est informatis\u00e9e en 1990 et comptera 27.000 r\u00e9f\u00e9rences en 2006, ann\u00e9e de sa suppression.<br \/>\nL&rsquo;IRBAB s&rsquo;\u00e9quipe d&rsquo;un nouveau semoir prototype pour la mise en place de ses plates-formes vari\u00e9tales, qui prennent de plus en plus d&#8217;importance. Le Centre Agricole Betterave Chicor\u00e9e est fond\u00e9 en 1998. Le premier site web de l&#8217;IRBA parait en 1999.<br \/>\nL&#8217;instauration des quotas et les augmentations du rendement limitent progressivement la surface betteravi\u00e8re. La production d\u00e9passe 10 t de sucre blanc par ha en 1993 et 11 t en 1997.<br \/>\nLa rhizomanie prend de l&#8217;ampleur, de m\u00eame que le rhizoctone et les n\u00e9matodes.<\/h4>\n<p>Des techniques de d\u00e9tection et de quantification mol\u00e9culaire de n\u00e9matodes sont d\u00e9velopp\u00e9es en collaboration avec l&#8217;ILVO.<br \/>\nDeux ann\u00e9es sont marqu\u00e9es par des attaques inhabituelles, l&#8217;une par Aphanomyces, l&#8217;autre par l&#8217;acarien, pour lequel l&rsquo;IRBAB d\u00e9veloppe un test d&#8217;\u00e9valuation de la r\u00e9sistance vari\u00e9tale, mis \u00e0 profit par certaines maisons de s\u00e9lection. Les maladies foliaires se d\u00e9veloppent au point de rendre la plupart de traitements fongicides rentables.<br \/>\nUn module de calcul th\u00e9orique de fertilisation azot\u00e9e est d\u00e9velopp\u00e9.<br \/>\nL&rsquo;institut effectue des tests comparatifs de semoirs et met l&rsquo;accent sur l&#8217;importance de la pr\u00e9cision du semis. Il effectue des tests similaires pour la chicor\u00e9e et organise avec Orafti une d\u00e9monstration de r\u00e9colte \u00e0 G\u00e9ronvillers.<br \/>\nUn r\u00e8glement vari\u00e9tal est d\u00e9velopp\u00e9 de concert entre le minist\u00e8re et l&#8217;IRBAB, tenant notamment compte de la repr\u00e9sentativit\u00e9 des vari\u00e9t\u00e9s commercialis\u00e9es et de leur stabilit\u00e9 agronomique.<br \/>\nLa tare terre devient une pr\u00e9occupation importante et un projet cofinanc\u00e9 par Interreg est men\u00e9 en collaboration avec l&rsquo;IRS, couronn\u00e9 par une d\u00e9monstration internationale de r\u00e9colte \u00e0 Watervliet en 1999.<\/p>\n<h4>2000-2007<\/h4>\n<p>L&#8217;IRBAB renouvelle son mat\u00e9riel de r\u00e9colte et sa salle de tarage en 2000. En 2001, il organise le congr\u00e8s mondial de la recherche betteravi\u00e8re \u00e0 Bruges et \u00e0 Vellereille.<br \/>\nLe Minist\u00e8re de l&#8217;Agriculture participe \u00e0 la r\u00e9ussite de ce congr\u00e8s en am\u00e9nageant une remarquable vitrine de toutes les cultures belges et en \u00e9ditant un livret les d\u00e9crivant une par une.<br \/>\nA la suite du nouveau r\u00e9gime sucre, le prix du sucre diminue et avec lui le revenu des sucriers et des planteurs. Ceux-ci r\u00e9duisent de 50% leur cotisation \u00e0 la recherche de l&#8217;IRBAB, entra\u00eenant une baisse de son effectif qui descend sous la barre des 15 travailleurs (37 d\u00e9but des ann\u00e9es 80).<br \/>\nL&#8217;ann\u00e9e 2002 reste grav\u00e9e dans les annales de l&#8217;agriculture belge, qui est r\u00e9gionalis\u00e9e. L&#8217;IRBAB t\u00e9moigne sa gratitude \u00e0 l&#8217;ancien Minist\u00e8re de l&#8217;agriculture qui a toujours appuy\u00e9 sa recherche. Il se r\u00e9jouit de poursuivre cette collaboration avec les deux nouveaux Minist\u00e8res r\u00e9gionaux: en Wallonie avec la DGA et le CRA-W et en Flandre avec l&#8217;IWT, l&#8217;ILVO et l&#8217;ADLO.<br \/>\nAvec l&#8217;aide de l&#8217;IG4, l&#8217;IRBAB \u00e9tudie les performances de vari\u00e9t\u00e9s moins gourmandes en azote. Avec l&#8217;appui financier du centre agricole, il \u00e9dite annuellement un nouveau guide technique.<br \/>\nLes infestations de n\u00e9matodes s&rsquo;intensifient, dues \u00e0 plusieurs facteurs dont les conditions climatiques et, en moindre mesure, l&#8217;abandon de certains produits qui poss\u00e9daient une efficacit\u00e9 secondaire. De nouvelles vari\u00e9t\u00e9s tol\u00e9rantes ou r\u00e9sistantes permettent d&#8217;y faire face mais leurs rendements restent insuffisants. Le r\u00e9chauffement climatique semble \u00e9galement expliquer la recrudescence de maladies foliaires, dont la cercosporiose.<br \/>\nUn nouveau r\u00e8glement vari\u00e9tal est d\u00e9velopp\u00e9 de concert entre les comit\u00e9s d&#8217;homologation de vari\u00e9t\u00e9s et l&#8217;IRBAB, tenant notamment compte de la possibilit\u00e9 de maintenir des vari\u00e9t\u00e9s utiles \u00e0 l&#8217;environnement (vari\u00e9t\u00e9s requ\u00e9rant moins de phytoprotecteurs contre les maladies, vari\u00e9t\u00e9s retenant moins de tare terre&#8230;).<br \/>\nL&#8217;IRBAB poursuit ses enqu\u00eates sur l&#8217;extension de la rhizomanie et propose d&#8217;abandonner les vari\u00e9t\u00e9s non r\u00e9sistante \u00e0 cette maladie; en 2007 les vari\u00e9t\u00e9s classiques n&#8217;existent pratiquement plus. Des exp\u00e9rimentations sont effectu\u00e9es sur la pulpe surpress\u00e9e afin d&rsquo;examiner les d\u00e9fauts de conservation; des \u00e9tudes sont entreprises pour remplacer les couvertures plastiques de silos de pulpes par d&rsquo;autres syst\u00e8mes. L&rsquo;institut d\u00e9veloppe ses collaborations dans le cadre des recherches sur les techniques culturales sans labour (CRA-W, KUL, Greenotec&#8230;) et est financi\u00e8rement soutenu par la province du Brabant Flamand pour ses actions men\u00e9es pour limiter l&rsquo;\u00e9rosion.<br \/>\nL&#8217;IRBAB et l&#8217;ITB effectuent un projet commun de 3 ans intitul\u00e9 &#8220;EFC &#8211; Betteraves sucri\u00e8res&#8221; pour limiter la tare terre, cofinanc\u00e9 par Interreg III. Les deux sections &#8216;Machinisme&#8217; de ces instituts \u00e9tendent leur collaboration \u00e0 d&rsquo;autres domaines. Des essais vari\u00e9taux internationaux sont entrepris avec les instituts de pays voisins.<br \/>\nL&rsquo;IRBAB r\u00e9nove sont site internet, en le rendant plus pratique et en lui adjognant des modules experts: identification des adventices, ravageurs &amp; maladies, FAR-Consult, choix vari\u00e9tal et calcul th\u00e9orique de fertilisation azot\u00e9e.<br \/>\n<div class=\"su-row\">\n<div class=\"su-column su-column-size-1-3\"><div class=\"su-column-inner su-u-clearfix su-u-trim\">\n<p style=\"text-align: center;\"><strong><span style=\"color: #78b524;\">Memento 1932-1992<\/span><\/strong><\/p>\n<p><img loading=\"lazy\" decoding=\"async\" class=\"aligncenter size-medium wp-image-3406\" style=\"border-radius: 10px; box-shadow: 5px 5px 2px #e3e3e3;\" src=\"https:\/\/www.irbab-kbivb.be\/wp-content\/uploads\/2015\/07\/memento-215x300.jpg\" alt=\"memento\" width=\"143\" height=\"200\" srcset=\"https:\/\/www.irbab-kbivb.be\/wp-content\/uploads\/2015\/07\/memento-215x300.jpg 215w, https:\/\/www.irbab-kbivb.be\/wp-content\/uploads\/2015\/07\/memento-107x150.jpg 107w, https:\/\/www.irbab-kbivb.be\/wp-content\/uploads\/2015\/07\/memento.jpg 557w\" sizes=\"auto, (max-width: 143px) 100vw, 143px\" \/><br \/>\n<\/div><\/div>\n<\/div>\n","protected":false},"excerpt":{"rendered":"<p>1932-1940 L&#8217;IBAB (le &#8220;R&#8221; de &#8220;royal&#8221; date du 50e anniversaire de l&#8217;IRBAB en 1982) est fond\u00e9 le 18 mai 1932 par 37 sucreries, dont 3 fran\u00e7aises. Il est l&#8217;un des tout premiers instituts betteraviers au monde. Parmi les missions qui lui sont confi\u00e9es, il y a la lutte contre les ravageurs et la s\u00e9lection de [&hellip;]<\/p>\n","protected":false},"author":3,"featured_media":0,"parent":0,"menu_order":0,"comment_status":"closed","ping_status":"closed","template":"","meta":{"iawp_total_views":0,"footnotes":""},"class_list":["post-3430","page","type-page","status-publish","hentry"],"yoast_head":"<!-- This site is optimized with the Yoast SEO plugin v27.5 - https:\/\/yoast.com\/product\/yoast-seo-wordpress\/ -->\n<title>Historique de l&#039;IRBAB - IRBAB-KBIVB<\/title>\n<meta name=\"description\" content=\"Historique de l&#039;IRBAB. De 1932 \u00e0 2007.\" \/>\n<meta name=\"robots\" content=\"index, follow, max-snippet:-1, max-image-preview:large, max-video-preview:-1\" \/>\n<link rel=\"canonical\" href=\"https:\/\/www.irbab-kbivb.be\/fr\/historique-de-lirbab\/\" \/>\n<meta property=\"og:locale\" content=\"fr_FR\" \/>\n<meta property=\"og:type\" content=\"article\" \/>\n<meta property=\"og:title\" content=\"Historique de l&#039;IRBAB - IRBAB-KBIVB\" \/>\n<meta property=\"og:description\" content=\"Historique de l&#039;IRBAB. De 1932 \u00e0 2007.\" \/>\n<meta property=\"og:url\" content=\"https:\/\/www.irbab-kbivb.be\/fr\/historique-de-lirbab\/\" \/>\n<meta property=\"og:site_name\" content=\"IRBAB-KBIVB\" \/>\n<meta property=\"article:modified_time\" content=\"2015-12-04T10:57:38+00:00\" \/>\n<meta property=\"og:image\" content=\"https:\/\/www.irbab-kbivb.be\/wp-content\/uploads\/2015\/07\/memento-215x300.jpg\" \/>\n<meta name=\"twitter:card\" content=\"summary_large_image\" \/>\n<meta name=\"twitter:label1\" content=\"Dur\u00e9e de lecture estim\u00e9e\" \/>\n\t<meta name=\"twitter:data1\" content=\"10 minutes\" \/>\n<script type=\"application\/ld+json\" class=\"yoast-schema-graph\">{\"@context\":\"https:\\\/\\\/schema.org\",\"@graph\":[{\"@type\":\"WebPage\",\"@id\":\"https:\\\/\\\/www.irbab-kbivb.be\\\/fr\\\/historique-de-lirbab\\\/\",\"url\":\"https:\\\/\\\/www.irbab-kbivb.be\\\/fr\\\/historique-de-lirbab\\\/\",\"name\":\"Historique de l'IRBAB - IRBAB-KBIVB\",\"isPartOf\":{\"@id\":\"https:\\\/\\\/www.irbab-kbivb.be\\\/#website\"},\"primaryImageOfPage\":{\"@id\":\"https:\\\/\\\/www.irbab-kbivb.be\\\/fr\\\/historique-de-lirbab\\\/#primaryimage\"},\"image\":{\"@id\":\"https:\\\/\\\/www.irbab-kbivb.be\\\/fr\\\/historique-de-lirbab\\\/#primaryimage\"},\"thumbnailUrl\":\"https:\\\/\\\/www.irbab-kbivb.be\\\/wp-content\\\/uploads\\\/2015\\\/07\\\/memento-215x300.jpg\",\"datePublished\":\"2015-11-16T11:17:12+00:00\",\"dateModified\":\"2015-12-04T10:57:38+00:00\",\"description\":\"Historique de l'IRBAB. De 1932 \u00e0 2007.\",\"breadcrumb\":{\"@id\":\"https:\\\/\\\/www.irbab-kbivb.be\\\/fr\\\/historique-de-lirbab\\\/#breadcrumb\"},\"inLanguage\":\"fr-FR\",\"potentialAction\":[{\"@type\":\"ReadAction\",\"target\":[\"https:\\\/\\\/www.irbab-kbivb.be\\\/fr\\\/historique-de-lirbab\\\/\"]}]},{\"@type\":\"ImageObject\",\"inLanguage\":\"fr-FR\",\"@id\":\"https:\\\/\\\/www.irbab-kbivb.be\\\/fr\\\/historique-de-lirbab\\\/#primaryimage\",\"url\":\"https:\\\/\\\/www.irbab-kbivb.be\\\/wp-content\\\/uploads\\\/2015\\\/07\\\/memento-215x300.jpg\",\"contentUrl\":\"https:\\\/\\\/www.irbab-kbivb.be\\\/wp-content\\\/uploads\\\/2015\\\/07\\\/memento-215x300.jpg\"},{\"@type\":\"BreadcrumbList\",\"@id\":\"https:\\\/\\\/www.irbab-kbivb.be\\\/fr\\\/historique-de-lirbab\\\/#breadcrumb\",\"itemListElement\":[{\"@type\":\"ListItem\",\"position\":1,\"name\":\"Home\",\"item\":\"https:\\\/\\\/www.irbab-kbivb.be\\\/fr\\\/\"},{\"@type\":\"ListItem\",\"position\":2,\"name\":\"Historique de l&#8217;IRBAB\"}]},{\"@type\":\"WebSite\",\"@id\":\"https:\\\/\\\/www.irbab-kbivb.be\\\/#website\",\"url\":\"https:\\\/\\\/www.irbab-kbivb.be\\\/\",\"name\":\"IRBAB-KBIVB\",\"description\":\"Koninklijk Belgisch Instituut tot Verbetering van de Biet vzw | Institut Royal Belge pour l&#039;Am\u00e9lioration de la Betterave asbl\",\"potentialAction\":[{\"@type\":\"SearchAction\",\"target\":{\"@type\":\"EntryPoint\",\"urlTemplate\":\"https:\\\/\\\/www.irbab-kbivb.be\\\/?s={search_term_string}\"},\"query-input\":{\"@type\":\"PropertyValueSpecification\",\"valueRequired\":true,\"valueName\":\"search_term_string\"}}],\"inLanguage\":\"fr-FR\"}]}<\/script>\n<!-- \/ Yoast SEO plugin. -->","yoast_head_json":{"title":"Historique de l'IRBAB - IRBAB-KBIVB","description":"Historique de l'IRBAB. De 1932 \u00e0 2007.","robots":{"index":"index","follow":"follow","max-snippet":"max-snippet:-1","max-image-preview":"max-image-preview:large","max-video-preview":"max-video-preview:-1"},"canonical":"https:\/\/www.irbab-kbivb.be\/fr\/historique-de-lirbab\/","og_locale":"fr_FR","og_type":"article","og_title":"Historique de l'IRBAB - IRBAB-KBIVB","og_description":"Historique de l'IRBAB. De 1932 \u00e0 2007.","og_url":"https:\/\/www.irbab-kbivb.be\/fr\/historique-de-lirbab\/","og_site_name":"IRBAB-KBIVB","article_modified_time":"2015-12-04T10:57:38+00:00","og_image":[{"url":"https:\/\/www.irbab-kbivb.be\/wp-content\/uploads\/2015\/07\/memento-215x300.jpg","type":"","width":"","height":""}],"twitter_card":"summary_large_image","twitter_misc":{"Dur\u00e9e de lecture estim\u00e9e":"10 minutes"},"schema":{"@context":"https:\/\/schema.org","@graph":[{"@type":"WebPage","@id":"https:\/\/www.irbab-kbivb.be\/fr\/historique-de-lirbab\/","url":"https:\/\/www.irbab-kbivb.be\/fr\/historique-de-lirbab\/","name":"Historique de l'IRBAB - IRBAB-KBIVB","isPartOf":{"@id":"https:\/\/www.irbab-kbivb.be\/#website"},"primaryImageOfPage":{"@id":"https:\/\/www.irbab-kbivb.be\/fr\/historique-de-lirbab\/#primaryimage"},"image":{"@id":"https:\/\/www.irbab-kbivb.be\/fr\/historique-de-lirbab\/#primaryimage"},"thumbnailUrl":"https:\/\/www.irbab-kbivb.be\/wp-content\/uploads\/2015\/07\/memento-215x300.jpg","datePublished":"2015-11-16T11:17:12+00:00","dateModified":"2015-12-04T10:57:38+00:00","description":"Historique de l'IRBAB. De 1932 \u00e0 2007.","breadcrumb":{"@id":"https:\/\/www.irbab-kbivb.be\/fr\/historique-de-lirbab\/#breadcrumb"},"inLanguage":"fr-FR","potentialAction":[{"@type":"ReadAction","target":["https:\/\/www.irbab-kbivb.be\/fr\/historique-de-lirbab\/"]}]},{"@type":"ImageObject","inLanguage":"fr-FR","@id":"https:\/\/www.irbab-kbivb.be\/fr\/historique-de-lirbab\/#primaryimage","url":"https:\/\/www.irbab-kbivb.be\/wp-content\/uploads\/2015\/07\/memento-215x300.jpg","contentUrl":"https:\/\/www.irbab-kbivb.be\/wp-content\/uploads\/2015\/07\/memento-215x300.jpg"},{"@type":"BreadcrumbList","@id":"https:\/\/www.irbab-kbivb.be\/fr\/historique-de-lirbab\/#breadcrumb","itemListElement":[{"@type":"ListItem","position":1,"name":"Home","item":"https:\/\/www.irbab-kbivb.be\/fr\/"},{"@type":"ListItem","position":2,"name":"Historique de l&#8217;IRBAB"}]},{"@type":"WebSite","@id":"https:\/\/www.irbab-kbivb.be\/#website","url":"https:\/\/www.irbab-kbivb.be\/","name":"IRBAB-KBIVB","description":"Koninklijk Belgisch Instituut tot Verbetering van de Biet vzw | Institut Royal Belge pour l&#039;Am\u00e9lioration de la Betterave asbl","potentialAction":[{"@type":"SearchAction","target":{"@type":"EntryPoint","urlTemplate":"https:\/\/www.irbab-kbivb.be\/?s={search_term_string}"},"query-input":{"@type":"PropertyValueSpecification","valueRequired":true,"valueName":"search_term_string"}}],"inLanguage":"fr-FR"}]}},"_links":{"self":[{"href":"https:\/\/www.irbab-kbivb.be\/fr\/wp-json\/wp\/v2\/pages\/3430","targetHints":{"allow":["GET"]}}],"collection":[{"href":"https:\/\/www.irbab-kbivb.be\/fr\/wp-json\/wp\/v2\/pages"}],"about":[{"href":"https:\/\/www.irbab-kbivb.be\/fr\/wp-json\/wp\/v2\/types\/page"}],"author":[{"embeddable":true,"href":"https:\/\/www.irbab-kbivb.be\/fr\/wp-json\/wp\/v2\/users\/3"}],"replies":[{"embeddable":true,"href":"https:\/\/www.irbab-kbivb.be\/fr\/wp-json\/wp\/v2\/comments?post=3430"}],"version-history":[{"count":2,"href":"https:\/\/www.irbab-kbivb.be\/fr\/wp-json\/wp\/v2\/pages\/3430\/revisions"}],"predecessor-version":[{"id":4910,"href":"https:\/\/www.irbab-kbivb.be\/fr\/wp-json\/wp\/v2\/pages\/3430\/revisions\/4910"}],"wp:attachment":[{"href":"https:\/\/www.irbab-kbivb.be\/fr\/wp-json\/wp\/v2\/media?parent=3430"}],"curies":[{"name":"wp","href":"https:\/\/api.w.org\/{rel}","templated":true}]}}