{"id":26338,"date":"2025-04-16T09:22:49","date_gmt":"2025-04-16T07:22:49","guid":{"rendered":"https:\/\/www.irbab-kbivb.be\/?page_id=26338"},"modified":"2025-04-16T09:22:52","modified_gmt":"2025-04-16T07:22:52","slug":"juillet-aout-2025-problemes-sanitaires-signales-en-culture-chicorees","status":"publish","type":"page","link":"https:\/\/www.irbab-kbivb.be\/fr\/cartographie-champs-dobservations\/juillet-aout-2025-problemes-sanitaires-signales-en-culture-chicorees\/","title":{"rendered":"Juillet-Ao\u00fbt 2025 : Probl\u00e8mes sanitaires signal\u00e9s en culture (chicor\u00e9es)"},"content":{"rendered":"<p>R\u00e9seau de champs d&#8217;observations de l&#8217;IRBAB pour la culture de la chicor\u00e9e en 2025<\/p>\n<p><span style=\"text-decoration: underline;\">L\u00e9gende<\/span> :<a href=\"https:\/\/www.irbab-kbivb.be\/wp-content\/uploads\/2021\/07\/Legende-bladziekten-cichorei-3.jpg\"><img loading=\"lazy\" decoding=\"async\" class=\"aligncenter wp-image-21428\" src=\"https:\/\/www.irbab-kbivb.be\/wp-content\/uploads\/2021\/07\/Legende-bladziekten-cichorei-3-300x248.jpg\" alt=\"\" width=\"350\" height=\"289\" srcset=\"https:\/\/www.irbab-kbivb.be\/wp-content\/uploads\/2021\/07\/Legende-bladziekten-cichorei-3-300x248.jpg 300w, https:\/\/www.irbab-kbivb.be\/wp-content\/uploads\/2021\/07\/Legende-bladziekten-cichorei-3.jpg 509w\" sizes=\"auto, (max-width: 350px) 100vw, 350px\" \/><\/a><\/p>\n<p>Plus d\u2019informations sur la l\u00e9gende\u00a0:<\/p>\n<p>L\u2019o\u00efdium est consid\u00e9r\u00e9 comme la maladie cryptogamique foliaire la plus dommageable, suivi de l\u2019alternariose et de la rouille. Chaque maladie qui est pr\u00e9sente dans le champ sera indiqu\u00e9e par une couleur diff\u00e9rente. Lorsque plusieurs maladies sont pr\u00e9sentes, le champ prend la couleur de la maladie consid\u00e9r\u00e9e comme la plus dommageable. Par exemple, si le seuil a \u00e9t\u00e9 atteint pour l\u2019alternariose et la rouille, le champ sera indiqu\u00e9 en rouge car l\u2019alternariose peut engendrer un impact sur le rendement plus important que la rouille en l\u2019absence de traitement en temps opportun.<\/p>\n<p>La carte des champs d&#8217;observation est actualis\u00e9e plusieurs fois par semaine selon les donn\u00e9es transmises par les observateurs.<br \/><em>(cliquer sur l&#8217;icone pour les donn\u00e9es actualis\u00e9es du champ correspondant)\u00a0<\/em><\/p>\n\n\n<iframe loading=\"lazy\" src=\"https:\/\/www.google.com\/maps\/d\/embed?mid=1gDasUv8UBjimqhaafkEO99b3c6RSnsg&#038;ehbc=2E312F\" width=\"640\" height=\"480\"><\/iframe>\n\n\n","protected":false},"excerpt":{"rendered":"<p>R\u00e9seau de champs d&#8217;observations de l&#8217;IRBAB pour la culture de la chicor\u00e9e en 2025 L\u00e9gende : Plus d\u2019informations sur la l\u00e9gende\u00a0: L\u2019o\u00efdium est consid\u00e9r\u00e9 comme la maladie cryptogamique foliaire la plus dommageable, suivi de l\u2019alternariose et de la rouille. Chaque maladie qui est pr\u00e9sente dans le champ sera indiqu\u00e9e par une couleur diff\u00e9rente. Lorsque plusieurs [&hellip;]<\/p>\n","protected":false},"author":3,"featured_media":0,"parent":1185,"menu_order":0,"comment_status":"closed","ping_status":"closed","template":"","meta":{"iawp_total_views":0,"footnotes":""},"class_list":["post-26338","page","type-page","status-publish","hentry"],"yoast_head":"<!-- This site is optimized with the Yoast SEO plugin v27.4 - https:\/\/yoast.com\/product\/yoast-seo-wordpress\/ -->\n<title>Juillet-Ao\u00fbt 2025 : Probl\u00e8mes sanitaires signal\u00e9s en culture (chicor\u00e9es) - IRBAB-KBIVB<\/title>\n<meta name=\"description\" content=\"Cartographie chicor\u00e9es 2024. Mars-avril : semis et pourcentage de lev\u00e9e.\" \/>\n<meta name=\"robots\" content=\"index, follow, max-snippet:-1, max-image-preview:large, max-video-preview:-1\" \/>\n<link rel=\"canonical\" href=\"https:\/\/www.irbab-kbivb.be\/fr\/cartographie-champs-dobservations\/juillet-aout-2025-problemes-sanitaires-signales-en-culture-chicorees\/\" \/>\n<meta property=\"og:locale\" content=\"fr_FR\" \/>\n<meta property=\"og:type\" content=\"article\" \/>\n<meta property=\"og:title\" content=\"Juillet-Ao\u00fbt 2025 : Probl\u00e8mes sanitaires signal\u00e9s en culture (chicor\u00e9es) - IRBAB-KBIVB\" \/>\n<meta property=\"og:description\" content=\"Cartographie chicor\u00e9es 2024. Mars-avril : semis et pourcentage de lev\u00e9e.\" \/>\n<meta property=\"og:url\" content=\"https:\/\/www.irbab-kbivb.be\/fr\/cartographie-champs-dobservations\/juillet-aout-2025-problemes-sanitaires-signales-en-culture-chicorees\/\" \/>\n<meta property=\"og:site_name\" content=\"IRBAB-KBIVB\" \/>\n<meta property=\"article:modified_time\" content=\"2025-04-16T07:22:52+00:00\" \/>\n<meta property=\"og:image\" content=\"https:\/\/www.irbab-kbivb.be\/wp-content\/uploads\/2021\/07\/Legende-bladziekten-cichorei-3.jpg\" \/>\n\t<meta property=\"og:image:width\" content=\"509\" \/>\n\t<meta property=\"og:image:height\" content=\"421\" \/>\n\t<meta property=\"og:image:type\" content=\"image\/jpeg\" \/>\n<meta name=\"twitter:card\" content=\"summary_large_image\" \/>\n<meta name=\"twitter:label1\" content=\"Dur\u00e9e de lecture estim\u00e9e\" \/>\n\t<meta name=\"twitter:data1\" content=\"1 minute\" \/>\n<script type=\"application\/ld+json\" class=\"yoast-schema-graph\">{\"@context\":\"https:\\\/\\\/schema.org\",\"@graph\":[{\"@type\":\"WebPage\",\"@id\":\"https:\\\/\\\/www.irbab-kbivb.be\\\/fr\\\/cartographie-champs-dobservations\\\/juillet-aout-2025-problemes-sanitaires-signales-en-culture-chicorees\\\/\",\"url\":\"https:\\\/\\\/www.irbab-kbivb.be\\\/fr\\\/cartographie-champs-dobservations\\\/juillet-aout-2025-problemes-sanitaires-signales-en-culture-chicorees\\\/\",\"name\":\"Juillet-Ao\u00fbt 2025 : Probl\u00e8mes sanitaires signal\u00e9s en culture (chicor\u00e9es) - IRBAB-KBIVB\",\"isPartOf\":{\"@id\":\"https:\\\/\\\/www.irbab-kbivb.be\\\/#website\"},\"primaryImageOfPage\":{\"@id\":\"https:\\\/\\\/www.irbab-kbivb.be\\\/fr\\\/cartographie-champs-dobservations\\\/juillet-aout-2025-problemes-sanitaires-signales-en-culture-chicorees\\\/#primaryimage\"},\"image\":{\"@id\":\"https:\\\/\\\/www.irbab-kbivb.be\\\/fr\\\/cartographie-champs-dobservations\\\/juillet-aout-2025-problemes-sanitaires-signales-en-culture-chicorees\\\/#primaryimage\"},\"thumbnailUrl\":\"https:\\\/\\\/www.irbab-kbivb.be\\\/wp-content\\\/uploads\\\/2021\\\/07\\\/Legende-bladziekten-cichorei-3-300x248.jpg\",\"datePublished\":\"2025-04-16T07:22:49+00:00\",\"dateModified\":\"2025-04-16T07:22:52+00:00\",\"description\":\"Cartographie chicor\u00e9es 2024. Mars-avril : semis et pourcentage de lev\u00e9e.\",\"breadcrumb\":{\"@id\":\"https:\\\/\\\/www.irbab-kbivb.be\\\/fr\\\/cartographie-champs-dobservations\\\/juillet-aout-2025-problemes-sanitaires-signales-en-culture-chicorees\\\/#breadcrumb\"},\"inLanguage\":\"fr-FR\",\"potentialAction\":[{\"@type\":\"ReadAction\",\"target\":[\"https:\\\/\\\/www.irbab-kbivb.be\\\/fr\\\/cartographie-champs-dobservations\\\/juillet-aout-2025-problemes-sanitaires-signales-en-culture-chicorees\\\/\"]}]},{\"@type\":\"ImageObject\",\"inLanguage\":\"fr-FR\",\"@id\":\"https:\\\/\\\/www.irbab-kbivb.be\\\/fr\\\/cartographie-champs-dobservations\\\/juillet-aout-2025-problemes-sanitaires-signales-en-culture-chicorees\\\/#primaryimage\",\"url\":\"https:\\\/\\\/www.irbab-kbivb.be\\\/wp-content\\\/uploads\\\/2021\\\/07\\\/Legende-bladziekten-cichorei-3-300x248.jpg\",\"contentUrl\":\"https:\\\/\\\/www.irbab-kbivb.be\\\/wp-content\\\/uploads\\\/2021\\\/07\\\/Legende-bladziekten-cichorei-3-300x248.jpg\"},{\"@type\":\"BreadcrumbList\",\"@id\":\"https:\\\/\\\/www.irbab-kbivb.be\\\/fr\\\/cartographie-champs-dobservations\\\/juillet-aout-2025-problemes-sanitaires-signales-en-culture-chicorees\\\/#breadcrumb\",\"itemListElement\":[{\"@type\":\"ListItem\",\"position\":1,\"name\":\"Home\",\"item\":\"https:\\\/\\\/www.irbab-kbivb.be\\\/fr\\\/\"},{\"@type\":\"ListItem\",\"position\":2,\"name\":\"Cartographie champs d&#8217;observations\",\"item\":\"https:\\\/\\\/www.irbab-kbivb.be\\\/fr\\\/cartographie-champs-dobservations\\\/\"},{\"@type\":\"ListItem\",\"position\":3,\"name\":\"Juillet-Ao\u00fbt 2025 : Probl\u00e8mes sanitaires signal\u00e9s en culture (chicor\u00e9es)\"}]},{\"@type\":\"WebSite\",\"@id\":\"https:\\\/\\\/www.irbab-kbivb.be\\\/#website\",\"url\":\"https:\\\/\\\/www.irbab-kbivb.be\\\/\",\"name\":\"IRBAB-KBIVB\",\"description\":\"Koninklijk Belgisch Instituut tot Verbetering van de Biet vzw | Institut Royal Belge pour l&#039;Am\u00e9lioration de la Betterave asbl\",\"potentialAction\":[{\"@type\":\"SearchAction\",\"target\":{\"@type\":\"EntryPoint\",\"urlTemplate\":\"https:\\\/\\\/www.irbab-kbivb.be\\\/?s={search_term_string}\"},\"query-input\":{\"@type\":\"PropertyValueSpecification\",\"valueRequired\":true,\"valueName\":\"search_term_string\"}}],\"inLanguage\":\"fr-FR\"}]}<\/script>\n<!-- \/ Yoast SEO plugin. -->","yoast_head_json":{"title":"Juillet-Ao\u00fbt 2025 : Probl\u00e8mes sanitaires signal\u00e9s en culture (chicor\u00e9es) - IRBAB-KBIVB","description":"Cartographie chicor\u00e9es 2024. Mars-avril : semis et pourcentage de lev\u00e9e.","robots":{"index":"index","follow":"follow","max-snippet":"max-snippet:-1","max-image-preview":"max-image-preview:large","max-video-preview":"max-video-preview:-1"},"canonical":"https:\/\/www.irbab-kbivb.be\/fr\/cartographie-champs-dobservations\/juillet-aout-2025-problemes-sanitaires-signales-en-culture-chicorees\/","og_locale":"fr_FR","og_type":"article","og_title":"Juillet-Ao\u00fbt 2025 : Probl\u00e8mes sanitaires signal\u00e9s en culture (chicor\u00e9es) - IRBAB-KBIVB","og_description":"Cartographie chicor\u00e9es 2024. Mars-avril : semis et pourcentage de lev\u00e9e.","og_url":"https:\/\/www.irbab-kbivb.be\/fr\/cartographie-champs-dobservations\/juillet-aout-2025-problemes-sanitaires-signales-en-culture-chicorees\/","og_site_name":"IRBAB-KBIVB","article_modified_time":"2025-04-16T07:22:52+00:00","og_image":[{"width":509,"height":421,"url":"https:\/\/www.irbab-kbivb.be\/wp-content\/uploads\/2021\/07\/Legende-bladziekten-cichorei-3.jpg","type":"image\/jpeg"}],"twitter_card":"summary_large_image","twitter_misc":{"Dur\u00e9e de lecture estim\u00e9e":"1 minute"},"schema":{"@context":"https:\/\/schema.org","@graph":[{"@type":"WebPage","@id":"https:\/\/www.irbab-kbivb.be\/fr\/cartographie-champs-dobservations\/juillet-aout-2025-problemes-sanitaires-signales-en-culture-chicorees\/","url":"https:\/\/www.irbab-kbivb.be\/fr\/cartographie-champs-dobservations\/juillet-aout-2025-problemes-sanitaires-signales-en-culture-chicorees\/","name":"Juillet-Ao\u00fbt 2025 : Probl\u00e8mes sanitaires signal\u00e9s en culture (chicor\u00e9es) - IRBAB-KBIVB","isPartOf":{"@id":"https:\/\/www.irbab-kbivb.be\/#website"},"primaryImageOfPage":{"@id":"https:\/\/www.irbab-kbivb.be\/fr\/cartographie-champs-dobservations\/juillet-aout-2025-problemes-sanitaires-signales-en-culture-chicorees\/#primaryimage"},"image":{"@id":"https:\/\/www.irbab-kbivb.be\/fr\/cartographie-champs-dobservations\/juillet-aout-2025-problemes-sanitaires-signales-en-culture-chicorees\/#primaryimage"},"thumbnailUrl":"https:\/\/www.irbab-kbivb.be\/wp-content\/uploads\/2021\/07\/Legende-bladziekten-cichorei-3-300x248.jpg","datePublished":"2025-04-16T07:22:49+00:00","dateModified":"2025-04-16T07:22:52+00:00","description":"Cartographie chicor\u00e9es 2024. Mars-avril : semis et pourcentage de lev\u00e9e.","breadcrumb":{"@id":"https:\/\/www.irbab-kbivb.be\/fr\/cartographie-champs-dobservations\/juillet-aout-2025-problemes-sanitaires-signales-en-culture-chicorees\/#breadcrumb"},"inLanguage":"fr-FR","potentialAction":[{"@type":"ReadAction","target":["https:\/\/www.irbab-kbivb.be\/fr\/cartographie-champs-dobservations\/juillet-aout-2025-problemes-sanitaires-signales-en-culture-chicorees\/"]}]},{"@type":"ImageObject","inLanguage":"fr-FR","@id":"https:\/\/www.irbab-kbivb.be\/fr\/cartographie-champs-dobservations\/juillet-aout-2025-problemes-sanitaires-signales-en-culture-chicorees\/#primaryimage","url":"https:\/\/www.irbab-kbivb.be\/wp-content\/uploads\/2021\/07\/Legende-bladziekten-cichorei-3-300x248.jpg","contentUrl":"https:\/\/www.irbab-kbivb.be\/wp-content\/uploads\/2021\/07\/Legende-bladziekten-cichorei-3-300x248.jpg"},{"@type":"BreadcrumbList","@id":"https:\/\/www.irbab-kbivb.be\/fr\/cartographie-champs-dobservations\/juillet-aout-2025-problemes-sanitaires-signales-en-culture-chicorees\/#breadcrumb","itemListElement":[{"@type":"ListItem","position":1,"name":"Home","item":"https:\/\/www.irbab-kbivb.be\/fr\/"},{"@type":"ListItem","position":2,"name":"Cartographie champs d&#8217;observations","item":"https:\/\/www.irbab-kbivb.be\/fr\/cartographie-champs-dobservations\/"},{"@type":"ListItem","position":3,"name":"Juillet-Ao\u00fbt 2025 : Probl\u00e8mes sanitaires signal\u00e9s en culture (chicor\u00e9es)"}]},{"@type":"WebSite","@id":"https:\/\/www.irbab-kbivb.be\/#website","url":"https:\/\/www.irbab-kbivb.be\/","name":"IRBAB-KBIVB","description":"Koninklijk Belgisch Instituut tot Verbetering van de Biet vzw | Institut Royal Belge pour l&#039;Am\u00e9lioration de la Betterave asbl","potentialAction":[{"@type":"SearchAction","target":{"@type":"EntryPoint","urlTemplate":"https:\/\/www.irbab-kbivb.be\/?s={search_term_string}"},"query-input":{"@type":"PropertyValueSpecification","valueRequired":true,"valueName":"search_term_string"}}],"inLanguage":"fr-FR"}]}},"_links":{"self":[{"href":"https:\/\/www.irbab-kbivb.be\/fr\/wp-json\/wp\/v2\/pages\/26338","targetHints":{"allow":["GET"]}}],"collection":[{"href":"https:\/\/www.irbab-kbivb.be\/fr\/wp-json\/wp\/v2\/pages"}],"about":[{"href":"https:\/\/www.irbab-kbivb.be\/fr\/wp-json\/wp\/v2\/types\/page"}],"author":[{"embeddable":true,"href":"https:\/\/www.irbab-kbivb.be\/fr\/wp-json\/wp\/v2\/users\/3"}],"replies":[{"embeddable":true,"href":"https:\/\/www.irbab-kbivb.be\/fr\/wp-json\/wp\/v2\/comments?post=26338"}],"version-history":[{"count":1,"href":"https:\/\/www.irbab-kbivb.be\/fr\/wp-json\/wp\/v2\/pages\/26338\/revisions"}],"predecessor-version":[{"id":26340,"href":"https:\/\/www.irbab-kbivb.be\/fr\/wp-json\/wp\/v2\/pages\/26338\/revisions\/26340"}],"up":[{"embeddable":true,"href":"https:\/\/www.irbab-kbivb.be\/fr\/wp-json\/wp\/v2\/pages\/1185"}],"wp:attachment":[{"href":"https:\/\/www.irbab-kbivb.be\/fr\/wp-json\/wp\/v2\/media?parent=26338"}],"curies":[{"name":"wp","href":"https:\/\/api.w.org\/{rel}","templated":true}]}}