{"id":26254,"date":"2025-04-04T13:28:55","date_gmt":"2025-04-04T11:28:55","guid":{"rendered":"https:\/\/www.irbab-kbivb.be\/?page_id=26254"},"modified":"2025-04-04T13:30:22","modified_gmt":"2025-04-04T11:30:22","slug":"mars-avril-20254-semis-pourcentage-de-levee-et-developpement-de-la-culture-chicorees","status":"publish","type":"page","link":"https:\/\/www.irbab-kbivb.be\/fr\/irbab-asbl\/mars-avril-20254-semis-pourcentage-de-levee-et-developpement-de-la-culture-chicorees\/","title":{"rendered":"Mars-avril 2025 : semis, pourcentage de lev\u00e9e et d\u00e9veloppement de la culture (chicor\u00e9es)"},"content":{"rendered":"<p>R\u00e9seau de champs d&#8217;observations de l&#8217;IRBAB pour la culture de la chicor\u00e9e en 2025<\/p>\n<p><span style=\"text-decoration: underline;\">L\u00e9gende<\/span> :<a href=\"https:\/\/www.irbab-kbivb.be\/wp-content\/uploads\/2021\/04\/Legende-opkomst-aangepast.jpg\"><img loading=\"lazy\" decoding=\"async\" class=\"aligncenter wp-image-21130 size-medium\" src=\"https:\/\/www.irbab-kbivb.be\/wp-content\/uploads\/2021\/04\/Legende-opkomst-aangepast-300x244.jpg\" alt=\"\" width=\"300\" height=\"244\" srcset=\"https:\/\/www.irbab-kbivb.be\/wp-content\/uploads\/2021\/04\/Legende-opkomst-aangepast-300x244.jpg 300w, https:\/\/www.irbab-kbivb.be\/wp-content\/uploads\/2021\/04\/Legende-opkomst-aangepast.jpg 423w\" sizes=\"auto, (max-width: 300px) 100vw, 300px\" \/><\/a>La carte des champs d&#8217;observation est actualis\u00e9e plusieurs fois par semaine selon les donn\u00e9es transmises par les observateurs.<br \/><em>(cliquer sur l&#8217;icone pour les donn\u00e9es actualis\u00e9es du champ correspondant)\u00a0<\/em><\/p>\n\n\n<iframe loading=\"lazy\" src=\"https:\/\/www.google.com\/maps\/d\/embed?mid=1ZrZLSA2xUfggww3vxOSnLFK6FnV-kqw&#038;ehbc=2E312F\" width=\"640\" height=\"480\"><\/iframe>\n\n\n","protected":false},"excerpt":{"rendered":"<p>R\u00e9seau de champs d&#8217;observations de l&#8217;IRBAB pour la culture de la chicor\u00e9e en 2025 L\u00e9gende :La carte des champs d&#8217;observation est actualis\u00e9e plusieurs fois par semaine selon les donn\u00e9es transmises par les observateurs.(cliquer sur l&#8217;icone pour les donn\u00e9es actualis\u00e9es du champ correspondant)\u00a0<\/p>\n","protected":false},"author":3,"featured_media":0,"parent":143,"menu_order":0,"comment_status":"closed","ping_status":"closed","template":"","meta":{"iawp_total_views":0,"footnotes":""},"class_list":["post-26254","page","type-page","status-publish","hentry"],"yoast_head":"<!-- This site is optimized with the Yoast SEO plugin v27.5 - https:\/\/yoast.com\/product\/yoast-seo-wordpress\/ -->\n<title>Mars-avril 2025 : semis, pourcentage de lev\u00e9e et d\u00e9veloppement de la culture (chicor\u00e9es) - IRBAB-KBIVB<\/title>\n<meta name=\"description\" content=\"Cartographie chicor\u00e9es 2024. Mars-avril : semis et pourcentage de lev\u00e9e.\" \/>\n<meta name=\"robots\" content=\"index, follow, max-snippet:-1, max-image-preview:large, max-video-preview:-1\" \/>\n<link rel=\"canonical\" href=\"https:\/\/www.irbab-kbivb.be\/fr\/irbab-asbl\/mars-avril-20254-semis-pourcentage-de-levee-et-developpement-de-la-culture-chicorees\/\" \/>\n<meta property=\"og:locale\" content=\"fr_FR\" \/>\n<meta property=\"og:type\" content=\"article\" \/>\n<meta property=\"og:title\" content=\"Mars-avril 2025 : semis, pourcentage de lev\u00e9e et d\u00e9veloppement de la culture (chicor\u00e9es) - IRBAB-KBIVB\" \/>\n<meta property=\"og:description\" content=\"Cartographie chicor\u00e9es 2024. Mars-avril : semis et pourcentage de lev\u00e9e.\" \/>\n<meta property=\"og:url\" content=\"https:\/\/www.irbab-kbivb.be\/fr\/irbab-asbl\/mars-avril-20254-semis-pourcentage-de-levee-et-developpement-de-la-culture-chicorees\/\" \/>\n<meta property=\"og:site_name\" content=\"IRBAB-KBIVB\" \/>\n<meta property=\"article:modified_time\" content=\"2025-04-04T11:30:22+00:00\" \/>\n<meta property=\"og:image\" content=\"https:\/\/www.irbab-kbivb.be\/wp-content\/uploads\/2021\/04\/Legende-opkomst-aangepast.jpg\" \/>\n\t<meta property=\"og:image:width\" content=\"423\" \/>\n\t<meta property=\"og:image:height\" content=\"344\" \/>\n\t<meta property=\"og:image:type\" content=\"image\/jpeg\" \/>\n<meta name=\"twitter:card\" content=\"summary_large_image\" \/>\n<meta name=\"twitter:label1\" content=\"Dur\u00e9e de lecture estim\u00e9e\" \/>\n\t<meta name=\"twitter:data1\" content=\"1 minute\" \/>\n<script type=\"application\/ld+json\" class=\"yoast-schema-graph\">{\"@context\":\"https:\\\/\\\/schema.org\",\"@graph\":[{\"@type\":\"WebPage\",\"@id\":\"https:\\\/\\\/www.irbab-kbivb.be\\\/fr\\\/irbab-asbl\\\/mars-avril-20254-semis-pourcentage-de-levee-et-developpement-de-la-culture-chicorees\\\/\",\"url\":\"https:\\\/\\\/www.irbab-kbivb.be\\\/fr\\\/irbab-asbl\\\/mars-avril-20254-semis-pourcentage-de-levee-et-developpement-de-la-culture-chicorees\\\/\",\"name\":\"Mars-avril 2025 : semis, pourcentage de lev\u00e9e et d\u00e9veloppement de la culture (chicor\u00e9es) - IRBAB-KBIVB\",\"isPartOf\":{\"@id\":\"https:\\\/\\\/www.irbab-kbivb.be\\\/#website\"},\"primaryImageOfPage\":{\"@id\":\"https:\\\/\\\/www.irbab-kbivb.be\\\/fr\\\/irbab-asbl\\\/mars-avril-20254-semis-pourcentage-de-levee-et-developpement-de-la-culture-chicorees\\\/#primaryimage\"},\"image\":{\"@id\":\"https:\\\/\\\/www.irbab-kbivb.be\\\/fr\\\/irbab-asbl\\\/mars-avril-20254-semis-pourcentage-de-levee-et-developpement-de-la-culture-chicorees\\\/#primaryimage\"},\"thumbnailUrl\":\"https:\\\/\\\/www.irbab-kbivb.be\\\/wp-content\\\/uploads\\\/2021\\\/04\\\/Legende-opkomst-aangepast-300x244.jpg\",\"datePublished\":\"2025-04-04T11:28:55+00:00\",\"dateModified\":\"2025-04-04T11:30:22+00:00\",\"description\":\"Cartographie chicor\u00e9es 2024. Mars-avril : semis et pourcentage de lev\u00e9e.\",\"breadcrumb\":{\"@id\":\"https:\\\/\\\/www.irbab-kbivb.be\\\/fr\\\/irbab-asbl\\\/mars-avril-20254-semis-pourcentage-de-levee-et-developpement-de-la-culture-chicorees\\\/#breadcrumb\"},\"inLanguage\":\"fr-FR\",\"potentialAction\":[{\"@type\":\"ReadAction\",\"target\":[\"https:\\\/\\\/www.irbab-kbivb.be\\\/fr\\\/irbab-asbl\\\/mars-avril-20254-semis-pourcentage-de-levee-et-developpement-de-la-culture-chicorees\\\/\"]}]},{\"@type\":\"ImageObject\",\"inLanguage\":\"fr-FR\",\"@id\":\"https:\\\/\\\/www.irbab-kbivb.be\\\/fr\\\/irbab-asbl\\\/mars-avril-20254-semis-pourcentage-de-levee-et-developpement-de-la-culture-chicorees\\\/#primaryimage\",\"url\":\"https:\\\/\\\/www.irbab-kbivb.be\\\/wp-content\\\/uploads\\\/2021\\\/04\\\/Legende-opkomst-aangepast-300x244.jpg\",\"contentUrl\":\"https:\\\/\\\/www.irbab-kbivb.be\\\/wp-content\\\/uploads\\\/2021\\\/04\\\/Legende-opkomst-aangepast-300x244.jpg\"},{\"@type\":\"BreadcrumbList\",\"@id\":\"https:\\\/\\\/www.irbab-kbivb.be\\\/fr\\\/irbab-asbl\\\/mars-avril-20254-semis-pourcentage-de-levee-et-developpement-de-la-culture-chicorees\\\/#breadcrumb\",\"itemListElement\":[{\"@type\":\"ListItem\",\"position\":1,\"name\":\"Home\",\"item\":\"https:\\\/\\\/www.irbab-kbivb.be\\\/fr\\\/\"},{\"@type\":\"ListItem\",\"position\":2,\"name\":\"IRBAB\",\"item\":\"https:\\\/\\\/www.irbab-kbivb.be\\\/fr\\\/\"},{\"@type\":\"ListItem\",\"position\":3,\"name\":\"Mars-avril 2025 : semis, pourcentage de lev\u00e9e et d\u00e9veloppement de la culture (chicor\u00e9es)\"}]},{\"@type\":\"WebSite\",\"@id\":\"https:\\\/\\\/www.irbab-kbivb.be\\\/#website\",\"url\":\"https:\\\/\\\/www.irbab-kbivb.be\\\/\",\"name\":\"IRBAB-KBIVB\",\"description\":\"Koninklijk Belgisch Instituut tot Verbetering van de Biet vzw | Institut Royal Belge pour l&#039;Am\u00e9lioration de la Betterave asbl\",\"potentialAction\":[{\"@type\":\"SearchAction\",\"target\":{\"@type\":\"EntryPoint\",\"urlTemplate\":\"https:\\\/\\\/www.irbab-kbivb.be\\\/?s={search_term_string}\"},\"query-input\":{\"@type\":\"PropertyValueSpecification\",\"valueRequired\":true,\"valueName\":\"search_term_string\"}}],\"inLanguage\":\"fr-FR\"}]}<\/script>\n<!-- \/ Yoast SEO plugin. -->","yoast_head_json":{"title":"Mars-avril 2025 : semis, pourcentage de lev\u00e9e et d\u00e9veloppement de la culture (chicor\u00e9es) - IRBAB-KBIVB","description":"Cartographie chicor\u00e9es 2024. Mars-avril : semis et pourcentage de lev\u00e9e.","robots":{"index":"index","follow":"follow","max-snippet":"max-snippet:-1","max-image-preview":"max-image-preview:large","max-video-preview":"max-video-preview:-1"},"canonical":"https:\/\/www.irbab-kbivb.be\/fr\/irbab-asbl\/mars-avril-20254-semis-pourcentage-de-levee-et-developpement-de-la-culture-chicorees\/","og_locale":"fr_FR","og_type":"article","og_title":"Mars-avril 2025 : semis, pourcentage de lev\u00e9e et d\u00e9veloppement de la culture (chicor\u00e9es) - IRBAB-KBIVB","og_description":"Cartographie chicor\u00e9es 2024. Mars-avril : semis et pourcentage de lev\u00e9e.","og_url":"https:\/\/www.irbab-kbivb.be\/fr\/irbab-asbl\/mars-avril-20254-semis-pourcentage-de-levee-et-developpement-de-la-culture-chicorees\/","og_site_name":"IRBAB-KBIVB","article_modified_time":"2025-04-04T11:30:22+00:00","og_image":[{"width":423,"height":344,"url":"https:\/\/www.irbab-kbivb.be\/wp-content\/uploads\/2021\/04\/Legende-opkomst-aangepast.jpg","type":"image\/jpeg"}],"twitter_card":"summary_large_image","twitter_misc":{"Dur\u00e9e de lecture estim\u00e9e":"1 minute"},"schema":{"@context":"https:\/\/schema.org","@graph":[{"@type":"WebPage","@id":"https:\/\/www.irbab-kbivb.be\/fr\/irbab-asbl\/mars-avril-20254-semis-pourcentage-de-levee-et-developpement-de-la-culture-chicorees\/","url":"https:\/\/www.irbab-kbivb.be\/fr\/irbab-asbl\/mars-avril-20254-semis-pourcentage-de-levee-et-developpement-de-la-culture-chicorees\/","name":"Mars-avril 2025 : semis, pourcentage de lev\u00e9e et d\u00e9veloppement de la culture (chicor\u00e9es) - IRBAB-KBIVB","isPartOf":{"@id":"https:\/\/www.irbab-kbivb.be\/#website"},"primaryImageOfPage":{"@id":"https:\/\/www.irbab-kbivb.be\/fr\/irbab-asbl\/mars-avril-20254-semis-pourcentage-de-levee-et-developpement-de-la-culture-chicorees\/#primaryimage"},"image":{"@id":"https:\/\/www.irbab-kbivb.be\/fr\/irbab-asbl\/mars-avril-20254-semis-pourcentage-de-levee-et-developpement-de-la-culture-chicorees\/#primaryimage"},"thumbnailUrl":"https:\/\/www.irbab-kbivb.be\/wp-content\/uploads\/2021\/04\/Legende-opkomst-aangepast-300x244.jpg","datePublished":"2025-04-04T11:28:55+00:00","dateModified":"2025-04-04T11:30:22+00:00","description":"Cartographie chicor\u00e9es 2024. Mars-avril : semis et pourcentage de lev\u00e9e.","breadcrumb":{"@id":"https:\/\/www.irbab-kbivb.be\/fr\/irbab-asbl\/mars-avril-20254-semis-pourcentage-de-levee-et-developpement-de-la-culture-chicorees\/#breadcrumb"},"inLanguage":"fr-FR","potentialAction":[{"@type":"ReadAction","target":["https:\/\/www.irbab-kbivb.be\/fr\/irbab-asbl\/mars-avril-20254-semis-pourcentage-de-levee-et-developpement-de-la-culture-chicorees\/"]}]},{"@type":"ImageObject","inLanguage":"fr-FR","@id":"https:\/\/www.irbab-kbivb.be\/fr\/irbab-asbl\/mars-avril-20254-semis-pourcentage-de-levee-et-developpement-de-la-culture-chicorees\/#primaryimage","url":"https:\/\/www.irbab-kbivb.be\/wp-content\/uploads\/2021\/04\/Legende-opkomst-aangepast-300x244.jpg","contentUrl":"https:\/\/www.irbab-kbivb.be\/wp-content\/uploads\/2021\/04\/Legende-opkomst-aangepast-300x244.jpg"},{"@type":"BreadcrumbList","@id":"https:\/\/www.irbab-kbivb.be\/fr\/irbab-asbl\/mars-avril-20254-semis-pourcentage-de-levee-et-developpement-de-la-culture-chicorees\/#breadcrumb","itemListElement":[{"@type":"ListItem","position":1,"name":"Home","item":"https:\/\/www.irbab-kbivb.be\/fr\/"},{"@type":"ListItem","position":2,"name":"IRBAB","item":"https:\/\/www.irbab-kbivb.be\/fr\/"},{"@type":"ListItem","position":3,"name":"Mars-avril 2025 : semis, pourcentage de lev\u00e9e et d\u00e9veloppement de la culture (chicor\u00e9es)"}]},{"@type":"WebSite","@id":"https:\/\/www.irbab-kbivb.be\/#website","url":"https:\/\/www.irbab-kbivb.be\/","name":"IRBAB-KBIVB","description":"Koninklijk Belgisch Instituut tot Verbetering van de Biet vzw | Institut Royal Belge pour l&#039;Am\u00e9lioration de la Betterave asbl","potentialAction":[{"@type":"SearchAction","target":{"@type":"EntryPoint","urlTemplate":"https:\/\/www.irbab-kbivb.be\/?s={search_term_string}"},"query-input":{"@type":"PropertyValueSpecification","valueRequired":true,"valueName":"search_term_string"}}],"inLanguage":"fr-FR"}]}},"_links":{"self":[{"href":"https:\/\/www.irbab-kbivb.be\/fr\/wp-json\/wp\/v2\/pages\/26254","targetHints":{"allow":["GET"]}}],"collection":[{"href":"https:\/\/www.irbab-kbivb.be\/fr\/wp-json\/wp\/v2\/pages"}],"about":[{"href":"https:\/\/www.irbab-kbivb.be\/fr\/wp-json\/wp\/v2\/types\/page"}],"author":[{"embeddable":true,"href":"https:\/\/www.irbab-kbivb.be\/fr\/wp-json\/wp\/v2\/users\/3"}],"replies":[{"embeddable":true,"href":"https:\/\/www.irbab-kbivb.be\/fr\/wp-json\/wp\/v2\/comments?post=26254"}],"version-history":[{"count":2,"href":"https:\/\/www.irbab-kbivb.be\/fr\/wp-json\/wp\/v2\/pages\/26254\/revisions"}],"predecessor-version":[{"id":26268,"href":"https:\/\/www.irbab-kbivb.be\/fr\/wp-json\/wp\/v2\/pages\/26254\/revisions\/26268"}],"up":[{"embeddable":true,"href":"https:\/\/www.irbab-kbivb.be\/fr\/wp-json\/wp\/v2\/pages\/143"}],"wp:attachment":[{"href":"https:\/\/www.irbab-kbivb.be\/fr\/wp-json\/wp\/v2\/media?parent=26254"}],"curies":[{"name":"wp","href":"https:\/\/api.w.org\/{rel}","templated":true}]}}