{"id":2447,"date":"2015-10-28T14:32:06","date_gmt":"2015-10-28T14:32:06","guid":{"rendered":"http:\/\/kbivb.mailbox-belgium.com\/fr\/?page_id=2447"},"modified":"2024-03-25T15:16:25","modified_gmt":"2024-03-25T14:16:25","slug":"logo-irbab","status":"publish","type":"page","link":"https:\/\/www.irbab-kbivb.be\/fr\/media\/logo-irbab\/","title":{"rendered":"Notre logo"},"content":{"rendered":"<p><strong>Faible r\u00e9solution RGB (pour \u00e9cran)<\/strong><\/p>\n<p><a href=\"https:\/\/www.irbab-kbivb.be\/wp-content\/uploads\/2015\/10\/Logo_IRBAB-KBIVB.png\">logo-IRBAB<\/a> (png &#8211; couleur 61 kB)<br \/>\n<a href=\"https:\/\/www.irbab-kbivb.be\/wp-content\/uploads\/2015\/10\/Logo_IRBAB-KBIVB.jpg\">logo-IRBAB<\/a> (jpg &#8211; couleur 87 kB)<br \/>\n<a href=\"https:\/\/www.irbab-kbivb.be\/wp-content\/uploads\/2015\/10\/Logo_IRBAB-KBIVB.gif\">logo-IRBAB<\/a> (gif &#8211; couleur &#8211; 36 kB)<\/p>\n","protected":false},"excerpt":{"rendered":"<p>Faible r\u00e9solution RGB (pour \u00e9cran) logo-IRBAB (png &#8211; couleur 61 kB) logo-IRBAB (jpg &#8211; couleur 87 kB) logo-IRBAB (gif &#8211; couleur &#8211; 36 kB)<\/p>\n","protected":false},"author":3,"featured_media":0,"parent":380,"menu_order":0,"comment_status":"closed","ping_status":"closed","template":"","meta":{"iawp_total_views":0,"footnotes":""},"class_list":["post-2447","page","type-page","status-publish","hentry"],"yoast_head":"<!-- This site is optimized with the Yoast SEO plugin v27.5 - https:\/\/yoast.com\/product\/yoast-seo-wordpress\/ -->\n<title>Notre logo - IRBAB-KBIVB<\/title>\n<meta name=\"description\" content=\"Vous pouvez t\u00e9l\u00e9charger le logo du KBIVB-IRBAB dans diff\u00e9rents formats.\" \/>\n<meta name=\"robots\" content=\"index, follow, max-snippet:-1, max-image-preview:large, max-video-preview:-1\" \/>\n<link rel=\"canonical\" href=\"https:\/\/www.irbab-kbivb.be\/fr\/media\/logo-irbab\/\" \/>\n<meta property=\"og:locale\" content=\"fr_FR\" \/>\n<meta property=\"og:type\" content=\"article\" \/>\n<meta property=\"og:title\" content=\"Notre logo - IRBAB-KBIVB\" \/>\n<meta property=\"og:description\" content=\"Vous pouvez t\u00e9l\u00e9charger le logo du KBIVB-IRBAB dans diff\u00e9rents formats.\" \/>\n<meta property=\"og:url\" content=\"https:\/\/www.irbab-kbivb.be\/fr\/media\/logo-irbab\/\" \/>\n<meta property=\"og:site_name\" content=\"IRBAB-KBIVB\" \/>\n<meta property=\"article:modified_time\" content=\"2024-03-25T14:16:25+00:00\" \/>\n<meta name=\"twitter:card\" content=\"summary_large_image\" \/>\n<meta name=\"twitter:label1\" content=\"Dur\u00e9e de lecture estim\u00e9e\" \/>\n\t<meta name=\"twitter:data1\" content=\"1 minute\" \/>\n<script type=\"application\/ld+json\" class=\"yoast-schema-graph\">{\"@context\":\"https:\\\/\\\/schema.org\",\"@graph\":[{\"@type\":\"WebPage\",\"@id\":\"https:\\\/\\\/www.irbab-kbivb.be\\\/fr\\\/media\\\/logo-irbab\\\/\",\"url\":\"https:\\\/\\\/www.irbab-kbivb.be\\\/fr\\\/media\\\/logo-irbab\\\/\",\"name\":\"Notre logo - IRBAB-KBIVB\",\"isPartOf\":{\"@id\":\"https:\\\/\\\/www.irbab-kbivb.be\\\/#website\"},\"datePublished\":\"2015-10-28T14:32:06+00:00\",\"dateModified\":\"2024-03-25T14:16:25+00:00\",\"description\":\"Vous pouvez t\u00e9l\u00e9charger le logo du KBIVB-IRBAB dans diff\u00e9rents formats.\",\"breadcrumb\":{\"@id\":\"https:\\\/\\\/www.irbab-kbivb.be\\\/fr\\\/media\\\/logo-irbab\\\/#breadcrumb\"},\"inLanguage\":\"fr-FR\",\"potentialAction\":[{\"@type\":\"ReadAction\",\"target\":[\"https:\\\/\\\/www.irbab-kbivb.be\\\/fr\\\/media\\\/logo-irbab\\\/\"]}]},{\"@type\":\"BreadcrumbList\",\"@id\":\"https:\\\/\\\/www.irbab-kbivb.be\\\/fr\\\/media\\\/logo-irbab\\\/#breadcrumb\",\"itemListElement\":[{\"@type\":\"ListItem\",\"position\":1,\"name\":\"Home\",\"item\":\"https:\\\/\\\/www.irbab-kbivb.be\\\/fr\\\/\"},{\"@type\":\"ListItem\",\"position\":2,\"name\":\"Media\",\"item\":\"https:\\\/\\\/www.irbab-kbivb.be\\\/fr\\\/media\\\/\"},{\"@type\":\"ListItem\",\"position\":3,\"name\":\"Notre logo\"}]},{\"@type\":\"WebSite\",\"@id\":\"https:\\\/\\\/www.irbab-kbivb.be\\\/#website\",\"url\":\"https:\\\/\\\/www.irbab-kbivb.be\\\/\",\"name\":\"IRBAB-KBIVB\",\"description\":\"Koninklijk Belgisch Instituut tot Verbetering van de Biet vzw | Institut Royal Belge pour l&#039;Am\u00e9lioration de la Betterave asbl\",\"potentialAction\":[{\"@type\":\"SearchAction\",\"target\":{\"@type\":\"EntryPoint\",\"urlTemplate\":\"https:\\\/\\\/www.irbab-kbivb.be\\\/?s={search_term_string}\"},\"query-input\":{\"@type\":\"PropertyValueSpecification\",\"valueRequired\":true,\"valueName\":\"search_term_string\"}}],\"inLanguage\":\"fr-FR\"}]}<\/script>\n<!-- \/ Yoast SEO plugin. -->","yoast_head_json":{"title":"Notre logo - IRBAB-KBIVB","description":"Vous pouvez t\u00e9l\u00e9charger le logo du KBIVB-IRBAB dans diff\u00e9rents formats.","robots":{"index":"index","follow":"follow","max-snippet":"max-snippet:-1","max-image-preview":"max-image-preview:large","max-video-preview":"max-video-preview:-1"},"canonical":"https:\/\/www.irbab-kbivb.be\/fr\/media\/logo-irbab\/","og_locale":"fr_FR","og_type":"article","og_title":"Notre logo - IRBAB-KBIVB","og_description":"Vous pouvez t\u00e9l\u00e9charger le logo du KBIVB-IRBAB dans diff\u00e9rents formats.","og_url":"https:\/\/www.irbab-kbivb.be\/fr\/media\/logo-irbab\/","og_site_name":"IRBAB-KBIVB","article_modified_time":"2024-03-25T14:16:25+00:00","twitter_card":"summary_large_image","twitter_misc":{"Dur\u00e9e de lecture estim\u00e9e":"1 minute"},"schema":{"@context":"https:\/\/schema.org","@graph":[{"@type":"WebPage","@id":"https:\/\/www.irbab-kbivb.be\/fr\/media\/logo-irbab\/","url":"https:\/\/www.irbab-kbivb.be\/fr\/media\/logo-irbab\/","name":"Notre logo - IRBAB-KBIVB","isPartOf":{"@id":"https:\/\/www.irbab-kbivb.be\/#website"},"datePublished":"2015-10-28T14:32:06+00:00","dateModified":"2024-03-25T14:16:25+00:00","description":"Vous pouvez t\u00e9l\u00e9charger le logo du KBIVB-IRBAB dans diff\u00e9rents formats.","breadcrumb":{"@id":"https:\/\/www.irbab-kbivb.be\/fr\/media\/logo-irbab\/#breadcrumb"},"inLanguage":"fr-FR","potentialAction":[{"@type":"ReadAction","target":["https:\/\/www.irbab-kbivb.be\/fr\/media\/logo-irbab\/"]}]},{"@type":"BreadcrumbList","@id":"https:\/\/www.irbab-kbivb.be\/fr\/media\/logo-irbab\/#breadcrumb","itemListElement":[{"@type":"ListItem","position":1,"name":"Home","item":"https:\/\/www.irbab-kbivb.be\/fr\/"},{"@type":"ListItem","position":2,"name":"Media","item":"https:\/\/www.irbab-kbivb.be\/fr\/media\/"},{"@type":"ListItem","position":3,"name":"Notre logo"}]},{"@type":"WebSite","@id":"https:\/\/www.irbab-kbivb.be\/#website","url":"https:\/\/www.irbab-kbivb.be\/","name":"IRBAB-KBIVB","description":"Koninklijk Belgisch Instituut tot Verbetering van de Biet vzw | Institut Royal Belge pour l&#039;Am\u00e9lioration de la Betterave asbl","potentialAction":[{"@type":"SearchAction","target":{"@type":"EntryPoint","urlTemplate":"https:\/\/www.irbab-kbivb.be\/?s={search_term_string}"},"query-input":{"@type":"PropertyValueSpecification","valueRequired":true,"valueName":"search_term_string"}}],"inLanguage":"fr-FR"}]}},"_links":{"self":[{"href":"https:\/\/www.irbab-kbivb.be\/fr\/wp-json\/wp\/v2\/pages\/2447","targetHints":{"allow":["GET"]}}],"collection":[{"href":"https:\/\/www.irbab-kbivb.be\/fr\/wp-json\/wp\/v2\/pages"}],"about":[{"href":"https:\/\/www.irbab-kbivb.be\/fr\/wp-json\/wp\/v2\/types\/page"}],"author":[{"embeddable":true,"href":"https:\/\/www.irbab-kbivb.be\/fr\/wp-json\/wp\/v2\/users\/3"}],"replies":[{"embeddable":true,"href":"https:\/\/www.irbab-kbivb.be\/fr\/wp-json\/wp\/v2\/comments?post=2447"}],"version-history":[{"count":2,"href":"https:\/\/www.irbab-kbivb.be\/fr\/wp-json\/wp\/v2\/pages\/2447\/revisions"}],"predecessor-version":[{"id":7381,"href":"https:\/\/www.irbab-kbivb.be\/fr\/wp-json\/wp\/v2\/pages\/2447\/revisions\/7381"}],"up":[{"embeddable":true,"href":"https:\/\/www.irbab-kbivb.be\/fr\/wp-json\/wp\/v2\/pages\/380"}],"wp:attachment":[{"href":"https:\/\/www.irbab-kbivb.be\/fr\/wp-json\/wp\/v2\/media?parent=2447"}],"curies":[{"name":"wp","href":"https:\/\/api.w.org\/{rel}","templated":true}]}}