{"id":2396,"date":"2016-04-11T12:24:52","date_gmt":"2016-04-11T10:24:52","guid":{"rendered":"http:\/\/kbivb.mailbox-belgium.com\/fr\/?page_id=2396"},"modified":"2019-04-26T11:56:55","modified_gmt":"2019-04-26T09:56:55","slug":"https-www-irbab-kbivb-be-fr-cartographie-champs-dobservations-mars-avril-2019-semis-et-pourcentage-de-levee-chicorees","status":"publish","type":"page","link":"https:\/\/www.irbab-kbivb.be\/fr\/cartographie-champs-dobservations\/https-www-irbab-kbivb-be-fr-cartographie-champs-dobservations-mars-avril-2019-semis-et-pourcentage-de-levee-chicorees\/","title":{"rendered":"Mars-avril 2018 : semis et pourcentage de lev\u00e9e (chicor\u00e9es)"},"content":{"rendered":"<p>R\u00e9seau de champs d&#8217;observations de l&#8217;IRBAB pour la culture de la chicor\u00e9e en 2018<\/p>\n<p><span style=\"text-decoration: underline;\">L\u00e9gende<\/span> :<br \/>\n&#8211; CTWXXAAAA = code du champs d&#8217;observation<br \/>\n&#8211; xx\/xx = date de semis; &#8211; vari\u00e9t\u00e9; &#8211; PB = Poncho Beta<br \/>\n&#8211; D+xx = Observations xx jours apr\u00e8s le semis<br \/>\n&#8211; xx% = xx % de lev\u00e9e<\/p>\n<p><a href=\"https:\/\/www.irbab-kbivb.be\/wp-content\/uploads\/2015\/10\/tableau-cartographie-semis.png\"><img loading=\"lazy\" decoding=\"async\" class=\"size-full wp-image-3804 alignnone\" src=\"https:\/\/www.irbab-kbivb.be\/wp-content\/uploads\/2015\/10\/tableau-cartographie-semis.png\" alt=\"tableau cartographie semis\" width=\"450\" height=\"159\" srcset=\"https:\/\/www.irbab-kbivb.be\/wp-content\/uploads\/2015\/10\/tableau-cartographie-semis.png 450w, https:\/\/www.irbab-kbivb.be\/wp-content\/uploads\/2015\/10\/tableau-cartographie-semis-300x106.png 300w, https:\/\/www.irbab-kbivb.be\/wp-content\/uploads\/2015\/10\/tableau-cartographie-semis-150x53.png 150w\" sizes=\"auto, (max-width: 450px) 100vw, 450px\" \/><\/a><\/p>\n<p>La carte des champs d&#8217;observation est actualis\u00e9e plusieurs fois par semaine selon les donn\u00e9es transmises par les observateurs.<br \/>\n<em>(cliquer sur l&#8217;icone pour les donn\u00e9es actualis\u00e9es du champ correspondant)<\/em><\/p>\n<table>\n<tbody>\n<tr>\n<td><iframe loading=\"lazy\" src=\"https:\/\/www.google.com\/maps\/d\/embed?mid=1HOAnghwL7XFveldcT4JDNTl5-8nwTZdR\" width=\"640\" height=\"480\"><\/iframe><\/td>\n<\/tr>\n<\/tbody>\n<\/table>\n","protected":false},"excerpt":{"rendered":"<p>R\u00e9seau de champs d&#8217;observations de l&#8217;IRBAB pour la culture de la chicor\u00e9e en 2018 L\u00e9gende : &#8211; CTWXXAAAA = code du champs d&#8217;observation &#8211; xx\/xx = date de semis; &#8211; vari\u00e9t\u00e9; &#8211; PB = Poncho Beta &#8211; D+xx = Observations xx jours apr\u00e8s le semis &#8211; xx% = xx % de lev\u00e9e La carte des [&hellip;]<\/p>\n","protected":false},"author":3,"featured_media":0,"parent":1185,"menu_order":0,"comment_status":"closed","ping_status":"closed","template":"","meta":{"iawp_total_views":1,"footnotes":""},"class_list":["post-2396","page","type-page","status-publish","hentry"],"yoast_head":"<!-- This site is optimized with the Yoast SEO plugin v27.5 - https:\/\/yoast.com\/product\/yoast-seo-wordpress\/ -->\n<title>Mars-avril 2018 : semis et pourcentage de lev\u00e9e (chicor\u00e9es) - IRBAB-KBIVB<\/title>\n<meta name=\"description\" content=\"Cartographie chicor\u00e9es 2015. Mars-avril : semis et pourcentage de lev\u00e9e.\" \/>\n<meta name=\"robots\" content=\"index, follow, max-snippet:-1, max-image-preview:large, max-video-preview:-1\" \/>\n<link rel=\"canonical\" href=\"https:\/\/www.irbab-kbivb.be\/fr\/cartographie-champs-dobservations\/https-www-irbab-kbivb-be-fr-cartographie-champs-dobservations-mars-avril-2019-semis-et-pourcentage-de-levee-chicorees\/\" \/>\n<meta property=\"og:locale\" content=\"fr_FR\" \/>\n<meta property=\"og:type\" content=\"article\" \/>\n<meta property=\"og:title\" content=\"Mars-avril 2018 : semis et pourcentage de lev\u00e9e (chicor\u00e9es) - IRBAB-KBIVB\" \/>\n<meta property=\"og:description\" content=\"Cartographie chicor\u00e9es 2015. Mars-avril : semis et pourcentage de lev\u00e9e.\" \/>\n<meta property=\"og:url\" content=\"https:\/\/www.irbab-kbivb.be\/fr\/cartographie-champs-dobservations\/https-www-irbab-kbivb-be-fr-cartographie-champs-dobservations-mars-avril-2019-semis-et-pourcentage-de-levee-chicorees\/\" \/>\n<meta property=\"og:site_name\" content=\"IRBAB-KBIVB\" \/>\n<meta property=\"article:modified_time\" content=\"2019-04-26T09:56:55+00:00\" \/>\n<meta property=\"og:image\" content=\"https:\/\/www.irbab-kbivb.be\/wp-content\/uploads\/2015\/10\/tableau-cartographie-semis.png\" \/>\n<meta name=\"twitter:card\" content=\"summary_large_image\" \/>\n<script type=\"application\/ld+json\" class=\"yoast-schema-graph\">{\"@context\":\"https:\\\/\\\/schema.org\",\"@graph\":[{\"@type\":\"WebPage\",\"@id\":\"https:\\\/\\\/www.irbab-kbivb.be\\\/fr\\\/cartographie-champs-dobservations\\\/https-www-irbab-kbivb-be-fr-cartographie-champs-dobservations-mars-avril-2019-semis-et-pourcentage-de-levee-chicorees\\\/\",\"url\":\"https:\\\/\\\/www.irbab-kbivb.be\\\/fr\\\/cartographie-champs-dobservations\\\/https-www-irbab-kbivb-be-fr-cartographie-champs-dobservations-mars-avril-2019-semis-et-pourcentage-de-levee-chicorees\\\/\",\"name\":\"Mars-avril 2018 : semis et pourcentage de lev\u00e9e (chicor\u00e9es) - IRBAB-KBIVB\",\"isPartOf\":{\"@id\":\"https:\\\/\\\/www.irbab-kbivb.be\\\/#website\"},\"primaryImageOfPage\":{\"@id\":\"https:\\\/\\\/www.irbab-kbivb.be\\\/fr\\\/cartographie-champs-dobservations\\\/https-www-irbab-kbivb-be-fr-cartographie-champs-dobservations-mars-avril-2019-semis-et-pourcentage-de-levee-chicorees\\\/#primaryimage\"},\"image\":{\"@id\":\"https:\\\/\\\/www.irbab-kbivb.be\\\/fr\\\/cartographie-champs-dobservations\\\/https-www-irbab-kbivb-be-fr-cartographie-champs-dobservations-mars-avril-2019-semis-et-pourcentage-de-levee-chicorees\\\/#primaryimage\"},\"thumbnailUrl\":\"https:\\\/\\\/www.irbab-kbivb.be\\\/wp-content\\\/uploads\\\/2015\\\/10\\\/tableau-cartographie-semis.png\",\"datePublished\":\"2016-04-11T10:24:52+00:00\",\"dateModified\":\"2019-04-26T09:56:55+00:00\",\"description\":\"Cartographie chicor\u00e9es 2015. Mars-avril : semis et pourcentage de lev\u00e9e.\",\"breadcrumb\":{\"@id\":\"https:\\\/\\\/www.irbab-kbivb.be\\\/fr\\\/cartographie-champs-dobservations\\\/https-www-irbab-kbivb-be-fr-cartographie-champs-dobservations-mars-avril-2019-semis-et-pourcentage-de-levee-chicorees\\\/#breadcrumb\"},\"inLanguage\":\"fr-FR\",\"potentialAction\":[{\"@type\":\"ReadAction\",\"target\":[\"https:\\\/\\\/www.irbab-kbivb.be\\\/fr\\\/cartographie-champs-dobservations\\\/https-www-irbab-kbivb-be-fr-cartographie-champs-dobservations-mars-avril-2019-semis-et-pourcentage-de-levee-chicorees\\\/\"]}]},{\"@type\":\"ImageObject\",\"inLanguage\":\"fr-FR\",\"@id\":\"https:\\\/\\\/www.irbab-kbivb.be\\\/fr\\\/cartographie-champs-dobservations\\\/https-www-irbab-kbivb-be-fr-cartographie-champs-dobservations-mars-avril-2019-semis-et-pourcentage-de-levee-chicorees\\\/#primaryimage\",\"url\":\"https:\\\/\\\/www.irbab-kbivb.be\\\/wp-content\\\/uploads\\\/2015\\\/10\\\/tableau-cartographie-semis.png\",\"contentUrl\":\"https:\\\/\\\/www.irbab-kbivb.be\\\/wp-content\\\/uploads\\\/2015\\\/10\\\/tableau-cartographie-semis.png\"},{\"@type\":\"BreadcrumbList\",\"@id\":\"https:\\\/\\\/www.irbab-kbivb.be\\\/fr\\\/cartographie-champs-dobservations\\\/https-www-irbab-kbivb-be-fr-cartographie-champs-dobservations-mars-avril-2019-semis-et-pourcentage-de-levee-chicorees\\\/#breadcrumb\",\"itemListElement\":[{\"@type\":\"ListItem\",\"position\":1,\"name\":\"Home\",\"item\":\"https:\\\/\\\/www.irbab-kbivb.be\\\/fr\\\/\"},{\"@type\":\"ListItem\",\"position\":2,\"name\":\"Cartographie champs d&#8217;observations\",\"item\":\"https:\\\/\\\/www.irbab-kbivb.be\\\/fr\\\/cartographie-champs-dobservations\\\/\"},{\"@type\":\"ListItem\",\"position\":3,\"name\":\"Mars-avril 2018 : semis et pourcentage de lev\u00e9e (chicor\u00e9es)\"}]},{\"@type\":\"WebSite\",\"@id\":\"https:\\\/\\\/www.irbab-kbivb.be\\\/#website\",\"url\":\"https:\\\/\\\/www.irbab-kbivb.be\\\/\",\"name\":\"IRBAB-KBIVB\",\"description\":\"Koninklijk Belgisch Instituut tot Verbetering van de Biet vzw | Institut Royal Belge pour l&#039;Am\u00e9lioration de la Betterave asbl\",\"potentialAction\":[{\"@type\":\"SearchAction\",\"target\":{\"@type\":\"EntryPoint\",\"urlTemplate\":\"https:\\\/\\\/www.irbab-kbivb.be\\\/?s={search_term_string}\"},\"query-input\":{\"@type\":\"PropertyValueSpecification\",\"valueRequired\":true,\"valueName\":\"search_term_string\"}}],\"inLanguage\":\"fr-FR\"}]}<\/script>\n<!-- \/ Yoast SEO plugin. -->","yoast_head_json":{"title":"Mars-avril 2018 : semis et pourcentage de lev\u00e9e (chicor\u00e9es) - IRBAB-KBIVB","description":"Cartographie chicor\u00e9es 2015. Mars-avril : semis et pourcentage de lev\u00e9e.","robots":{"index":"index","follow":"follow","max-snippet":"max-snippet:-1","max-image-preview":"max-image-preview:large","max-video-preview":"max-video-preview:-1"},"canonical":"https:\/\/www.irbab-kbivb.be\/fr\/cartographie-champs-dobservations\/https-www-irbab-kbivb-be-fr-cartographie-champs-dobservations-mars-avril-2019-semis-et-pourcentage-de-levee-chicorees\/","og_locale":"fr_FR","og_type":"article","og_title":"Mars-avril 2018 : semis et pourcentage de lev\u00e9e (chicor\u00e9es) - IRBAB-KBIVB","og_description":"Cartographie chicor\u00e9es 2015. Mars-avril : semis et pourcentage de lev\u00e9e.","og_url":"https:\/\/www.irbab-kbivb.be\/fr\/cartographie-champs-dobservations\/https-www-irbab-kbivb-be-fr-cartographie-champs-dobservations-mars-avril-2019-semis-et-pourcentage-de-levee-chicorees\/","og_site_name":"IRBAB-KBIVB","article_modified_time":"2019-04-26T09:56:55+00:00","og_image":[{"url":"https:\/\/www.irbab-kbivb.be\/wp-content\/uploads\/2015\/10\/tableau-cartographie-semis.png","type":"","width":"","height":""}],"twitter_card":"summary_large_image","schema":{"@context":"https:\/\/schema.org","@graph":[{"@type":"WebPage","@id":"https:\/\/www.irbab-kbivb.be\/fr\/cartographie-champs-dobservations\/https-www-irbab-kbivb-be-fr-cartographie-champs-dobservations-mars-avril-2019-semis-et-pourcentage-de-levee-chicorees\/","url":"https:\/\/www.irbab-kbivb.be\/fr\/cartographie-champs-dobservations\/https-www-irbab-kbivb-be-fr-cartographie-champs-dobservations-mars-avril-2019-semis-et-pourcentage-de-levee-chicorees\/","name":"Mars-avril 2018 : semis et pourcentage de lev\u00e9e (chicor\u00e9es) - IRBAB-KBIVB","isPartOf":{"@id":"https:\/\/www.irbab-kbivb.be\/#website"},"primaryImageOfPage":{"@id":"https:\/\/www.irbab-kbivb.be\/fr\/cartographie-champs-dobservations\/https-www-irbab-kbivb-be-fr-cartographie-champs-dobservations-mars-avril-2019-semis-et-pourcentage-de-levee-chicorees\/#primaryimage"},"image":{"@id":"https:\/\/www.irbab-kbivb.be\/fr\/cartographie-champs-dobservations\/https-www-irbab-kbivb-be-fr-cartographie-champs-dobservations-mars-avril-2019-semis-et-pourcentage-de-levee-chicorees\/#primaryimage"},"thumbnailUrl":"https:\/\/www.irbab-kbivb.be\/wp-content\/uploads\/2015\/10\/tableau-cartographie-semis.png","datePublished":"2016-04-11T10:24:52+00:00","dateModified":"2019-04-26T09:56:55+00:00","description":"Cartographie chicor\u00e9es 2015. Mars-avril : semis et pourcentage de lev\u00e9e.","breadcrumb":{"@id":"https:\/\/www.irbab-kbivb.be\/fr\/cartographie-champs-dobservations\/https-www-irbab-kbivb-be-fr-cartographie-champs-dobservations-mars-avril-2019-semis-et-pourcentage-de-levee-chicorees\/#breadcrumb"},"inLanguage":"fr-FR","potentialAction":[{"@type":"ReadAction","target":["https:\/\/www.irbab-kbivb.be\/fr\/cartographie-champs-dobservations\/https-www-irbab-kbivb-be-fr-cartographie-champs-dobservations-mars-avril-2019-semis-et-pourcentage-de-levee-chicorees\/"]}]},{"@type":"ImageObject","inLanguage":"fr-FR","@id":"https:\/\/www.irbab-kbivb.be\/fr\/cartographie-champs-dobservations\/https-www-irbab-kbivb-be-fr-cartographie-champs-dobservations-mars-avril-2019-semis-et-pourcentage-de-levee-chicorees\/#primaryimage","url":"https:\/\/www.irbab-kbivb.be\/wp-content\/uploads\/2015\/10\/tableau-cartographie-semis.png","contentUrl":"https:\/\/www.irbab-kbivb.be\/wp-content\/uploads\/2015\/10\/tableau-cartographie-semis.png"},{"@type":"BreadcrumbList","@id":"https:\/\/www.irbab-kbivb.be\/fr\/cartographie-champs-dobservations\/https-www-irbab-kbivb-be-fr-cartographie-champs-dobservations-mars-avril-2019-semis-et-pourcentage-de-levee-chicorees\/#breadcrumb","itemListElement":[{"@type":"ListItem","position":1,"name":"Home","item":"https:\/\/www.irbab-kbivb.be\/fr\/"},{"@type":"ListItem","position":2,"name":"Cartographie champs d&#8217;observations","item":"https:\/\/www.irbab-kbivb.be\/fr\/cartographie-champs-dobservations\/"},{"@type":"ListItem","position":3,"name":"Mars-avril 2018 : semis et pourcentage de lev\u00e9e (chicor\u00e9es)"}]},{"@type":"WebSite","@id":"https:\/\/www.irbab-kbivb.be\/#website","url":"https:\/\/www.irbab-kbivb.be\/","name":"IRBAB-KBIVB","description":"Koninklijk Belgisch Instituut tot Verbetering van de Biet vzw | Institut Royal Belge pour l&#039;Am\u00e9lioration de la Betterave asbl","potentialAction":[{"@type":"SearchAction","target":{"@type":"EntryPoint","urlTemplate":"https:\/\/www.irbab-kbivb.be\/?s={search_term_string}"},"query-input":{"@type":"PropertyValueSpecification","valueRequired":true,"valueName":"search_term_string"}}],"inLanguage":"fr-FR"}]}},"_links":{"self":[{"href":"https:\/\/www.irbab-kbivb.be\/fr\/wp-json\/wp\/v2\/pages\/2396","targetHints":{"allow":["GET"]}}],"collection":[{"href":"https:\/\/www.irbab-kbivb.be\/fr\/wp-json\/wp\/v2\/pages"}],"about":[{"href":"https:\/\/www.irbab-kbivb.be\/fr\/wp-json\/wp\/v2\/types\/page"}],"author":[{"embeddable":true,"href":"https:\/\/www.irbab-kbivb.be\/fr\/wp-json\/wp\/v2\/users\/3"}],"replies":[{"embeddable":true,"href":"https:\/\/www.irbab-kbivb.be\/fr\/wp-json\/wp\/v2\/comments?post=2396"}],"version-history":[{"count":3,"href":"https:\/\/www.irbab-kbivb.be\/fr\/wp-json\/wp\/v2\/pages\/2396\/revisions"}],"predecessor-version":[{"id":14006,"href":"https:\/\/www.irbab-kbivb.be\/fr\/wp-json\/wp\/v2\/pages\/2396\/revisions\/14006"}],"up":[{"embeddable":true,"href":"https:\/\/www.irbab-kbivb.be\/fr\/wp-json\/wp\/v2\/pages\/1185"}],"wp:attachment":[{"href":"https:\/\/www.irbab-kbivb.be\/fr\/wp-json\/wp\/v2\/media?parent=2396"}],"curies":[{"name":"wp","href":"https:\/\/api.w.org\/{rel}","templated":true}]}}