{"id":23186,"date":"2024-04-18T10:55:31","date_gmt":"2024-04-18T08:55:31","guid":{"rendered":"https:\/\/www.irbab-kbivb.be\/?page_id=23186"},"modified":"2024-07-25T11:52:03","modified_gmt":"2024-07-25T09:52:03","slug":"juillet-aout-2024-problemes-sanitaires-signales-en-culture-betteraves","status":"publish","type":"page","link":"https:\/\/www.irbab-kbivb.be\/fr\/cartographie-champs-dobservations\/juillet-aout-2024-problemes-sanitaires-signales-en-culture-betteraves\/","title":{"rendered":"Juillet-Ao\u00fbt 2024: Probl\u00e8mes sanitaires signal\u00e9s en culture (betteraves)"},"content":{"rendered":"\n<p> R\u00e9seau de champs d&#8217;observations de l&#8217;IRBAB pour la culture de la betterave en 2024<\/p>\n\n\n\n<p> L\u00e9gende :<\/p>\n\n\n<div class=\"wp-block-image\">\n<figure class=\"aligncenter size-full\"><a href=\"https:\/\/www.irbab-kbivb.be\/wp-content\/uploads\/2024\/07\/Legende_Bladziekten_final.pdf\" target=\"_blank\" rel=\"noreferrer noopener\"><img loading=\"lazy\" decoding=\"async\" width=\"795\" height=\"276\" src=\"https:\/\/www.irbab-kbivb.be\/wp-content\/uploads\/2024\/07\/Legende-Bladziekten_final-1-edited-e1721893149508.png\" alt=\"\" class=\"wp-image-25474\" srcset=\"https:\/\/www.irbab-kbivb.be\/wp-content\/uploads\/2024\/07\/Legende-Bladziekten_final-1-edited-e1721893149508.png 795w, https:\/\/www.irbab-kbivb.be\/wp-content\/uploads\/2024\/07\/Legende-Bladziekten_final-1-edited-e1721893149508-300x104.png 300w, https:\/\/www.irbab-kbivb.be\/wp-content\/uploads\/2024\/07\/Legende-Bladziekten_final-1-edited-e1721893149508-768x267.png 768w\" sizes=\"auto, (max-width: 795px) 100vw, 795px\" \/><\/a><\/figure>\n<\/div>\n\n\n<p>Plus d\u2019informations sur la l\u00e9gende&nbsp;:<\/p>\n\n\n\n<p>Pour la betterave, des observations sont effectu\u00e9es pour la cercosporiose, l\u2019o\u00efdium et la rouille. Chaque maladie, pour laquelle un traitement est recommand\u00e9, est indiqu\u00e9e par une couleur diff\u00e9rente. Lorsqu\u2019un traitement est recommand\u00e9 pour plusieurs maladies, le champ prend la couleur de la maladie consid\u00e9r\u00e9e comme la plus dommageable. Le chiffre indique le nombre de traitements recommand\u00e9s (1, 2 ou 3).<\/p>\n\n\n\n<p>La cercosporiose est consid\u00e9r\u00e9e comme la maladie cryptogamique la plus&nbsp;dommageable, suivie de l\u2019o\u00efdium et de la rouille. <\/p>\n\n\n\n<p>La carte des champs d&#8217;observation est actualis\u00e9e plusieurs fois par semaine selon les donn\u00e9es transmises par les observateurs.<br><em>(cliquer sur l&#8217;ic\u00f4ne pour les donn\u00e9es actualis\u00e9es du champ correspondant)<\/em> <\/p>\n\n\n\n<iframe loading=\"lazy\" src=\"https:\/\/www.google.com\/maps\/d\/u\/1\/embed?mid=18Ut4SQVky-zuz-bg2cEDR8NyoP8CnCU&#038;ehbc=2E312F\" width=\"640\" height=\"480\"><\/iframe>\n","protected":false},"excerpt":{"rendered":"<p>R\u00e9seau de champs d&#8217;observations de l&#8217;IRBAB pour la culture de la betterave en 2024 L\u00e9gende : Plus d\u2019informations sur la l\u00e9gende&nbsp;: Pour la betterave, des observations sont effectu\u00e9es pour la cercosporiose, l\u2019o\u00efdium et la rouille. Chaque maladie, pour laquelle un traitement est recommand\u00e9, est indiqu\u00e9e par une couleur diff\u00e9rente. Lorsqu\u2019un traitement est recommand\u00e9 pour plusieurs [&hellip;]<\/p>\n","protected":false},"author":3,"featured_media":0,"parent":1185,"menu_order":0,"comment_status":"closed","ping_status":"closed","template":"","meta":{"iawp_total_views":0,"footnotes":""},"class_list":["post-23186","page","type-page","status-publish","hentry"],"yoast_head":"<!-- This site is optimized with the Yoast SEO plugin v27.5 - https:\/\/yoast.com\/product\/yoast-seo-wordpress\/ -->\n<title>Juillet-Ao\u00fbt 2024: Probl\u00e8mes sanitaires signal\u00e9s en culture (betteraves) - IRBAB-KBIVB<\/title>\n<meta name=\"description\" content=\"Cartografie bieten 2024. Mei-juni : gezondheidsproblemen gesignaleerd in het gewas.\" \/>\n<meta name=\"robots\" content=\"index, follow, max-snippet:-1, max-image-preview:large, max-video-preview:-1\" \/>\n<link rel=\"canonical\" href=\"https:\/\/www.irbab-kbivb.be\/fr\/cartographie-champs-dobservations\/juillet-aout-2024-problemes-sanitaires-signales-en-culture-betteraves\/\" \/>\n<meta property=\"og:locale\" content=\"fr_FR\" \/>\n<meta property=\"og:type\" content=\"article\" \/>\n<meta property=\"og:title\" content=\"Juillet-Ao\u00fbt 2024: Probl\u00e8mes sanitaires signal\u00e9s en culture (betteraves) - IRBAB-KBIVB\" \/>\n<meta property=\"og:description\" content=\"Cartografie bieten 2024. Mei-juni : gezondheidsproblemen gesignaleerd in het gewas.\" \/>\n<meta property=\"og:url\" content=\"https:\/\/www.irbab-kbivb.be\/fr\/cartographie-champs-dobservations\/juillet-aout-2024-problemes-sanitaires-signales-en-culture-betteraves\/\" \/>\n<meta property=\"og:site_name\" content=\"IRBAB-KBIVB\" \/>\n<meta property=\"article:modified_time\" content=\"2024-07-25T09:52:03+00:00\" \/>\n<meta property=\"og:image\" content=\"https:\/\/www.irbab-kbivb.be\/wp-content\/uploads\/2024\/07\/Legende-Bladziekten_final-1-edited-e1721893149508.png\" \/>\n<meta name=\"twitter:card\" content=\"summary_large_image\" \/>\n<meta name=\"twitter:label1\" content=\"Dur\u00e9e de lecture estim\u00e9e\" \/>\n\t<meta name=\"twitter:data1\" content=\"1 minute\" \/>\n<script type=\"application\/ld+json\" class=\"yoast-schema-graph\">{\"@context\":\"https:\\\/\\\/schema.org\",\"@graph\":[{\"@type\":\"WebPage\",\"@id\":\"https:\\\/\\\/www.irbab-kbivb.be\\\/fr\\\/cartographie-champs-dobservations\\\/juillet-aout-2024-problemes-sanitaires-signales-en-culture-betteraves\\\/\",\"url\":\"https:\\\/\\\/www.irbab-kbivb.be\\\/fr\\\/cartographie-champs-dobservations\\\/juillet-aout-2024-problemes-sanitaires-signales-en-culture-betteraves\\\/\",\"name\":\"Juillet-Ao\u00fbt 2024: Probl\u00e8mes sanitaires signal\u00e9s en culture (betteraves) - IRBAB-KBIVB\",\"isPartOf\":{\"@id\":\"https:\\\/\\\/www.irbab-kbivb.be\\\/#website\"},\"primaryImageOfPage\":{\"@id\":\"https:\\\/\\\/www.irbab-kbivb.be\\\/fr\\\/cartographie-champs-dobservations\\\/juillet-aout-2024-problemes-sanitaires-signales-en-culture-betteraves\\\/#primaryimage\"},\"image\":{\"@id\":\"https:\\\/\\\/www.irbab-kbivb.be\\\/fr\\\/cartographie-champs-dobservations\\\/juillet-aout-2024-problemes-sanitaires-signales-en-culture-betteraves\\\/#primaryimage\"},\"thumbnailUrl\":\"https:\\\/\\\/www.irbab-kbivb.be\\\/wp-content\\\/uploads\\\/2024\\\/07\\\/Legende-Bladziekten_final-1-edited-e1721893149508.png\",\"datePublished\":\"2024-04-18T08:55:31+00:00\",\"dateModified\":\"2024-07-25T09:52:03+00:00\",\"description\":\"Cartografie bieten 2024. Mei-juni : gezondheidsproblemen gesignaleerd in het gewas.\",\"breadcrumb\":{\"@id\":\"https:\\\/\\\/www.irbab-kbivb.be\\\/fr\\\/cartographie-champs-dobservations\\\/juillet-aout-2024-problemes-sanitaires-signales-en-culture-betteraves\\\/#breadcrumb\"},\"inLanguage\":\"fr-FR\",\"potentialAction\":[{\"@type\":\"ReadAction\",\"target\":[\"https:\\\/\\\/www.irbab-kbivb.be\\\/fr\\\/cartographie-champs-dobservations\\\/juillet-aout-2024-problemes-sanitaires-signales-en-culture-betteraves\\\/\"]}]},{\"@type\":\"ImageObject\",\"inLanguage\":\"fr-FR\",\"@id\":\"https:\\\/\\\/www.irbab-kbivb.be\\\/fr\\\/cartographie-champs-dobservations\\\/juillet-aout-2024-problemes-sanitaires-signales-en-culture-betteraves\\\/#primaryimage\",\"url\":\"https:\\\/\\\/www.irbab-kbivb.be\\\/wp-content\\\/uploads\\\/2024\\\/07\\\/Legende-Bladziekten_final-1-edited-e1721893149508.png\",\"contentUrl\":\"https:\\\/\\\/www.irbab-kbivb.be\\\/wp-content\\\/uploads\\\/2024\\\/07\\\/Legende-Bladziekten_final-1-edited-e1721893149508.png\"},{\"@type\":\"BreadcrumbList\",\"@id\":\"https:\\\/\\\/www.irbab-kbivb.be\\\/fr\\\/cartographie-champs-dobservations\\\/juillet-aout-2024-problemes-sanitaires-signales-en-culture-betteraves\\\/#breadcrumb\",\"itemListElement\":[{\"@type\":\"ListItem\",\"position\":1,\"name\":\"Home\",\"item\":\"https:\\\/\\\/www.irbab-kbivb.be\\\/fr\\\/\"},{\"@type\":\"ListItem\",\"position\":2,\"name\":\"Cartographie champs d&#8217;observations\",\"item\":\"https:\\\/\\\/www.irbab-kbivb.be\\\/fr\\\/cartographie-champs-dobservations\\\/\"},{\"@type\":\"ListItem\",\"position\":3,\"name\":\"Juillet-Ao\u00fbt 2024: Probl\u00e8mes sanitaires signal\u00e9s en culture (betteraves)\"}]},{\"@type\":\"WebSite\",\"@id\":\"https:\\\/\\\/www.irbab-kbivb.be\\\/#website\",\"url\":\"https:\\\/\\\/www.irbab-kbivb.be\\\/\",\"name\":\"IRBAB-KBIVB\",\"description\":\"Koninklijk Belgisch Instituut tot Verbetering van de Biet vzw | Institut Royal Belge pour l&#039;Am\u00e9lioration de la Betterave asbl\",\"potentialAction\":[{\"@type\":\"SearchAction\",\"target\":{\"@type\":\"EntryPoint\",\"urlTemplate\":\"https:\\\/\\\/www.irbab-kbivb.be\\\/?s={search_term_string}\"},\"query-input\":{\"@type\":\"PropertyValueSpecification\",\"valueRequired\":true,\"valueName\":\"search_term_string\"}}],\"inLanguage\":\"fr-FR\"}]}<\/script>\n<!-- \/ Yoast SEO plugin. -->","yoast_head_json":{"title":"Juillet-Ao\u00fbt 2024: Probl\u00e8mes sanitaires signal\u00e9s en culture (betteraves) - IRBAB-KBIVB","description":"Cartografie bieten 2024. Mei-juni : gezondheidsproblemen gesignaleerd in het gewas.","robots":{"index":"index","follow":"follow","max-snippet":"max-snippet:-1","max-image-preview":"max-image-preview:large","max-video-preview":"max-video-preview:-1"},"canonical":"https:\/\/www.irbab-kbivb.be\/fr\/cartographie-champs-dobservations\/juillet-aout-2024-problemes-sanitaires-signales-en-culture-betteraves\/","og_locale":"fr_FR","og_type":"article","og_title":"Juillet-Ao\u00fbt 2024: Probl\u00e8mes sanitaires signal\u00e9s en culture (betteraves) - IRBAB-KBIVB","og_description":"Cartografie bieten 2024. Mei-juni : gezondheidsproblemen gesignaleerd in het gewas.","og_url":"https:\/\/www.irbab-kbivb.be\/fr\/cartographie-champs-dobservations\/juillet-aout-2024-problemes-sanitaires-signales-en-culture-betteraves\/","og_site_name":"IRBAB-KBIVB","article_modified_time":"2024-07-25T09:52:03+00:00","og_image":[{"url":"https:\/\/www.irbab-kbivb.be\/wp-content\/uploads\/2024\/07\/Legende-Bladziekten_final-1-edited-e1721893149508.png","type":"","width":"","height":""}],"twitter_card":"summary_large_image","twitter_misc":{"Dur\u00e9e de lecture estim\u00e9e":"1 minute"},"schema":{"@context":"https:\/\/schema.org","@graph":[{"@type":"WebPage","@id":"https:\/\/www.irbab-kbivb.be\/fr\/cartographie-champs-dobservations\/juillet-aout-2024-problemes-sanitaires-signales-en-culture-betteraves\/","url":"https:\/\/www.irbab-kbivb.be\/fr\/cartographie-champs-dobservations\/juillet-aout-2024-problemes-sanitaires-signales-en-culture-betteraves\/","name":"Juillet-Ao\u00fbt 2024: Probl\u00e8mes sanitaires signal\u00e9s en culture (betteraves) - IRBAB-KBIVB","isPartOf":{"@id":"https:\/\/www.irbab-kbivb.be\/#website"},"primaryImageOfPage":{"@id":"https:\/\/www.irbab-kbivb.be\/fr\/cartographie-champs-dobservations\/juillet-aout-2024-problemes-sanitaires-signales-en-culture-betteraves\/#primaryimage"},"image":{"@id":"https:\/\/www.irbab-kbivb.be\/fr\/cartographie-champs-dobservations\/juillet-aout-2024-problemes-sanitaires-signales-en-culture-betteraves\/#primaryimage"},"thumbnailUrl":"https:\/\/www.irbab-kbivb.be\/wp-content\/uploads\/2024\/07\/Legende-Bladziekten_final-1-edited-e1721893149508.png","datePublished":"2024-04-18T08:55:31+00:00","dateModified":"2024-07-25T09:52:03+00:00","description":"Cartografie bieten 2024. Mei-juni : gezondheidsproblemen gesignaleerd in het gewas.","breadcrumb":{"@id":"https:\/\/www.irbab-kbivb.be\/fr\/cartographie-champs-dobservations\/juillet-aout-2024-problemes-sanitaires-signales-en-culture-betteraves\/#breadcrumb"},"inLanguage":"fr-FR","potentialAction":[{"@type":"ReadAction","target":["https:\/\/www.irbab-kbivb.be\/fr\/cartographie-champs-dobservations\/juillet-aout-2024-problemes-sanitaires-signales-en-culture-betteraves\/"]}]},{"@type":"ImageObject","inLanguage":"fr-FR","@id":"https:\/\/www.irbab-kbivb.be\/fr\/cartographie-champs-dobservations\/juillet-aout-2024-problemes-sanitaires-signales-en-culture-betteraves\/#primaryimage","url":"https:\/\/www.irbab-kbivb.be\/wp-content\/uploads\/2024\/07\/Legende-Bladziekten_final-1-edited-e1721893149508.png","contentUrl":"https:\/\/www.irbab-kbivb.be\/wp-content\/uploads\/2024\/07\/Legende-Bladziekten_final-1-edited-e1721893149508.png"},{"@type":"BreadcrumbList","@id":"https:\/\/www.irbab-kbivb.be\/fr\/cartographie-champs-dobservations\/juillet-aout-2024-problemes-sanitaires-signales-en-culture-betteraves\/#breadcrumb","itemListElement":[{"@type":"ListItem","position":1,"name":"Home","item":"https:\/\/www.irbab-kbivb.be\/fr\/"},{"@type":"ListItem","position":2,"name":"Cartographie champs d&#8217;observations","item":"https:\/\/www.irbab-kbivb.be\/fr\/cartographie-champs-dobservations\/"},{"@type":"ListItem","position":3,"name":"Juillet-Ao\u00fbt 2024: Probl\u00e8mes sanitaires signal\u00e9s en culture (betteraves)"}]},{"@type":"WebSite","@id":"https:\/\/www.irbab-kbivb.be\/#website","url":"https:\/\/www.irbab-kbivb.be\/","name":"IRBAB-KBIVB","description":"Koninklijk Belgisch Instituut tot Verbetering van de Biet vzw | Institut Royal Belge pour l&#039;Am\u00e9lioration de la Betterave asbl","potentialAction":[{"@type":"SearchAction","target":{"@type":"EntryPoint","urlTemplate":"https:\/\/www.irbab-kbivb.be\/?s={search_term_string}"},"query-input":{"@type":"PropertyValueSpecification","valueRequired":true,"valueName":"search_term_string"}}],"inLanguage":"fr-FR"}]}},"_links":{"self":[{"href":"https:\/\/www.irbab-kbivb.be\/fr\/wp-json\/wp\/v2\/pages\/23186","targetHints":{"allow":["GET"]}}],"collection":[{"href":"https:\/\/www.irbab-kbivb.be\/fr\/wp-json\/wp\/v2\/pages"}],"about":[{"href":"https:\/\/www.irbab-kbivb.be\/fr\/wp-json\/wp\/v2\/types\/page"}],"author":[{"embeddable":true,"href":"https:\/\/www.irbab-kbivb.be\/fr\/wp-json\/wp\/v2\/users\/3"}],"replies":[{"embeddable":true,"href":"https:\/\/www.irbab-kbivb.be\/fr\/wp-json\/wp\/v2\/comments?post=23186"}],"version-history":[{"count":2,"href":"https:\/\/www.irbab-kbivb.be\/fr\/wp-json\/wp\/v2\/pages\/23186\/revisions"}],"predecessor-version":[{"id":25487,"href":"https:\/\/www.irbab-kbivb.be\/fr\/wp-json\/wp\/v2\/pages\/23186\/revisions\/25487"}],"up":[{"embeddable":true,"href":"https:\/\/www.irbab-kbivb.be\/fr\/wp-json\/wp\/v2\/pages\/1185"}],"wp:attachment":[{"href":"https:\/\/www.irbab-kbivb.be\/fr\/wp-json\/wp\/v2\/media?parent=23186"}],"curies":[{"name":"wp","href":"https:\/\/api.w.org\/{rel}","templated":true}]}}