{"id":22014,"date":"2022-04-01T13:09:49","date_gmt":"2022-04-01T11:09:49","guid":{"rendered":"https:\/\/www.irbab-kbivb.be\/?page_id=22014"},"modified":"2022-08-18T13:51:30","modified_gmt":"2022-08-18T11:51:30","slug":"juillet-aout-2022-problemes-sanitaires-signales-en-culture-betteraves","status":"publish","type":"page","link":"https:\/\/www.irbab-kbivb.be\/fr\/cartographie-champs-dobservations\/juillet-aout-2022-problemes-sanitaires-signales-en-culture-betteraves\/","title":{"rendered":"Juillet-Ao\u00fbt 2022: Probl\u00e8mes sanitaires signal\u00e9s en culture (betteraves)"},"content":{"rendered":"\n<p> R\u00e9seau de champs d&#8217;observations de l&#8217;IRBAB pour la culture de la betterave en 2022<\/p>\n\n\n\n<p> L\u00e9gende :<\/p>\n\n\n<div class=\"wp-block-image\">\n<figure class=\"aligncenter size-large is-resized\"><img loading=\"lazy\" decoding=\"async\" src=\"https:\/\/www.irbab-kbivb.be\/wp-content\/uploads\/2021\/07\/Legende-bladziekten-biet-1-1024x218.jpg\" alt=\"\" class=\"wp-image-21410\" width=\"1024\" height=\"218\" srcset=\"https:\/\/www.irbab-kbivb.be\/wp-content\/uploads\/2021\/07\/Legende-bladziekten-biet-1-1024x218.jpg 1024w, https:\/\/www.irbab-kbivb.be\/wp-content\/uploads\/2021\/07\/Legende-bladziekten-biet-1-300x64.jpg 300w, https:\/\/www.irbab-kbivb.be\/wp-content\/uploads\/2021\/07\/Legende-bladziekten-biet-1-768x163.jpg 768w, https:\/\/www.irbab-kbivb.be\/wp-content\/uploads\/2021\/07\/Legende-bladziekten-biet-1-810x172.jpg 810w, https:\/\/www.irbab-kbivb.be\/wp-content\/uploads\/2021\/07\/Legende-bladziekten-biet-1-1140x243.jpg 1140w, https:\/\/www.irbab-kbivb.be\/wp-content\/uploads\/2021\/07\/Legende-bladziekten-biet-1.jpg 1462w\" sizes=\"auto, (max-width: 1024px) 100vw, 1024px\" \/><\/figure>\n<\/div>\n\n\n<p>Plus d\u2019informations sur la l\u00e9gende&nbsp;:<\/p>\n\n\n\n<p>Pour la betterave, des observations sont effectu\u00e9es pour la cercosporiose, l\u2019o\u00efdium et la rouille. Chaque maladie, pour laquelle le seuil a \u00e9t\u00e9 atteint, est indiqu\u00e9e par une couleur diff\u00e9rente. Lorsque le seuil est atteint pour plusieurs maladies, le champ prend la couleur de la maladie consid\u00e9r\u00e9e comme la plus dommageable. Le chiffre indique uniquement si le seuil a \u00e9t\u00e9 atteint 1 ou 2 fois.<\/p>\n\n\n\n<p>La cercosporiose est consid\u00e9r\u00e9e comme la maladie cryptogamique la plus&nbsp;dommageable, suivi de l\u2019o\u00efdium et de la rouille. Par exemple, si le seuil a \u00e9t\u00e9 atteint pour la cercosporiose et l\u2019o\u00efdium, le champ sera indiqu\u00e9 en rose car la cercosporiose est consid\u00e9r\u00e9e comme plus dommageable. Si le seuil de l\u2019o\u00efdium et de la rouille a \u00e9t\u00e9 atteint, le champ sera indiqu\u00e9 en bleu car l\u2019o\u00efdium peut engendrer un impact sur le rendement plus important que la rouille en l\u2019absence de traitement au moment opportun. Dans un dernier exemple, si le seuil a \u00e9t\u00e9 atteint une premi\u00e8re fois pour la cercosporiose et une deuxi\u00e8me fois pour la rouille et l\u2019o\u00efdium, le champ sur la carte sera indiqu\u00e9 par une couleur bleu avec un chiffre 2,\u00e9tant donn\u00e9 que le seuil &nbsp;a \u00e9t\u00e9 atteint deux fois et que la deuxi\u00e8me fois la maladie la plus dommageable est l\u2019o\u00efdium.<\/p>\n\n\n\n<p>La carte des champs d&#8217;observation est actualis\u00e9e plusieurs fois par semaine selon les donn\u00e9es transmises par les observateurs.<br><em>(cliquer sur l&#8217;ic\u00f4ne pour les donn\u00e9es actualis\u00e9es du champ correspondant)<\/em> <\/p>\n\n\n\n<iframe loading=\"lazy\" src=\"https:\/\/www.google.com\/maps\/d\/embed?mid=1vae7u9rJwlhaOIuCX1b0sr1Z_mJ4YplT&amp;ehbc=2E312F\" width=\"640\" height=\"480\"><\/iframe>\n","protected":false},"excerpt":{"rendered":"<p>R\u00e9seau de champs d&#8217;observations de l&#8217;IRBAB pour la culture de la betterave en 2022 L\u00e9gende : Plus d\u2019informations sur la l\u00e9gende&nbsp;: Pour la betterave, des observations sont effectu\u00e9es pour la cercosporiose, l\u2019o\u00efdium et la rouille. Chaque maladie, pour laquelle le seuil a \u00e9t\u00e9 atteint, est indiqu\u00e9e par une couleur diff\u00e9rente. Lorsque le seuil est atteint [&hellip;]<\/p>\n","protected":false},"author":3,"featured_media":0,"parent":1185,"menu_order":0,"comment_status":"closed","ping_status":"closed","template":"","meta":{"iawp_total_views":1,"footnotes":""},"class_list":["post-22014","page","type-page","status-publish","hentry"],"yoast_head":"<!-- This site is optimized with the Yoast SEO plugin v27.5 - https:\/\/yoast.com\/product\/yoast-seo-wordpress\/ -->\n<title>Juillet-Ao\u00fbt 2022: Probl\u00e8mes sanitaires signal\u00e9s en culture (betteraves) - IRBAB-KBIVB<\/title>\n<meta name=\"description\" content=\"Cartografie bieten 2015. Mei-juni : gezondheidsproblemen gesignaleerd in het gewas.\" \/>\n<meta name=\"robots\" content=\"index, follow, max-snippet:-1, max-image-preview:large, max-video-preview:-1\" \/>\n<link rel=\"canonical\" href=\"https:\/\/www.irbab-kbivb.be\/fr\/cartographie-champs-dobservations\/juillet-aout-2022-problemes-sanitaires-signales-en-culture-betteraves\/\" \/>\n<meta property=\"og:locale\" content=\"fr_FR\" \/>\n<meta property=\"og:type\" content=\"article\" \/>\n<meta property=\"og:title\" content=\"Juillet-Ao\u00fbt 2022: Probl\u00e8mes sanitaires signal\u00e9s en culture (betteraves) - IRBAB-KBIVB\" \/>\n<meta property=\"og:description\" content=\"Cartografie bieten 2015. Mei-juni : gezondheidsproblemen gesignaleerd in het gewas.\" \/>\n<meta property=\"og:url\" content=\"https:\/\/www.irbab-kbivb.be\/fr\/cartographie-champs-dobservations\/juillet-aout-2022-problemes-sanitaires-signales-en-culture-betteraves\/\" \/>\n<meta property=\"og:site_name\" content=\"IRBAB-KBIVB\" \/>\n<meta property=\"article:modified_time\" content=\"2022-08-18T11:51:30+00:00\" \/>\n<meta property=\"og:image\" content=\"https:\/\/www.irbab-kbivb.be\/wp-content\/uploads\/2021\/07\/Legende-bladziekten-biet-1-1024x218.jpg\" \/>\n<meta name=\"twitter:card\" content=\"summary_large_image\" \/>\n<meta name=\"twitter:label1\" content=\"Dur\u00e9e de lecture estim\u00e9e\" \/>\n\t<meta name=\"twitter:data1\" content=\"2 minutes\" \/>\n<script type=\"application\/ld+json\" class=\"yoast-schema-graph\">{\"@context\":\"https:\\\/\\\/schema.org\",\"@graph\":[{\"@type\":\"WebPage\",\"@id\":\"https:\\\/\\\/www.irbab-kbivb.be\\\/fr\\\/cartographie-champs-dobservations\\\/juillet-aout-2022-problemes-sanitaires-signales-en-culture-betteraves\\\/\",\"url\":\"https:\\\/\\\/www.irbab-kbivb.be\\\/fr\\\/cartographie-champs-dobservations\\\/juillet-aout-2022-problemes-sanitaires-signales-en-culture-betteraves\\\/\",\"name\":\"Juillet-Ao\u00fbt 2022: Probl\u00e8mes sanitaires signal\u00e9s en culture (betteraves) - IRBAB-KBIVB\",\"isPartOf\":{\"@id\":\"https:\\\/\\\/www.irbab-kbivb.be\\\/#website\"},\"primaryImageOfPage\":{\"@id\":\"https:\\\/\\\/www.irbab-kbivb.be\\\/fr\\\/cartographie-champs-dobservations\\\/juillet-aout-2022-problemes-sanitaires-signales-en-culture-betteraves\\\/#primaryimage\"},\"image\":{\"@id\":\"https:\\\/\\\/www.irbab-kbivb.be\\\/fr\\\/cartographie-champs-dobservations\\\/juillet-aout-2022-problemes-sanitaires-signales-en-culture-betteraves\\\/#primaryimage\"},\"thumbnailUrl\":\"https:\\\/\\\/www.irbab-kbivb.be\\\/wp-content\\\/uploads\\\/2021\\\/07\\\/Legende-bladziekten-biet-1-1024x218.jpg\",\"datePublished\":\"2022-04-01T11:09:49+00:00\",\"dateModified\":\"2022-08-18T11:51:30+00:00\",\"description\":\"Cartografie bieten 2015. Mei-juni : gezondheidsproblemen gesignaleerd in het gewas.\",\"breadcrumb\":{\"@id\":\"https:\\\/\\\/www.irbab-kbivb.be\\\/fr\\\/cartographie-champs-dobservations\\\/juillet-aout-2022-problemes-sanitaires-signales-en-culture-betteraves\\\/#breadcrumb\"},\"inLanguage\":\"fr-FR\",\"potentialAction\":[{\"@type\":\"ReadAction\",\"target\":[\"https:\\\/\\\/www.irbab-kbivb.be\\\/fr\\\/cartographie-champs-dobservations\\\/juillet-aout-2022-problemes-sanitaires-signales-en-culture-betteraves\\\/\"]}]},{\"@type\":\"ImageObject\",\"inLanguage\":\"fr-FR\",\"@id\":\"https:\\\/\\\/www.irbab-kbivb.be\\\/fr\\\/cartographie-champs-dobservations\\\/juillet-aout-2022-problemes-sanitaires-signales-en-culture-betteraves\\\/#primaryimage\",\"url\":\"https:\\\/\\\/www.irbab-kbivb.be\\\/wp-content\\\/uploads\\\/2021\\\/07\\\/Legende-bladziekten-biet-1-1024x218.jpg\",\"contentUrl\":\"https:\\\/\\\/www.irbab-kbivb.be\\\/wp-content\\\/uploads\\\/2021\\\/07\\\/Legende-bladziekten-biet-1-1024x218.jpg\"},{\"@type\":\"BreadcrumbList\",\"@id\":\"https:\\\/\\\/www.irbab-kbivb.be\\\/fr\\\/cartographie-champs-dobservations\\\/juillet-aout-2022-problemes-sanitaires-signales-en-culture-betteraves\\\/#breadcrumb\",\"itemListElement\":[{\"@type\":\"ListItem\",\"position\":1,\"name\":\"Home\",\"item\":\"https:\\\/\\\/www.irbab-kbivb.be\\\/fr\\\/\"},{\"@type\":\"ListItem\",\"position\":2,\"name\":\"Cartographie champs d&#8217;observations\",\"item\":\"https:\\\/\\\/www.irbab-kbivb.be\\\/fr\\\/cartographie-champs-dobservations\\\/\"},{\"@type\":\"ListItem\",\"position\":3,\"name\":\"Juillet-Ao\u00fbt 2022: Probl\u00e8mes sanitaires signal\u00e9s en culture (betteraves)\"}]},{\"@type\":\"WebSite\",\"@id\":\"https:\\\/\\\/www.irbab-kbivb.be\\\/#website\",\"url\":\"https:\\\/\\\/www.irbab-kbivb.be\\\/\",\"name\":\"IRBAB-KBIVB\",\"description\":\"Koninklijk Belgisch Instituut tot Verbetering van de Biet vzw | Institut Royal Belge pour l&#039;Am\u00e9lioration de la Betterave asbl\",\"potentialAction\":[{\"@type\":\"SearchAction\",\"target\":{\"@type\":\"EntryPoint\",\"urlTemplate\":\"https:\\\/\\\/www.irbab-kbivb.be\\\/?s={search_term_string}\"},\"query-input\":{\"@type\":\"PropertyValueSpecification\",\"valueRequired\":true,\"valueName\":\"search_term_string\"}}],\"inLanguage\":\"fr-FR\"}]}<\/script>\n<!-- \/ Yoast SEO plugin. -->","yoast_head_json":{"title":"Juillet-Ao\u00fbt 2022: Probl\u00e8mes sanitaires signal\u00e9s en culture (betteraves) - IRBAB-KBIVB","description":"Cartografie bieten 2015. Mei-juni : gezondheidsproblemen gesignaleerd in het gewas.","robots":{"index":"index","follow":"follow","max-snippet":"max-snippet:-1","max-image-preview":"max-image-preview:large","max-video-preview":"max-video-preview:-1"},"canonical":"https:\/\/www.irbab-kbivb.be\/fr\/cartographie-champs-dobservations\/juillet-aout-2022-problemes-sanitaires-signales-en-culture-betteraves\/","og_locale":"fr_FR","og_type":"article","og_title":"Juillet-Ao\u00fbt 2022: Probl\u00e8mes sanitaires signal\u00e9s en culture (betteraves) - IRBAB-KBIVB","og_description":"Cartografie bieten 2015. Mei-juni : gezondheidsproblemen gesignaleerd in het gewas.","og_url":"https:\/\/www.irbab-kbivb.be\/fr\/cartographie-champs-dobservations\/juillet-aout-2022-problemes-sanitaires-signales-en-culture-betteraves\/","og_site_name":"IRBAB-KBIVB","article_modified_time":"2022-08-18T11:51:30+00:00","og_image":[{"url":"https:\/\/www.irbab-kbivb.be\/wp-content\/uploads\/2021\/07\/Legende-bladziekten-biet-1-1024x218.jpg","type":"","width":"","height":""}],"twitter_card":"summary_large_image","twitter_misc":{"Dur\u00e9e de lecture estim\u00e9e":"2 minutes"},"schema":{"@context":"https:\/\/schema.org","@graph":[{"@type":"WebPage","@id":"https:\/\/www.irbab-kbivb.be\/fr\/cartographie-champs-dobservations\/juillet-aout-2022-problemes-sanitaires-signales-en-culture-betteraves\/","url":"https:\/\/www.irbab-kbivb.be\/fr\/cartographie-champs-dobservations\/juillet-aout-2022-problemes-sanitaires-signales-en-culture-betteraves\/","name":"Juillet-Ao\u00fbt 2022: Probl\u00e8mes sanitaires signal\u00e9s en culture (betteraves) - IRBAB-KBIVB","isPartOf":{"@id":"https:\/\/www.irbab-kbivb.be\/#website"},"primaryImageOfPage":{"@id":"https:\/\/www.irbab-kbivb.be\/fr\/cartographie-champs-dobservations\/juillet-aout-2022-problemes-sanitaires-signales-en-culture-betteraves\/#primaryimage"},"image":{"@id":"https:\/\/www.irbab-kbivb.be\/fr\/cartographie-champs-dobservations\/juillet-aout-2022-problemes-sanitaires-signales-en-culture-betteraves\/#primaryimage"},"thumbnailUrl":"https:\/\/www.irbab-kbivb.be\/wp-content\/uploads\/2021\/07\/Legende-bladziekten-biet-1-1024x218.jpg","datePublished":"2022-04-01T11:09:49+00:00","dateModified":"2022-08-18T11:51:30+00:00","description":"Cartografie bieten 2015. Mei-juni : gezondheidsproblemen gesignaleerd in het gewas.","breadcrumb":{"@id":"https:\/\/www.irbab-kbivb.be\/fr\/cartographie-champs-dobservations\/juillet-aout-2022-problemes-sanitaires-signales-en-culture-betteraves\/#breadcrumb"},"inLanguage":"fr-FR","potentialAction":[{"@type":"ReadAction","target":["https:\/\/www.irbab-kbivb.be\/fr\/cartographie-champs-dobservations\/juillet-aout-2022-problemes-sanitaires-signales-en-culture-betteraves\/"]}]},{"@type":"ImageObject","inLanguage":"fr-FR","@id":"https:\/\/www.irbab-kbivb.be\/fr\/cartographie-champs-dobservations\/juillet-aout-2022-problemes-sanitaires-signales-en-culture-betteraves\/#primaryimage","url":"https:\/\/www.irbab-kbivb.be\/wp-content\/uploads\/2021\/07\/Legende-bladziekten-biet-1-1024x218.jpg","contentUrl":"https:\/\/www.irbab-kbivb.be\/wp-content\/uploads\/2021\/07\/Legende-bladziekten-biet-1-1024x218.jpg"},{"@type":"BreadcrumbList","@id":"https:\/\/www.irbab-kbivb.be\/fr\/cartographie-champs-dobservations\/juillet-aout-2022-problemes-sanitaires-signales-en-culture-betteraves\/#breadcrumb","itemListElement":[{"@type":"ListItem","position":1,"name":"Home","item":"https:\/\/www.irbab-kbivb.be\/fr\/"},{"@type":"ListItem","position":2,"name":"Cartographie champs d&#8217;observations","item":"https:\/\/www.irbab-kbivb.be\/fr\/cartographie-champs-dobservations\/"},{"@type":"ListItem","position":3,"name":"Juillet-Ao\u00fbt 2022: Probl\u00e8mes sanitaires signal\u00e9s en culture (betteraves)"}]},{"@type":"WebSite","@id":"https:\/\/www.irbab-kbivb.be\/#website","url":"https:\/\/www.irbab-kbivb.be\/","name":"IRBAB-KBIVB","description":"Koninklijk Belgisch Instituut tot Verbetering van de Biet vzw | Institut Royal Belge pour l&#039;Am\u00e9lioration de la Betterave asbl","potentialAction":[{"@type":"SearchAction","target":{"@type":"EntryPoint","urlTemplate":"https:\/\/www.irbab-kbivb.be\/?s={search_term_string}"},"query-input":{"@type":"PropertyValueSpecification","valueRequired":true,"valueName":"search_term_string"}}],"inLanguage":"fr-FR"}]}},"_links":{"self":[{"href":"https:\/\/www.irbab-kbivb.be\/fr\/wp-json\/wp\/v2\/pages\/22014","targetHints":{"allow":["GET"]}}],"collection":[{"href":"https:\/\/www.irbab-kbivb.be\/fr\/wp-json\/wp\/v2\/pages"}],"about":[{"href":"https:\/\/www.irbab-kbivb.be\/fr\/wp-json\/wp\/v2\/types\/page"}],"author":[{"embeddable":true,"href":"https:\/\/www.irbab-kbivb.be\/fr\/wp-json\/wp\/v2\/users\/3"}],"replies":[{"embeddable":true,"href":"https:\/\/www.irbab-kbivb.be\/fr\/wp-json\/wp\/v2\/comments?post=22014"}],"version-history":[{"count":2,"href":"https:\/\/www.irbab-kbivb.be\/fr\/wp-json\/wp\/v2\/pages\/22014\/revisions"}],"predecessor-version":[{"id":22730,"href":"https:\/\/www.irbab-kbivb.be\/fr\/wp-json\/wp\/v2\/pages\/22014\/revisions\/22730"}],"up":[{"embeddable":true,"href":"https:\/\/www.irbab-kbivb.be\/fr\/wp-json\/wp\/v2\/pages\/1185"}],"wp:attachment":[{"href":"https:\/\/www.irbab-kbivb.be\/fr\/wp-json\/wp\/v2\/media?parent=22014"}],"curies":[{"name":"wp","href":"https:\/\/api.w.org\/{rel}","templated":true}]}}