{"id":21414,"date":"2021-07-12T15:13:01","date_gmt":"2021-07-12T13:13:01","guid":{"rendered":"https:\/\/www.irbab-kbivb.be\/?page_id=21414"},"modified":"2021-08-17T10:59:12","modified_gmt":"2021-08-17T08:59:12","slug":"juillet-aout-2021-problemes-sanitaires-signales-en-culture-betteraves","status":"publish","type":"page","link":"https:\/\/www.irbab-kbivb.be\/fr\/cartographie-champs-dobservations\/juillet-aout-2021-problemes-sanitaires-signales-en-culture-betteraves\/","title":{"rendered":"Juillet-Ao\u00fbt 2021: Probl\u00e8mes sanitaires signal\u00e9s en culture (betteraves)"},"content":{"rendered":"\n<p> R\u00e9seau de champs d&#8217;observations de l&#8217;IRBAB pour la culture de la betterave en 2021<\/p>\n\n\n\n<p> L\u00e9gende :<\/p>\n\n\n\n<div class=\"wp-block-image\"><figure class=\"aligncenter size-large is-resized\"><img loading=\"lazy\" decoding=\"async\" src=\"https:\/\/www.irbab-kbivb.be\/wp-content\/uploads\/2021\/07\/Legende-bladziekten-biet-1-1024x218.jpg\" alt=\"\" class=\"wp-image-21410\" width=\"1024\" height=\"218\" srcset=\"https:\/\/www.irbab-kbivb.be\/wp-content\/uploads\/2021\/07\/Legende-bladziekten-biet-1-1024x218.jpg 1024w, https:\/\/www.irbab-kbivb.be\/wp-content\/uploads\/2021\/07\/Legende-bladziekten-biet-1-300x64.jpg 300w, https:\/\/www.irbab-kbivb.be\/wp-content\/uploads\/2021\/07\/Legende-bladziekten-biet-1-768x163.jpg 768w, https:\/\/www.irbab-kbivb.be\/wp-content\/uploads\/2021\/07\/Legende-bladziekten-biet-1-810x172.jpg 810w, https:\/\/www.irbab-kbivb.be\/wp-content\/uploads\/2021\/07\/Legende-bladziekten-biet-1-1140x243.jpg 1140w, https:\/\/www.irbab-kbivb.be\/wp-content\/uploads\/2021\/07\/Legende-bladziekten-biet-1.jpg 1462w\" sizes=\"auto, (max-width: 1024px) 100vw, 1024px\" \/><\/figure><\/div>\n\n\n\n<p> La carte des champs d&#8217;observation est actualis\u00e9e plusieurs fois par semaine selon les donn\u00e9es transmises par les observateurs.<br><em>(cliquer sur l&#8217;ic\u00f4ne pour les donn\u00e9es actualis\u00e9es du champ correspondant)<\/em> <\/p>\n\n\n\n<iframe loading=\"lazy\" src=\"https:\/\/www.google.com\/maps\/d\/u\/0\/embed?mid=1j9gupVzZ0nOobKRiVrmvhZoHvgwNhJHC\" width=\"640\" height=\"480\"><\/iframe>\n","protected":false},"excerpt":{"rendered":"<p>R\u00e9seau de champs d&#8217;observations de l&#8217;IRBAB pour la culture de la betterave en 2021 L\u00e9gende : La carte des champs d&#8217;observation est actualis\u00e9e plusieurs fois par semaine selon les donn\u00e9es transmises par les observateurs.(cliquer sur l&#8217;ic\u00f4ne pour les donn\u00e9es actualis\u00e9es du champ correspondant)<\/p>\n","protected":false},"author":3,"featured_media":0,"parent":1185,"menu_order":0,"comment_status":"closed","ping_status":"closed","template":"","meta":{"iawp_total_views":1,"footnotes":""},"class_list":["post-21414","page","type-page","status-publish","hentry"],"yoast_head":"<!-- This site is optimized with the Yoast SEO plugin v27.5 - https:\/\/yoast.com\/product\/yoast-seo-wordpress\/ -->\n<title>Juillet-Ao\u00fbt 2021: Probl\u00e8mes sanitaires signal\u00e9s en culture (betteraves) - IRBAB-KBIVB<\/title>\n<meta name=\"description\" content=\"Cartografie bieten 2015. Mei-juni : gezondheidsproblemen gesignaleerd in het gewas.\" \/>\n<meta name=\"robots\" content=\"index, follow, max-snippet:-1, max-image-preview:large, max-video-preview:-1\" \/>\n<link rel=\"canonical\" href=\"https:\/\/www.irbab-kbivb.be\/fr\/cartographie-champs-dobservations\/juillet-aout-2021-problemes-sanitaires-signales-en-culture-betteraves\/\" \/>\n<meta property=\"og:locale\" content=\"fr_FR\" \/>\n<meta property=\"og:type\" content=\"article\" \/>\n<meta property=\"og:title\" content=\"Juillet-Ao\u00fbt 2021: Probl\u00e8mes sanitaires signal\u00e9s en culture (betteraves) - IRBAB-KBIVB\" \/>\n<meta property=\"og:description\" content=\"Cartografie bieten 2015. Mei-juni : gezondheidsproblemen gesignaleerd in het gewas.\" \/>\n<meta property=\"og:url\" content=\"https:\/\/www.irbab-kbivb.be\/fr\/cartographie-champs-dobservations\/juillet-aout-2021-problemes-sanitaires-signales-en-culture-betteraves\/\" \/>\n<meta property=\"og:site_name\" content=\"IRBAB-KBIVB\" \/>\n<meta property=\"article:modified_time\" content=\"2021-08-17T08:59:12+00:00\" \/>\n<meta property=\"og:image\" content=\"https:\/\/www.irbab-kbivb.be\/wp-content\/uploads\/2021\/07\/Legende-bladziekten-biet-1-1024x218.jpg\" \/>\n<meta name=\"twitter:card\" content=\"summary_large_image\" \/>\n<meta name=\"twitter:label1\" content=\"Dur\u00e9e de lecture estim\u00e9e\" \/>\n\t<meta name=\"twitter:data1\" content=\"1 minute\" \/>\n<script type=\"application\/ld+json\" class=\"yoast-schema-graph\">{\"@context\":\"https:\\\/\\\/schema.org\",\"@graph\":[{\"@type\":\"WebPage\",\"@id\":\"https:\\\/\\\/www.irbab-kbivb.be\\\/fr\\\/cartographie-champs-dobservations\\\/juillet-aout-2021-problemes-sanitaires-signales-en-culture-betteraves\\\/\",\"url\":\"https:\\\/\\\/www.irbab-kbivb.be\\\/fr\\\/cartographie-champs-dobservations\\\/juillet-aout-2021-problemes-sanitaires-signales-en-culture-betteraves\\\/\",\"name\":\"Juillet-Ao\u00fbt 2021: Probl\u00e8mes sanitaires signal\u00e9s en culture (betteraves) - IRBAB-KBIVB\",\"isPartOf\":{\"@id\":\"https:\\\/\\\/www.irbab-kbivb.be\\\/#website\"},\"primaryImageOfPage\":{\"@id\":\"https:\\\/\\\/www.irbab-kbivb.be\\\/fr\\\/cartographie-champs-dobservations\\\/juillet-aout-2021-problemes-sanitaires-signales-en-culture-betteraves\\\/#primaryimage\"},\"image\":{\"@id\":\"https:\\\/\\\/www.irbab-kbivb.be\\\/fr\\\/cartographie-champs-dobservations\\\/juillet-aout-2021-problemes-sanitaires-signales-en-culture-betteraves\\\/#primaryimage\"},\"thumbnailUrl\":\"https:\\\/\\\/www.irbab-kbivb.be\\\/wp-content\\\/uploads\\\/2021\\\/07\\\/Legende-bladziekten-biet-1-1024x218.jpg\",\"datePublished\":\"2021-07-12T13:13:01+00:00\",\"dateModified\":\"2021-08-17T08:59:12+00:00\",\"description\":\"Cartografie bieten 2015. Mei-juni : gezondheidsproblemen gesignaleerd in het gewas.\",\"breadcrumb\":{\"@id\":\"https:\\\/\\\/www.irbab-kbivb.be\\\/fr\\\/cartographie-champs-dobservations\\\/juillet-aout-2021-problemes-sanitaires-signales-en-culture-betteraves\\\/#breadcrumb\"},\"inLanguage\":\"fr-FR\",\"potentialAction\":[{\"@type\":\"ReadAction\",\"target\":[\"https:\\\/\\\/www.irbab-kbivb.be\\\/fr\\\/cartographie-champs-dobservations\\\/juillet-aout-2021-problemes-sanitaires-signales-en-culture-betteraves\\\/\"]}]},{\"@type\":\"ImageObject\",\"inLanguage\":\"fr-FR\",\"@id\":\"https:\\\/\\\/www.irbab-kbivb.be\\\/fr\\\/cartographie-champs-dobservations\\\/juillet-aout-2021-problemes-sanitaires-signales-en-culture-betteraves\\\/#primaryimage\",\"url\":\"https:\\\/\\\/www.irbab-kbivb.be\\\/wp-content\\\/uploads\\\/2021\\\/07\\\/Legende-bladziekten-biet-1-1024x218.jpg\",\"contentUrl\":\"https:\\\/\\\/www.irbab-kbivb.be\\\/wp-content\\\/uploads\\\/2021\\\/07\\\/Legende-bladziekten-biet-1-1024x218.jpg\"},{\"@type\":\"BreadcrumbList\",\"@id\":\"https:\\\/\\\/www.irbab-kbivb.be\\\/fr\\\/cartographie-champs-dobservations\\\/juillet-aout-2021-problemes-sanitaires-signales-en-culture-betteraves\\\/#breadcrumb\",\"itemListElement\":[{\"@type\":\"ListItem\",\"position\":1,\"name\":\"Home\",\"item\":\"https:\\\/\\\/www.irbab-kbivb.be\\\/fr\\\/\"},{\"@type\":\"ListItem\",\"position\":2,\"name\":\"Cartographie champs d&#8217;observations\",\"item\":\"https:\\\/\\\/www.irbab-kbivb.be\\\/fr\\\/cartographie-champs-dobservations\\\/\"},{\"@type\":\"ListItem\",\"position\":3,\"name\":\"Juillet-Ao\u00fbt 2021: Probl\u00e8mes sanitaires signal\u00e9s en culture (betteraves)\"}]},{\"@type\":\"WebSite\",\"@id\":\"https:\\\/\\\/www.irbab-kbivb.be\\\/#website\",\"url\":\"https:\\\/\\\/www.irbab-kbivb.be\\\/\",\"name\":\"IRBAB-KBIVB\",\"description\":\"Koninklijk Belgisch Instituut tot Verbetering van de Biet vzw | Institut Royal Belge pour l&#039;Am\u00e9lioration de la Betterave asbl\",\"potentialAction\":[{\"@type\":\"SearchAction\",\"target\":{\"@type\":\"EntryPoint\",\"urlTemplate\":\"https:\\\/\\\/www.irbab-kbivb.be\\\/?s={search_term_string}\"},\"query-input\":{\"@type\":\"PropertyValueSpecification\",\"valueRequired\":true,\"valueName\":\"search_term_string\"}}],\"inLanguage\":\"fr-FR\"}]}<\/script>\n<!-- \/ Yoast SEO plugin. -->","yoast_head_json":{"title":"Juillet-Ao\u00fbt 2021: Probl\u00e8mes sanitaires signal\u00e9s en culture (betteraves) - IRBAB-KBIVB","description":"Cartografie bieten 2015. Mei-juni : gezondheidsproblemen gesignaleerd in het gewas.","robots":{"index":"index","follow":"follow","max-snippet":"max-snippet:-1","max-image-preview":"max-image-preview:large","max-video-preview":"max-video-preview:-1"},"canonical":"https:\/\/www.irbab-kbivb.be\/fr\/cartographie-champs-dobservations\/juillet-aout-2021-problemes-sanitaires-signales-en-culture-betteraves\/","og_locale":"fr_FR","og_type":"article","og_title":"Juillet-Ao\u00fbt 2021: Probl\u00e8mes sanitaires signal\u00e9s en culture (betteraves) - IRBAB-KBIVB","og_description":"Cartografie bieten 2015. Mei-juni : gezondheidsproblemen gesignaleerd in het gewas.","og_url":"https:\/\/www.irbab-kbivb.be\/fr\/cartographie-champs-dobservations\/juillet-aout-2021-problemes-sanitaires-signales-en-culture-betteraves\/","og_site_name":"IRBAB-KBIVB","article_modified_time":"2021-08-17T08:59:12+00:00","og_image":[{"url":"https:\/\/www.irbab-kbivb.be\/wp-content\/uploads\/2021\/07\/Legende-bladziekten-biet-1-1024x218.jpg","type":"","width":"","height":""}],"twitter_card":"summary_large_image","twitter_misc":{"Dur\u00e9e de lecture estim\u00e9e":"1 minute"},"schema":{"@context":"https:\/\/schema.org","@graph":[{"@type":"WebPage","@id":"https:\/\/www.irbab-kbivb.be\/fr\/cartographie-champs-dobservations\/juillet-aout-2021-problemes-sanitaires-signales-en-culture-betteraves\/","url":"https:\/\/www.irbab-kbivb.be\/fr\/cartographie-champs-dobservations\/juillet-aout-2021-problemes-sanitaires-signales-en-culture-betteraves\/","name":"Juillet-Ao\u00fbt 2021: Probl\u00e8mes sanitaires signal\u00e9s en culture (betteraves) - IRBAB-KBIVB","isPartOf":{"@id":"https:\/\/www.irbab-kbivb.be\/#website"},"primaryImageOfPage":{"@id":"https:\/\/www.irbab-kbivb.be\/fr\/cartographie-champs-dobservations\/juillet-aout-2021-problemes-sanitaires-signales-en-culture-betteraves\/#primaryimage"},"image":{"@id":"https:\/\/www.irbab-kbivb.be\/fr\/cartographie-champs-dobservations\/juillet-aout-2021-problemes-sanitaires-signales-en-culture-betteraves\/#primaryimage"},"thumbnailUrl":"https:\/\/www.irbab-kbivb.be\/wp-content\/uploads\/2021\/07\/Legende-bladziekten-biet-1-1024x218.jpg","datePublished":"2021-07-12T13:13:01+00:00","dateModified":"2021-08-17T08:59:12+00:00","description":"Cartografie bieten 2015. Mei-juni : gezondheidsproblemen gesignaleerd in het gewas.","breadcrumb":{"@id":"https:\/\/www.irbab-kbivb.be\/fr\/cartographie-champs-dobservations\/juillet-aout-2021-problemes-sanitaires-signales-en-culture-betteraves\/#breadcrumb"},"inLanguage":"fr-FR","potentialAction":[{"@type":"ReadAction","target":["https:\/\/www.irbab-kbivb.be\/fr\/cartographie-champs-dobservations\/juillet-aout-2021-problemes-sanitaires-signales-en-culture-betteraves\/"]}]},{"@type":"ImageObject","inLanguage":"fr-FR","@id":"https:\/\/www.irbab-kbivb.be\/fr\/cartographie-champs-dobservations\/juillet-aout-2021-problemes-sanitaires-signales-en-culture-betteraves\/#primaryimage","url":"https:\/\/www.irbab-kbivb.be\/wp-content\/uploads\/2021\/07\/Legende-bladziekten-biet-1-1024x218.jpg","contentUrl":"https:\/\/www.irbab-kbivb.be\/wp-content\/uploads\/2021\/07\/Legende-bladziekten-biet-1-1024x218.jpg"},{"@type":"BreadcrumbList","@id":"https:\/\/www.irbab-kbivb.be\/fr\/cartographie-champs-dobservations\/juillet-aout-2021-problemes-sanitaires-signales-en-culture-betteraves\/#breadcrumb","itemListElement":[{"@type":"ListItem","position":1,"name":"Home","item":"https:\/\/www.irbab-kbivb.be\/fr\/"},{"@type":"ListItem","position":2,"name":"Cartographie champs d&#8217;observations","item":"https:\/\/www.irbab-kbivb.be\/fr\/cartographie-champs-dobservations\/"},{"@type":"ListItem","position":3,"name":"Juillet-Ao\u00fbt 2021: Probl\u00e8mes sanitaires signal\u00e9s en culture (betteraves)"}]},{"@type":"WebSite","@id":"https:\/\/www.irbab-kbivb.be\/#website","url":"https:\/\/www.irbab-kbivb.be\/","name":"IRBAB-KBIVB","description":"Koninklijk Belgisch Instituut tot Verbetering van de Biet vzw | Institut Royal Belge pour l&#039;Am\u00e9lioration de la Betterave asbl","potentialAction":[{"@type":"SearchAction","target":{"@type":"EntryPoint","urlTemplate":"https:\/\/www.irbab-kbivb.be\/?s={search_term_string}"},"query-input":{"@type":"PropertyValueSpecification","valueRequired":true,"valueName":"search_term_string"}}],"inLanguage":"fr-FR"}]}},"_links":{"self":[{"href":"https:\/\/www.irbab-kbivb.be\/fr\/wp-json\/wp\/v2\/pages\/21414","targetHints":{"allow":["GET"]}}],"collection":[{"href":"https:\/\/www.irbab-kbivb.be\/fr\/wp-json\/wp\/v2\/pages"}],"about":[{"href":"https:\/\/www.irbab-kbivb.be\/fr\/wp-json\/wp\/v2\/types\/page"}],"author":[{"embeddable":true,"href":"https:\/\/www.irbab-kbivb.be\/fr\/wp-json\/wp\/v2\/users\/3"}],"replies":[{"embeddable":true,"href":"https:\/\/www.irbab-kbivb.be\/fr\/wp-json\/wp\/v2\/comments?post=21414"}],"version-history":[{"count":3,"href":"https:\/\/www.irbab-kbivb.be\/fr\/wp-json\/wp\/v2\/pages\/21414\/revisions"}],"predecessor-version":[{"id":21578,"href":"https:\/\/www.irbab-kbivb.be\/fr\/wp-json\/wp\/v2\/pages\/21414\/revisions\/21578"}],"up":[{"embeddable":true,"href":"https:\/\/www.irbab-kbivb.be\/fr\/wp-json\/wp\/v2\/pages\/1185"}],"wp:attachment":[{"href":"https:\/\/www.irbab-kbivb.be\/fr\/wp-json\/wp\/v2\/media?parent=21414"}],"curies":[{"name":"wp","href":"https:\/\/api.w.org\/{rel}","templated":true}]}}