{"id":21069,"date":"2021-04-12T15:44:32","date_gmt":"2021-04-12T13:44:32","guid":{"rendered":"https:\/\/www.irbab-kbivb.be\/?page_id=21069"},"modified":"2021-04-23T10:21:36","modified_gmt":"2021-04-23T08:21:36","slug":"mars-avril-2021-semis-pourcentage-de-levee-et-developpement-de-la-culture-chicorees-2","status":"publish","type":"page","link":"https:\/\/www.irbab-kbivb.be\/fr\/cartographie-champs-dobservations\/mars-avril-2021-semis-pourcentage-de-levee-et-developpement-de-la-culture-chicorees-2\/","title":{"rendered":"Mars-avril 2021 : semis, pourcentage de lev\u00e9e et d\u00e9veloppement de la culture (chicor\u00e9es)"},"content":{"rendered":"<p>R\u00e9seau de champs d&#8217;observations de l&#8217;IRBAB pour la culture de la chicor\u00e9e en 2021<\/p>\n<p><span style=\"text-decoration: underline;\">L\u00e9gende<\/span> :<a href=\"https:\/\/www.irbab-kbivb.be\/wp-content\/uploads\/2021\/04\/Legende-opkomst-aangepast.jpg\"><img loading=\"lazy\" decoding=\"async\" class=\"aligncenter wp-image-21130 size-medium\" src=\"https:\/\/www.irbab-kbivb.be\/wp-content\/uploads\/2021\/04\/Legende-opkomst-aangepast-300x244.jpg\" alt=\"\" width=\"300\" height=\"244\" srcset=\"https:\/\/www.irbab-kbivb.be\/wp-content\/uploads\/2021\/04\/Legende-opkomst-aangepast-300x244.jpg 300w, https:\/\/www.irbab-kbivb.be\/wp-content\/uploads\/2021\/04\/Legende-opkomst-aangepast.jpg 423w\" sizes=\"auto, (max-width: 300px) 100vw, 300px\" \/><\/a>La carte des champs d&#8217;observation est actualis\u00e9e plusieurs fois par semaine selon les donn\u00e9es transmises par les observateurs.<br \/><em>(cliquer sur l&#8217;icone pour les donn\u00e9es actualis\u00e9es du champ correspondant)\u00a0<\/em><\/p>\n\n\n<iframe loading=\"lazy\" src=\"https:\/\/www.google.com\/maps\/d\/u\/0\/embed?mid=1Pw0K_jWIdWCtzk1E9jKMtN5O6IFc2Jlj\" width=\"640\" height=\"480\"><\/iframe>\n\n\n","protected":false},"excerpt":{"rendered":"<p>R\u00e9seau de champs d&#8217;observations de l&#8217;IRBAB pour la culture de la chicor\u00e9e en 2021 L\u00e9gende :La carte des champs d&#8217;observation est actualis\u00e9e plusieurs fois par semaine selon les donn\u00e9es transmises par les observateurs.(cliquer sur l&#8217;icone pour les donn\u00e9es actualis\u00e9es du champ correspondant)\u00a0<\/p>\n","protected":false},"author":3,"featured_media":0,"parent":1185,"menu_order":0,"comment_status":"closed","ping_status":"closed","template":"","meta":{"iawp_total_views":0,"footnotes":""},"class_list":["post-21069","page","type-page","status-publish","hentry"],"yoast_head":"<!-- This site is optimized with the Yoast SEO plugin v27.4 - https:\/\/yoast.com\/product\/yoast-seo-wordpress\/ -->\n<title>Mars-avril 2021 : semis, pourcentage de lev\u00e9e et d\u00e9veloppement de la culture (chicor\u00e9es) - IRBAB-KBIVB<\/title>\n<meta name=\"description\" content=\"Cartographie chicor\u00e9es 2015. Mars-avril : semis et pourcentage de lev\u00e9e.\" \/>\n<meta name=\"robots\" content=\"index, follow, max-snippet:-1, max-image-preview:large, max-video-preview:-1\" \/>\n<link rel=\"canonical\" href=\"https:\/\/www.irbab-kbivb.be\/fr\/cartographie-champs-dobservations\/mars-avril-2021-semis-pourcentage-de-levee-et-developpement-de-la-culture-chicorees-2\/\" \/>\n<meta property=\"og:locale\" content=\"fr_FR\" \/>\n<meta property=\"og:type\" content=\"article\" \/>\n<meta property=\"og:title\" content=\"Mars-avril 2021 : semis, pourcentage de lev\u00e9e et d\u00e9veloppement de la culture (chicor\u00e9es) - IRBAB-KBIVB\" \/>\n<meta property=\"og:description\" content=\"Cartographie chicor\u00e9es 2015. Mars-avril : semis et pourcentage de lev\u00e9e.\" \/>\n<meta property=\"og:url\" content=\"https:\/\/www.irbab-kbivb.be\/fr\/cartographie-champs-dobservations\/mars-avril-2021-semis-pourcentage-de-levee-et-developpement-de-la-culture-chicorees-2\/\" \/>\n<meta property=\"og:site_name\" content=\"IRBAB-KBIVB\" \/>\n<meta property=\"article:modified_time\" content=\"2021-04-23T08:21:36+00:00\" \/>\n<meta property=\"og:image\" content=\"https:\/\/www.irbab-kbivb.be\/wp-content\/uploads\/2021\/04\/Legende-opkomst-aangepast-300x244.jpg\" \/>\n<meta name=\"twitter:card\" content=\"summary_large_image\" \/>\n<meta name=\"twitter:label1\" content=\"Dur\u00e9e de lecture estim\u00e9e\" \/>\n\t<meta name=\"twitter:data1\" content=\"1 minute\" \/>\n<script type=\"application\/ld+json\" class=\"yoast-schema-graph\">{\"@context\":\"https:\\\/\\\/schema.org\",\"@graph\":[{\"@type\":\"WebPage\",\"@id\":\"https:\\\/\\\/www.irbab-kbivb.be\\\/fr\\\/cartographie-champs-dobservations\\\/mars-avril-2021-semis-pourcentage-de-levee-et-developpement-de-la-culture-chicorees-2\\\/\",\"url\":\"https:\\\/\\\/www.irbab-kbivb.be\\\/fr\\\/cartographie-champs-dobservations\\\/mars-avril-2021-semis-pourcentage-de-levee-et-developpement-de-la-culture-chicorees-2\\\/\",\"name\":\"Mars-avril 2021 : semis, pourcentage de lev\u00e9e et d\u00e9veloppement de la culture (chicor\u00e9es) - IRBAB-KBIVB\",\"isPartOf\":{\"@id\":\"https:\\\/\\\/www.irbab-kbivb.be\\\/#website\"},\"primaryImageOfPage\":{\"@id\":\"https:\\\/\\\/www.irbab-kbivb.be\\\/fr\\\/cartographie-champs-dobservations\\\/mars-avril-2021-semis-pourcentage-de-levee-et-developpement-de-la-culture-chicorees-2\\\/#primaryimage\"},\"image\":{\"@id\":\"https:\\\/\\\/www.irbab-kbivb.be\\\/fr\\\/cartographie-champs-dobservations\\\/mars-avril-2021-semis-pourcentage-de-levee-et-developpement-de-la-culture-chicorees-2\\\/#primaryimage\"},\"thumbnailUrl\":\"https:\\\/\\\/www.irbab-kbivb.be\\\/wp-content\\\/uploads\\\/2021\\\/04\\\/Legende-opkomst-aangepast-300x244.jpg\",\"datePublished\":\"2021-04-12T13:44:32+00:00\",\"dateModified\":\"2021-04-23T08:21:36+00:00\",\"description\":\"Cartographie chicor\u00e9es 2015. Mars-avril : semis et pourcentage de lev\u00e9e.\",\"breadcrumb\":{\"@id\":\"https:\\\/\\\/www.irbab-kbivb.be\\\/fr\\\/cartographie-champs-dobservations\\\/mars-avril-2021-semis-pourcentage-de-levee-et-developpement-de-la-culture-chicorees-2\\\/#breadcrumb\"},\"inLanguage\":\"fr-FR\",\"potentialAction\":[{\"@type\":\"ReadAction\",\"target\":[\"https:\\\/\\\/www.irbab-kbivb.be\\\/fr\\\/cartographie-champs-dobservations\\\/mars-avril-2021-semis-pourcentage-de-levee-et-developpement-de-la-culture-chicorees-2\\\/\"]}]},{\"@type\":\"ImageObject\",\"inLanguage\":\"fr-FR\",\"@id\":\"https:\\\/\\\/www.irbab-kbivb.be\\\/fr\\\/cartographie-champs-dobservations\\\/mars-avril-2021-semis-pourcentage-de-levee-et-developpement-de-la-culture-chicorees-2\\\/#primaryimage\",\"url\":\"https:\\\/\\\/www.irbab-kbivb.be\\\/wp-content\\\/uploads\\\/2021\\\/04\\\/Legende-opkomst-aangepast-300x244.jpg\",\"contentUrl\":\"https:\\\/\\\/www.irbab-kbivb.be\\\/wp-content\\\/uploads\\\/2021\\\/04\\\/Legende-opkomst-aangepast-300x244.jpg\"},{\"@type\":\"BreadcrumbList\",\"@id\":\"https:\\\/\\\/www.irbab-kbivb.be\\\/fr\\\/cartographie-champs-dobservations\\\/mars-avril-2021-semis-pourcentage-de-levee-et-developpement-de-la-culture-chicorees-2\\\/#breadcrumb\",\"itemListElement\":[{\"@type\":\"ListItem\",\"position\":1,\"name\":\"Home\",\"item\":\"https:\\\/\\\/www.irbab-kbivb.be\\\/fr\\\/\"},{\"@type\":\"ListItem\",\"position\":2,\"name\":\"Cartographie champs d&#8217;observations\",\"item\":\"https:\\\/\\\/www.irbab-kbivb.be\\\/fr\\\/cartographie-champs-dobservations\\\/\"},{\"@type\":\"ListItem\",\"position\":3,\"name\":\"Mars-avril 2021 : semis, pourcentage de lev\u00e9e et d\u00e9veloppement de la culture (chicor\u00e9es)\"}]},{\"@type\":\"WebSite\",\"@id\":\"https:\\\/\\\/www.irbab-kbivb.be\\\/#website\",\"url\":\"https:\\\/\\\/www.irbab-kbivb.be\\\/\",\"name\":\"IRBAB-KBIVB\",\"description\":\"Koninklijk Belgisch Instituut tot Verbetering van de Biet vzw | Institut Royal Belge pour l&#039;Am\u00e9lioration de la Betterave asbl\",\"potentialAction\":[{\"@type\":\"SearchAction\",\"target\":{\"@type\":\"EntryPoint\",\"urlTemplate\":\"https:\\\/\\\/www.irbab-kbivb.be\\\/?s={search_term_string}\"},\"query-input\":{\"@type\":\"PropertyValueSpecification\",\"valueRequired\":true,\"valueName\":\"search_term_string\"}}],\"inLanguage\":\"fr-FR\"}]}<\/script>\n<!-- \/ Yoast SEO plugin. -->","yoast_head_json":{"title":"Mars-avril 2021 : semis, pourcentage de lev\u00e9e et d\u00e9veloppement de la culture (chicor\u00e9es) - IRBAB-KBIVB","description":"Cartographie chicor\u00e9es 2015. Mars-avril : semis et pourcentage de lev\u00e9e.","robots":{"index":"index","follow":"follow","max-snippet":"max-snippet:-1","max-image-preview":"max-image-preview:large","max-video-preview":"max-video-preview:-1"},"canonical":"https:\/\/www.irbab-kbivb.be\/fr\/cartographie-champs-dobservations\/mars-avril-2021-semis-pourcentage-de-levee-et-developpement-de-la-culture-chicorees-2\/","og_locale":"fr_FR","og_type":"article","og_title":"Mars-avril 2021 : semis, pourcentage de lev\u00e9e et d\u00e9veloppement de la culture (chicor\u00e9es) - IRBAB-KBIVB","og_description":"Cartographie chicor\u00e9es 2015. Mars-avril : semis et pourcentage de lev\u00e9e.","og_url":"https:\/\/www.irbab-kbivb.be\/fr\/cartographie-champs-dobservations\/mars-avril-2021-semis-pourcentage-de-levee-et-developpement-de-la-culture-chicorees-2\/","og_site_name":"IRBAB-KBIVB","article_modified_time":"2021-04-23T08:21:36+00:00","og_image":[{"url":"https:\/\/www.irbab-kbivb.be\/wp-content\/uploads\/2021\/04\/Legende-opkomst-aangepast-300x244.jpg","type":"","width":"","height":""}],"twitter_card":"summary_large_image","twitter_misc":{"Dur\u00e9e de lecture estim\u00e9e":"1 minute"},"schema":{"@context":"https:\/\/schema.org","@graph":[{"@type":"WebPage","@id":"https:\/\/www.irbab-kbivb.be\/fr\/cartographie-champs-dobservations\/mars-avril-2021-semis-pourcentage-de-levee-et-developpement-de-la-culture-chicorees-2\/","url":"https:\/\/www.irbab-kbivb.be\/fr\/cartographie-champs-dobservations\/mars-avril-2021-semis-pourcentage-de-levee-et-developpement-de-la-culture-chicorees-2\/","name":"Mars-avril 2021 : semis, pourcentage de lev\u00e9e et d\u00e9veloppement de la culture (chicor\u00e9es) - IRBAB-KBIVB","isPartOf":{"@id":"https:\/\/www.irbab-kbivb.be\/#website"},"primaryImageOfPage":{"@id":"https:\/\/www.irbab-kbivb.be\/fr\/cartographie-champs-dobservations\/mars-avril-2021-semis-pourcentage-de-levee-et-developpement-de-la-culture-chicorees-2\/#primaryimage"},"image":{"@id":"https:\/\/www.irbab-kbivb.be\/fr\/cartographie-champs-dobservations\/mars-avril-2021-semis-pourcentage-de-levee-et-developpement-de-la-culture-chicorees-2\/#primaryimage"},"thumbnailUrl":"https:\/\/www.irbab-kbivb.be\/wp-content\/uploads\/2021\/04\/Legende-opkomst-aangepast-300x244.jpg","datePublished":"2021-04-12T13:44:32+00:00","dateModified":"2021-04-23T08:21:36+00:00","description":"Cartographie chicor\u00e9es 2015. Mars-avril : semis et pourcentage de lev\u00e9e.","breadcrumb":{"@id":"https:\/\/www.irbab-kbivb.be\/fr\/cartographie-champs-dobservations\/mars-avril-2021-semis-pourcentage-de-levee-et-developpement-de-la-culture-chicorees-2\/#breadcrumb"},"inLanguage":"fr-FR","potentialAction":[{"@type":"ReadAction","target":["https:\/\/www.irbab-kbivb.be\/fr\/cartographie-champs-dobservations\/mars-avril-2021-semis-pourcentage-de-levee-et-developpement-de-la-culture-chicorees-2\/"]}]},{"@type":"ImageObject","inLanguage":"fr-FR","@id":"https:\/\/www.irbab-kbivb.be\/fr\/cartographie-champs-dobservations\/mars-avril-2021-semis-pourcentage-de-levee-et-developpement-de-la-culture-chicorees-2\/#primaryimage","url":"https:\/\/www.irbab-kbivb.be\/wp-content\/uploads\/2021\/04\/Legende-opkomst-aangepast-300x244.jpg","contentUrl":"https:\/\/www.irbab-kbivb.be\/wp-content\/uploads\/2021\/04\/Legende-opkomst-aangepast-300x244.jpg"},{"@type":"BreadcrumbList","@id":"https:\/\/www.irbab-kbivb.be\/fr\/cartographie-champs-dobservations\/mars-avril-2021-semis-pourcentage-de-levee-et-developpement-de-la-culture-chicorees-2\/#breadcrumb","itemListElement":[{"@type":"ListItem","position":1,"name":"Home","item":"https:\/\/www.irbab-kbivb.be\/fr\/"},{"@type":"ListItem","position":2,"name":"Cartographie champs d&#8217;observations","item":"https:\/\/www.irbab-kbivb.be\/fr\/cartographie-champs-dobservations\/"},{"@type":"ListItem","position":3,"name":"Mars-avril 2021 : semis, pourcentage de lev\u00e9e et d\u00e9veloppement de la culture (chicor\u00e9es)"}]},{"@type":"WebSite","@id":"https:\/\/www.irbab-kbivb.be\/#website","url":"https:\/\/www.irbab-kbivb.be\/","name":"IRBAB-KBIVB","description":"Koninklijk Belgisch Instituut tot Verbetering van de Biet vzw | Institut Royal Belge pour l&#039;Am\u00e9lioration de la Betterave asbl","potentialAction":[{"@type":"SearchAction","target":{"@type":"EntryPoint","urlTemplate":"https:\/\/www.irbab-kbivb.be\/?s={search_term_string}"},"query-input":{"@type":"PropertyValueSpecification","valueRequired":true,"valueName":"search_term_string"}}],"inLanguage":"fr-FR"}]}},"_links":{"self":[{"href":"https:\/\/www.irbab-kbivb.be\/fr\/wp-json\/wp\/v2\/pages\/21069","targetHints":{"allow":["GET"]}}],"collection":[{"href":"https:\/\/www.irbab-kbivb.be\/fr\/wp-json\/wp\/v2\/pages"}],"about":[{"href":"https:\/\/www.irbab-kbivb.be\/fr\/wp-json\/wp\/v2\/types\/page"}],"author":[{"embeddable":true,"href":"https:\/\/www.irbab-kbivb.be\/fr\/wp-json\/wp\/v2\/users\/3"}],"replies":[{"embeddable":true,"href":"https:\/\/www.irbab-kbivb.be\/fr\/wp-json\/wp\/v2\/comments?post=21069"}],"version-history":[{"count":3,"href":"https:\/\/www.irbab-kbivb.be\/fr\/wp-json\/wp\/v2\/pages\/21069\/revisions"}],"predecessor-version":[{"id":21436,"href":"https:\/\/www.irbab-kbivb.be\/fr\/wp-json\/wp\/v2\/pages\/21069\/revisions\/21436"}],"up":[{"embeddable":true,"href":"https:\/\/www.irbab-kbivb.be\/fr\/wp-json\/wp\/v2\/pages\/1185"}],"wp:attachment":[{"href":"https:\/\/www.irbab-kbivb.be\/fr\/wp-json\/wp\/v2\/media?parent=21069"}],"curies":[{"name":"wp","href":"https:\/\/api.w.org\/{rel}","templated":true}]}}