{"id":1185,"date":"2015-09-10T12:55:10","date_gmt":"2015-09-10T12:55:10","guid":{"rendered":"http:\/\/kbivb.mailbox-belgium.com\/fr\/?page_id=1185"},"modified":"2026-03-04T13:26:21","modified_gmt":"2026-03-04T12:26:21","slug":"cartographie-champs-dobservations","status":"publish","type":"page","link":"https:\/\/www.irbab-kbivb.be\/fr\/cartographie-champs-dobservations\/","title":{"rendered":"Cartographie champs d&#8217;observations"},"content":{"rendered":"<div class=\"su-spoiler su-spoiler-style-simple su-spoiler-icon-plus\" data-scroll-offset=\"0\" data-anchor-in-url=\"no\"><div class=\"su-spoiler-title\" tabindex=\"0\" role=\"button\"><span class=\"su-spoiler-icon\"><\/span>Betteraves<\/div><div class=\"su-spoiler-content su-u-clearfix su-u-trim\">\nMars-Avril : <a href=\"https:\/\/www.irbab-kbivb.be\/fr\/cartographie-champs-dobservations\/mars-avril-2026-semis-pourcentage-de-levee-et-developpement-de-culture-betteraves\/\" target=\"_blank\" rel=\"noopener\"><strong>Semis, pourcentage de lev\u00e9e et d\u00e9veloppement de la culture<\/strong><\/a><br \/>\nMai-Juin : <a href=\"https:\/\/www.irbab-kbivb.be\/fr\/cartographie-champs-dobservations\/mai-juin-2026-carte-avertissement-pucerons-verts-betteraves\/\" target=\"_blank\" rel=\"noopener\"><strong>Carte &#8220;avertissement pucerons verts&#8221; (betteraves)<\/strong><\/a><br \/>\nJuillet-Ao\u00fbt :\u00a0<a href=\"https:\/\/www.irbab-kbivb.be\/fr\/cartographie-champs-dobservations\/juillet-aout-2026-problemes-sanitaires-signales-en-culture-betteraves\/\" target=\"_blank\" rel=\"noopener\"><strong>Probl\u00e8mes sanitaires signal\u00e9s en culture<\/strong><\/a><br \/>\n<\/div><\/div>\n<div class=\"su-spoiler su-spoiler-style-simple su-spoiler-icon-plus\" data-scroll-offset=\"0\" data-anchor-in-url=\"no\"><div class=\"su-spoiler-title\" tabindex=\"0\" role=\"button\"><span class=\"su-spoiler-icon\"><\/span>Chicor\u00e9es<\/div><div class=\"su-spoiler-content su-u-clearfix su-u-trim\">\nMars-Avril : <a href=\"https:\/\/www.irbab-kbivb.be\/fr\/irbab-asbl\/mars-avril-2026-semis-pourcentage-de-levee-et-developpement-de-la-culture-chicorees\/\" target=\"_blank\" rel=\"noopener\"><strong>Semis, pourcentage de lev\u00e9e et d\u00e9veloppement de la culture<\/strong><\/a><br \/>\nJuillet-Ao\u00fbt : <a href=\"https:\/\/www.irbab-kbivb.be\/fr\/cartographie-champs-dobservations\/juillet-aout-2026-problemes-sanitaires-signales-en-culture-chicorees\/\"><strong>Probl\u00e8mes sanitaires signal\u00e9s en culture<\/strong><\/a><br \/>\n<\/div><\/div>\n<p>Vous souhaitez participer au r\u00e9seau des champs d&#8217;observation de l&#8217;IRBAB :<br \/>\ncommuniquez vos coordonn\u00e9es \u00e0 <a href=\"mailto:info@irbab.be\">info@irbab.be<\/a>.<\/p>\n<p><em>Google a r\u00e9cemment modifi\u00e9 son application \u201cGoogle &#8211; Map\u201d. Il est possible que vous ne puissiez plus voir nos symboles et nos commentaires sur cette carte si vous ne disposez pas de Google Chrome ou d\u2019un compte Google pour vous connecter (ou d\u2019une adresse e-mail de type gmail.com ou d\u2019autres adresses e-mails assimil\u00e9es : hotmail, yahoo, compte facebook,&#8230;). Nous n\u2019avons pas trouv\u00e9 d\u2019autres explications \u00e0 ce probl\u00e8me et en sommes d\u00e9sol\u00e9s.<\/em><\/p>\n","protected":false},"excerpt":{"rendered":"<p>Vous souhaitez participer au r\u00e9seau des champs d&#8217;observation de l&#8217;IRBAB : communiquez vos coordonn\u00e9es \u00e0 info@irbab.be. Google a r\u00e9cemment modifi\u00e9 son application \u201cGoogle &#8211; Map\u201d. Il est possible que vous ne puissiez plus voir nos symboles et nos commentaires sur cette carte si vous ne disposez pas de Google Chrome ou d\u2019un compte Google pour [&hellip;]<\/p>\n","protected":false},"author":3,"featured_media":0,"parent":0,"menu_order":0,"comment_status":"closed","ping_status":"closed","template":"","meta":{"iawp_total_views":0,"footnotes":""},"class_list":["post-1185","page","type-page","status-publish","hentry"],"yoast_head":"<!-- This site is optimized with the Yoast SEO plugin v27.5 - https:\/\/yoast.com\/product\/yoast-seo-wordpress\/ -->\n<title>Cartographie champs d&#039;observations - IRBAB-KBIVB<\/title>\n<meta name=\"description\" content=\"Cartographie r\u00e9seau champs d&#039;observations de l&#039;IRBAB.\" \/>\n<meta name=\"robots\" content=\"index, follow, max-snippet:-1, max-image-preview:large, max-video-preview:-1\" \/>\n<link rel=\"canonical\" href=\"https:\/\/www.irbab-kbivb.be\/fr\/cartographie-champs-dobservations\/\" \/>\n<meta property=\"og:locale\" content=\"fr_FR\" \/>\n<meta property=\"og:type\" content=\"article\" \/>\n<meta property=\"og:title\" content=\"Cartographie champs d&#039;observations - IRBAB-KBIVB\" \/>\n<meta property=\"og:description\" content=\"Cartographie r\u00e9seau champs d&#039;observations de l&#039;IRBAB.\" \/>\n<meta property=\"og:url\" content=\"https:\/\/www.irbab-kbivb.be\/fr\/cartographie-champs-dobservations\/\" \/>\n<meta property=\"og:site_name\" content=\"IRBAB-KBIVB\" \/>\n<meta property=\"article:modified_time\" content=\"2026-03-04T12:26:21+00:00\" \/>\n<meta name=\"twitter:card\" content=\"summary_large_image\" \/>\n<meta name=\"twitter:label1\" content=\"Dur\u00e9e de lecture estim\u00e9e\" \/>\n\t<meta name=\"twitter:data1\" content=\"1 minute\" \/>\n<script type=\"application\/ld+json\" class=\"yoast-schema-graph\">{\"@context\":\"https:\\\/\\\/schema.org\",\"@graph\":[{\"@type\":\"WebPage\",\"@id\":\"https:\\\/\\\/www.irbab-kbivb.be\\\/fr\\\/cartographie-champs-dobservations\\\/\",\"url\":\"https:\\\/\\\/www.irbab-kbivb.be\\\/fr\\\/cartographie-champs-dobservations\\\/\",\"name\":\"Cartographie champs d'observations - IRBAB-KBIVB\",\"isPartOf\":{\"@id\":\"https:\\\/\\\/www.irbab-kbivb.be\\\/#website\"},\"datePublished\":\"2015-09-10T12:55:10+00:00\",\"dateModified\":\"2026-03-04T12:26:21+00:00\",\"description\":\"Cartographie r\u00e9seau champs d'observations de l'IRBAB.\",\"breadcrumb\":{\"@id\":\"https:\\\/\\\/www.irbab-kbivb.be\\\/fr\\\/cartographie-champs-dobservations\\\/#breadcrumb\"},\"inLanguage\":\"fr-FR\",\"potentialAction\":[{\"@type\":\"ReadAction\",\"target\":[\"https:\\\/\\\/www.irbab-kbivb.be\\\/fr\\\/cartographie-champs-dobservations\\\/\"]}]},{\"@type\":\"BreadcrumbList\",\"@id\":\"https:\\\/\\\/www.irbab-kbivb.be\\\/fr\\\/cartographie-champs-dobservations\\\/#breadcrumb\",\"itemListElement\":[{\"@type\":\"ListItem\",\"position\":1,\"name\":\"Home\",\"item\":\"https:\\\/\\\/www.irbab-kbivb.be\\\/fr\\\/\"},{\"@type\":\"ListItem\",\"position\":2,\"name\":\"Cartographie champs d&#8217;observations\"}]},{\"@type\":\"WebSite\",\"@id\":\"https:\\\/\\\/www.irbab-kbivb.be\\\/#website\",\"url\":\"https:\\\/\\\/www.irbab-kbivb.be\\\/\",\"name\":\"IRBAB-KBIVB\",\"description\":\"Koninklijk Belgisch Instituut tot Verbetering van de Biet vzw | Institut Royal Belge pour l&#039;Am\u00e9lioration de la Betterave asbl\",\"potentialAction\":[{\"@type\":\"SearchAction\",\"target\":{\"@type\":\"EntryPoint\",\"urlTemplate\":\"https:\\\/\\\/www.irbab-kbivb.be\\\/?s={search_term_string}\"},\"query-input\":{\"@type\":\"PropertyValueSpecification\",\"valueRequired\":true,\"valueName\":\"search_term_string\"}}],\"inLanguage\":\"fr-FR\"}]}<\/script>\n<!-- \/ Yoast SEO plugin. -->","yoast_head_json":{"title":"Cartographie champs d'observations - IRBAB-KBIVB","description":"Cartographie r\u00e9seau champs d'observations de l'IRBAB.","robots":{"index":"index","follow":"follow","max-snippet":"max-snippet:-1","max-image-preview":"max-image-preview:large","max-video-preview":"max-video-preview:-1"},"canonical":"https:\/\/www.irbab-kbivb.be\/fr\/cartographie-champs-dobservations\/","og_locale":"fr_FR","og_type":"article","og_title":"Cartographie champs d'observations - IRBAB-KBIVB","og_description":"Cartographie r\u00e9seau champs d'observations de l'IRBAB.","og_url":"https:\/\/www.irbab-kbivb.be\/fr\/cartographie-champs-dobservations\/","og_site_name":"IRBAB-KBIVB","article_modified_time":"2026-03-04T12:26:21+00:00","twitter_card":"summary_large_image","twitter_misc":{"Dur\u00e9e de lecture estim\u00e9e":"1 minute"},"schema":{"@context":"https:\/\/schema.org","@graph":[{"@type":"WebPage","@id":"https:\/\/www.irbab-kbivb.be\/fr\/cartographie-champs-dobservations\/","url":"https:\/\/www.irbab-kbivb.be\/fr\/cartographie-champs-dobservations\/","name":"Cartographie champs d'observations - IRBAB-KBIVB","isPartOf":{"@id":"https:\/\/www.irbab-kbivb.be\/#website"},"datePublished":"2015-09-10T12:55:10+00:00","dateModified":"2026-03-04T12:26:21+00:00","description":"Cartographie r\u00e9seau champs d'observations de l'IRBAB.","breadcrumb":{"@id":"https:\/\/www.irbab-kbivb.be\/fr\/cartographie-champs-dobservations\/#breadcrumb"},"inLanguage":"fr-FR","potentialAction":[{"@type":"ReadAction","target":["https:\/\/www.irbab-kbivb.be\/fr\/cartographie-champs-dobservations\/"]}]},{"@type":"BreadcrumbList","@id":"https:\/\/www.irbab-kbivb.be\/fr\/cartographie-champs-dobservations\/#breadcrumb","itemListElement":[{"@type":"ListItem","position":1,"name":"Home","item":"https:\/\/www.irbab-kbivb.be\/fr\/"},{"@type":"ListItem","position":2,"name":"Cartographie champs d&#8217;observations"}]},{"@type":"WebSite","@id":"https:\/\/www.irbab-kbivb.be\/#website","url":"https:\/\/www.irbab-kbivb.be\/","name":"IRBAB-KBIVB","description":"Koninklijk Belgisch Instituut tot Verbetering van de Biet vzw | Institut Royal Belge pour l&#039;Am\u00e9lioration de la Betterave asbl","potentialAction":[{"@type":"SearchAction","target":{"@type":"EntryPoint","urlTemplate":"https:\/\/www.irbab-kbivb.be\/?s={search_term_string}"},"query-input":{"@type":"PropertyValueSpecification","valueRequired":true,"valueName":"search_term_string"}}],"inLanguage":"fr-FR"}]}},"_links":{"self":[{"href":"https:\/\/www.irbab-kbivb.be\/fr\/wp-json\/wp\/v2\/pages\/1185","targetHints":{"allow":["GET"]}}],"collection":[{"href":"https:\/\/www.irbab-kbivb.be\/fr\/wp-json\/wp\/v2\/pages"}],"about":[{"href":"https:\/\/www.irbab-kbivb.be\/fr\/wp-json\/wp\/v2\/types\/page"}],"author":[{"embeddable":true,"href":"https:\/\/www.irbab-kbivb.be\/fr\/wp-json\/wp\/v2\/users\/3"}],"replies":[{"embeddable":true,"href":"https:\/\/www.irbab-kbivb.be\/fr\/wp-json\/wp\/v2\/comments?post=1185"}],"version-history":[{"count":3,"href":"https:\/\/www.irbab-kbivb.be\/fr\/wp-json\/wp\/v2\/pages\/1185\/revisions"}],"predecessor-version":[{"id":27466,"href":"https:\/\/www.irbab-kbivb.be\/fr\/wp-json\/wp\/v2\/pages\/1185\/revisions\/27466"}],"wp:attachment":[{"href":"https:\/\/www.irbab-kbivb.be\/fr\/wp-json\/wp\/v2\/media?parent=1185"}],"curies":[{"name":"wp","href":"https:\/\/api.w.org\/{rel}","templated":true}]}}