{"id":11426,"date":"2018-08-22T15:51:56","date_gmt":"2018-08-22T13:51:56","guid":{"rendered":"http:\/\/www.irbab-kbivb.be\/?page_id=11426"},"modified":"2019-07-11T11:58:35","modified_gmt":"2019-07-11T09:58:35","slug":"juillet-aout-2019-problemes-sanitaires-signales-en-culture-betteraves","status":"publish","type":"page","link":"https:\/\/www.irbab-kbivb.be\/fr\/cartographie-champs-dobservations\/juillet-aout-2019-problemes-sanitaires-signales-en-culture-betteraves\/","title":{"rendered":"Juillet-ao\u00fbt 2019 : probl\u00e8mes sanitaires signal\u00e9s en culture (betteraves)"},"content":{"rendered":"<p>R\u00e9seau de champs d&#8217;observations de l&#8217;IRBAB pour la culture de la betterave en 2019<\/p>\n<div class=\"su-row\">\n<div class=\"su-column su-column-size-1-2\"><div class=\"su-column-inner su-u-clearfix su-u-trim\">\n<span style=\"text-decoration: underline;\">L\u00e9gende des donn\u00e9es actualis\u00e9es<\/span> :<br \/>\n&#8211; BTWXXXX = code du champ d&#8217;observation<br \/>\nPB = Poncho Beta; CF = Cruiser&amp;Force;<br \/>\n&#8212; = pas de traitement; ?? = pas de donn\u00e9es<br \/>\n&#8211; xx\/xx = Date d&#8217;observation ou d&#8217;intervention<br \/>\n<\/div><\/div>\n<div class=\"su-column su-column-size-1-2\"><div class=\"su-column-inner su-u-clearfix su-u-trim\">\n<span style=\"text-decoration: underline;\">L\u00e9gende du symbole en quarts de cercle<\/span> :<br \/>\nChaque quart de cercle correspond \u00e0 une des 4 principales maladies<br \/>\nfoliaires de la betterave selon la disposition suivante :<br \/>\n<a href=\"https:\/\/www.irbab-kbivb.be\/wp-content\/uploads\/2015\/10\/legend0000.png\"><img loading=\"lazy\" decoding=\"async\" class=\"aligncenter size-medium wp-image-2349\" src=\"https:\/\/www.irbab-kbivb.be\/wp-content\/uploads\/2015\/10\/legend0000-300x59.png\" alt=\"legend0000\" width=\"300\" height=\"59\" align=\"left\" srcset=\"https:\/\/www.irbab-kbivb.be\/wp-content\/uploads\/2015\/10\/legend0000-300x59.png 300w, https:\/\/www.irbab-kbivb.be\/wp-content\/uploads\/2015\/10\/legend0000-150x30.png 150w, https:\/\/www.irbab-kbivb.be\/wp-content\/uploads\/2015\/10\/legend0000.png 315w\" sizes=\"auto, (max-width: 300px) 100vw, 300px\" \/><\/a><br \/>\n<\/div><\/div>\n<\/div>\n<div class=\"su-row\">\n<div class=\"su-column su-column-size-1-2\"><div class=\"su-column-inner su-u-clearfix su-u-trim\">\n<span style=\"text-decoration: underline;\">L\u00e9gende des couleurs pour chaque quart de cercle<\/span> :<br \/>\n&#8211; Vert : Absence de la maladie correspondante<br \/>\n&#8211; Jaune : Pr\u00e9sence de la maladie correspondante,<br \/>\nseuil d&#8217;intervention non atteint<br \/>\n&#8211; Rouge : Pr\u00e9sence de la maladie correspondante,<br \/>\nseuil d&#8217;intervention atteint<br \/>\n<\/div><\/div>\n<div class=\"su-column su-column-size-1-2\"><div class=\"su-column-inner su-u-clearfix su-u-trim\">\n<span style=\"text-decoration: underline;\">L\u00e9gende du chiffre central<\/span> :<br \/>\n&#8211; 1 : Seuil d&#8217;intervention atteint pour le premier traitement<br \/>\n&#8211; 2 : Seuil d&#8217;intervention atteint pour le second traitement<br \/>\n<a href=\"https:\/\/www.irbab-kbivb.be\/wp-content\/uploads\/2015\/10\/sensibilite_varietale_maladies_foliaires_2017.pdf\" target=\"_blank\" rel=\"noopener noreferrer\">Figure<\/a>&nbsp;des sensibilit\u00e9s vari\u00e9tales aux maladies foliaires<br \/>\n<a href=\"https:\/\/www.irbab-kbivb.be\/wp-content\/uploads\/2017\/07\/Maladies-foliaires-et-IPM.pdf\" target=\"_blank\" rel=\"noopener noreferrer\">Seuils et illustrations<\/a> des maladies<br \/>\n<\/div><\/div>\n<\/div>\n<p>La carte des champs d&#8217;observation est actualis\u00e9e plusieurs fois par semaine selon les donn\u00e9es transmises par les observateurs.<br \/>\n<em>(cliquer sur l&#8217;icone pour les donn\u00e9es actualis\u00e9es du champ correspondant)<\/em><\/p>\n<table>\n<tbody>\n<tr>\n<td><iframe loading=\"lazy\" src=\"https:\/\/www.google.com\/maps\/d\/embed?mid=1M1EV6YWUgvRKYr4lGvrixpD3J2lsRSJK\" width=\"640\" height=\"480\"><\/iframe><\/td>\n<\/tr>\n<\/tbody>\n<\/table>\n","protected":false},"excerpt":{"rendered":"<p>R\u00e9seau de champs d&#8217;observations de l&#8217;IRBAB pour la culture de la betterave en 2019 La carte des champs d&#8217;observation est actualis\u00e9e plusieurs fois par semaine selon les donn\u00e9es transmises par les observateurs. (cliquer sur l&#8217;icone pour les donn\u00e9es actualis\u00e9es du champ correspondant)<\/p>\n","protected":false},"author":3,"featured_media":0,"parent":1185,"menu_order":0,"comment_status":"closed","ping_status":"closed","template":"","meta":{"iawp_total_views":1,"footnotes":""},"class_list":["post-11426","page","type-page","status-publish","hentry"],"yoast_head":"<!-- This site is optimized with the Yoast SEO plugin v27.5 - https:\/\/yoast.com\/product\/yoast-seo-wordpress\/ -->\n<title>Juillet-ao\u00fbt 2019 : probl\u00e8mes sanitaires signal\u00e9s en culture (betteraves) - IRBAB-KBIVB<\/title>\n<meta name=\"description\" content=\"Cartographie betteraves 2015. Juillet-ao\u00fbt : probl\u00e8mes sanitaires en culture.\" \/>\n<meta name=\"robots\" content=\"index, follow, max-snippet:-1, max-image-preview:large, max-video-preview:-1\" \/>\n<link rel=\"canonical\" href=\"https:\/\/www.irbab-kbivb.be\/fr\/cartographie-champs-dobservations\/juillet-aout-2019-problemes-sanitaires-signales-en-culture-betteraves\/\" \/>\n<meta property=\"og:locale\" content=\"fr_FR\" \/>\n<meta property=\"og:type\" content=\"article\" \/>\n<meta property=\"og:title\" content=\"Juillet-ao\u00fbt 2019 : probl\u00e8mes sanitaires signal\u00e9s en culture (betteraves) - IRBAB-KBIVB\" \/>\n<meta property=\"og:description\" content=\"Cartographie betteraves 2015. Juillet-ao\u00fbt : probl\u00e8mes sanitaires en culture.\" \/>\n<meta property=\"og:url\" content=\"https:\/\/www.irbab-kbivb.be\/fr\/cartographie-champs-dobservations\/juillet-aout-2019-problemes-sanitaires-signales-en-culture-betteraves\/\" \/>\n<meta property=\"og:site_name\" content=\"IRBAB-KBIVB\" \/>\n<meta property=\"article:modified_time\" content=\"2019-07-11T09:58:35+00:00\" \/>\n<meta property=\"og:image\" content=\"https:\/\/www.irbab-kbivb.be\/wp-content\/uploads\/2015\/10\/legend0000-300x59.png\" \/>\n<meta name=\"twitter:card\" content=\"summary_large_image\" \/>\n<meta name=\"twitter:label1\" content=\"Dur\u00e9e de lecture estim\u00e9e\" \/>\n\t<meta name=\"twitter:data1\" content=\"1 minute\" \/>\n<script type=\"application\/ld+json\" class=\"yoast-schema-graph\">{\"@context\":\"https:\\\/\\\/schema.org\",\"@graph\":[{\"@type\":\"WebPage\",\"@id\":\"https:\\\/\\\/www.irbab-kbivb.be\\\/fr\\\/cartographie-champs-dobservations\\\/juillet-aout-2019-problemes-sanitaires-signales-en-culture-betteraves\\\/\",\"url\":\"https:\\\/\\\/www.irbab-kbivb.be\\\/fr\\\/cartographie-champs-dobservations\\\/juillet-aout-2019-problemes-sanitaires-signales-en-culture-betteraves\\\/\",\"name\":\"Juillet-ao\u00fbt 2019 : probl\u00e8mes sanitaires signal\u00e9s en culture (betteraves) - IRBAB-KBIVB\",\"isPartOf\":{\"@id\":\"https:\\\/\\\/www.irbab-kbivb.be\\\/#website\"},\"primaryImageOfPage\":{\"@id\":\"https:\\\/\\\/www.irbab-kbivb.be\\\/fr\\\/cartographie-champs-dobservations\\\/juillet-aout-2019-problemes-sanitaires-signales-en-culture-betteraves\\\/#primaryimage\"},\"image\":{\"@id\":\"https:\\\/\\\/www.irbab-kbivb.be\\\/fr\\\/cartographie-champs-dobservations\\\/juillet-aout-2019-problemes-sanitaires-signales-en-culture-betteraves\\\/#primaryimage\"},\"thumbnailUrl\":\"https:\\\/\\\/www.irbab-kbivb.be\\\/wp-content\\\/uploads\\\/2015\\\/10\\\/legend0000-300x59.png\",\"datePublished\":\"2018-08-22T13:51:56+00:00\",\"dateModified\":\"2019-07-11T09:58:35+00:00\",\"description\":\"Cartographie betteraves 2015. Juillet-ao\u00fbt : probl\u00e8mes sanitaires en culture.\",\"breadcrumb\":{\"@id\":\"https:\\\/\\\/www.irbab-kbivb.be\\\/fr\\\/cartographie-champs-dobservations\\\/juillet-aout-2019-problemes-sanitaires-signales-en-culture-betteraves\\\/#breadcrumb\"},\"inLanguage\":\"fr-FR\",\"potentialAction\":[{\"@type\":\"ReadAction\",\"target\":[\"https:\\\/\\\/www.irbab-kbivb.be\\\/fr\\\/cartographie-champs-dobservations\\\/juillet-aout-2019-problemes-sanitaires-signales-en-culture-betteraves\\\/\"]}]},{\"@type\":\"ImageObject\",\"inLanguage\":\"fr-FR\",\"@id\":\"https:\\\/\\\/www.irbab-kbivb.be\\\/fr\\\/cartographie-champs-dobservations\\\/juillet-aout-2019-problemes-sanitaires-signales-en-culture-betteraves\\\/#primaryimage\",\"url\":\"https:\\\/\\\/www.irbab-kbivb.be\\\/wp-content\\\/uploads\\\/2015\\\/10\\\/legend0000-300x59.png\",\"contentUrl\":\"https:\\\/\\\/www.irbab-kbivb.be\\\/wp-content\\\/uploads\\\/2015\\\/10\\\/legend0000-300x59.png\"},{\"@type\":\"BreadcrumbList\",\"@id\":\"https:\\\/\\\/www.irbab-kbivb.be\\\/fr\\\/cartographie-champs-dobservations\\\/juillet-aout-2019-problemes-sanitaires-signales-en-culture-betteraves\\\/#breadcrumb\",\"itemListElement\":[{\"@type\":\"ListItem\",\"position\":1,\"name\":\"Home\",\"item\":\"https:\\\/\\\/www.irbab-kbivb.be\\\/fr\\\/\"},{\"@type\":\"ListItem\",\"position\":2,\"name\":\"Cartographie champs d&#8217;observations\",\"item\":\"https:\\\/\\\/www.irbab-kbivb.be\\\/fr\\\/cartographie-champs-dobservations\\\/\"},{\"@type\":\"ListItem\",\"position\":3,\"name\":\"Juillet-ao\u00fbt 2019 : probl\u00e8mes sanitaires signal\u00e9s en culture (betteraves)\"}]},{\"@type\":\"WebSite\",\"@id\":\"https:\\\/\\\/www.irbab-kbivb.be\\\/#website\",\"url\":\"https:\\\/\\\/www.irbab-kbivb.be\\\/\",\"name\":\"IRBAB-KBIVB\",\"description\":\"Koninklijk Belgisch Instituut tot Verbetering van de Biet vzw | Institut Royal Belge pour l&#039;Am\u00e9lioration de la Betterave asbl\",\"potentialAction\":[{\"@type\":\"SearchAction\",\"target\":{\"@type\":\"EntryPoint\",\"urlTemplate\":\"https:\\\/\\\/www.irbab-kbivb.be\\\/?s={search_term_string}\"},\"query-input\":{\"@type\":\"PropertyValueSpecification\",\"valueRequired\":true,\"valueName\":\"search_term_string\"}}],\"inLanguage\":\"fr-FR\"}]}<\/script>\n<!-- \/ Yoast SEO plugin. -->","yoast_head_json":{"title":"Juillet-ao\u00fbt 2019 : probl\u00e8mes sanitaires signal\u00e9s en culture (betteraves) - IRBAB-KBIVB","description":"Cartographie betteraves 2015. Juillet-ao\u00fbt : probl\u00e8mes sanitaires en culture.","robots":{"index":"index","follow":"follow","max-snippet":"max-snippet:-1","max-image-preview":"max-image-preview:large","max-video-preview":"max-video-preview:-1"},"canonical":"https:\/\/www.irbab-kbivb.be\/fr\/cartographie-champs-dobservations\/juillet-aout-2019-problemes-sanitaires-signales-en-culture-betteraves\/","og_locale":"fr_FR","og_type":"article","og_title":"Juillet-ao\u00fbt 2019 : probl\u00e8mes sanitaires signal\u00e9s en culture (betteraves) - IRBAB-KBIVB","og_description":"Cartographie betteraves 2015. Juillet-ao\u00fbt : probl\u00e8mes sanitaires en culture.","og_url":"https:\/\/www.irbab-kbivb.be\/fr\/cartographie-champs-dobservations\/juillet-aout-2019-problemes-sanitaires-signales-en-culture-betteraves\/","og_site_name":"IRBAB-KBIVB","article_modified_time":"2019-07-11T09:58:35+00:00","og_image":[{"url":"https:\/\/www.irbab-kbivb.be\/wp-content\/uploads\/2015\/10\/legend0000-300x59.png","type":"","width":"","height":""}],"twitter_card":"summary_large_image","twitter_misc":{"Dur\u00e9e de lecture estim\u00e9e":"1 minute"},"schema":{"@context":"https:\/\/schema.org","@graph":[{"@type":"WebPage","@id":"https:\/\/www.irbab-kbivb.be\/fr\/cartographie-champs-dobservations\/juillet-aout-2019-problemes-sanitaires-signales-en-culture-betteraves\/","url":"https:\/\/www.irbab-kbivb.be\/fr\/cartographie-champs-dobservations\/juillet-aout-2019-problemes-sanitaires-signales-en-culture-betteraves\/","name":"Juillet-ao\u00fbt 2019 : probl\u00e8mes sanitaires signal\u00e9s en culture (betteraves) - IRBAB-KBIVB","isPartOf":{"@id":"https:\/\/www.irbab-kbivb.be\/#website"},"primaryImageOfPage":{"@id":"https:\/\/www.irbab-kbivb.be\/fr\/cartographie-champs-dobservations\/juillet-aout-2019-problemes-sanitaires-signales-en-culture-betteraves\/#primaryimage"},"image":{"@id":"https:\/\/www.irbab-kbivb.be\/fr\/cartographie-champs-dobservations\/juillet-aout-2019-problemes-sanitaires-signales-en-culture-betteraves\/#primaryimage"},"thumbnailUrl":"https:\/\/www.irbab-kbivb.be\/wp-content\/uploads\/2015\/10\/legend0000-300x59.png","datePublished":"2018-08-22T13:51:56+00:00","dateModified":"2019-07-11T09:58:35+00:00","description":"Cartographie betteraves 2015. Juillet-ao\u00fbt : probl\u00e8mes sanitaires en culture.","breadcrumb":{"@id":"https:\/\/www.irbab-kbivb.be\/fr\/cartographie-champs-dobservations\/juillet-aout-2019-problemes-sanitaires-signales-en-culture-betteraves\/#breadcrumb"},"inLanguage":"fr-FR","potentialAction":[{"@type":"ReadAction","target":["https:\/\/www.irbab-kbivb.be\/fr\/cartographie-champs-dobservations\/juillet-aout-2019-problemes-sanitaires-signales-en-culture-betteraves\/"]}]},{"@type":"ImageObject","inLanguage":"fr-FR","@id":"https:\/\/www.irbab-kbivb.be\/fr\/cartographie-champs-dobservations\/juillet-aout-2019-problemes-sanitaires-signales-en-culture-betteraves\/#primaryimage","url":"https:\/\/www.irbab-kbivb.be\/wp-content\/uploads\/2015\/10\/legend0000-300x59.png","contentUrl":"https:\/\/www.irbab-kbivb.be\/wp-content\/uploads\/2015\/10\/legend0000-300x59.png"},{"@type":"BreadcrumbList","@id":"https:\/\/www.irbab-kbivb.be\/fr\/cartographie-champs-dobservations\/juillet-aout-2019-problemes-sanitaires-signales-en-culture-betteraves\/#breadcrumb","itemListElement":[{"@type":"ListItem","position":1,"name":"Home","item":"https:\/\/www.irbab-kbivb.be\/fr\/"},{"@type":"ListItem","position":2,"name":"Cartographie champs d&#8217;observations","item":"https:\/\/www.irbab-kbivb.be\/fr\/cartographie-champs-dobservations\/"},{"@type":"ListItem","position":3,"name":"Juillet-ao\u00fbt 2019 : probl\u00e8mes sanitaires signal\u00e9s en culture (betteraves)"}]},{"@type":"WebSite","@id":"https:\/\/www.irbab-kbivb.be\/#website","url":"https:\/\/www.irbab-kbivb.be\/","name":"IRBAB-KBIVB","description":"Koninklijk Belgisch Instituut tot Verbetering van de Biet vzw | Institut Royal Belge pour l&#039;Am\u00e9lioration de la Betterave asbl","potentialAction":[{"@type":"SearchAction","target":{"@type":"EntryPoint","urlTemplate":"https:\/\/www.irbab-kbivb.be\/?s={search_term_string}"},"query-input":{"@type":"PropertyValueSpecification","valueRequired":true,"valueName":"search_term_string"}}],"inLanguage":"fr-FR"}]}},"_links":{"self":[{"href":"https:\/\/www.irbab-kbivb.be\/fr\/wp-json\/wp\/v2\/pages\/11426","targetHints":{"allow":["GET"]}}],"collection":[{"href":"https:\/\/www.irbab-kbivb.be\/fr\/wp-json\/wp\/v2\/pages"}],"about":[{"href":"https:\/\/www.irbab-kbivb.be\/fr\/wp-json\/wp\/v2\/types\/page"}],"author":[{"embeddable":true,"href":"https:\/\/www.irbab-kbivb.be\/fr\/wp-json\/wp\/v2\/users\/3"}],"replies":[{"embeddable":true,"href":"https:\/\/www.irbab-kbivb.be\/fr\/wp-json\/wp\/v2\/comments?post=11426"}],"version-history":[{"count":3,"href":"https:\/\/www.irbab-kbivb.be\/fr\/wp-json\/wp\/v2\/pages\/11426\/revisions"}],"predecessor-version":[{"id":14670,"href":"https:\/\/www.irbab-kbivb.be\/fr\/wp-json\/wp\/v2\/pages\/11426\/revisions\/14670"}],"up":[{"embeddable":true,"href":"https:\/\/www.irbab-kbivb.be\/fr\/wp-json\/wp\/v2\/pages\/1185"}],"wp:attachment":[{"href":"https:\/\/www.irbab-kbivb.be\/fr\/wp-json\/wp\/v2\/media?parent=11426"}],"curies":[{"name":"wp","href":"https:\/\/api.w.org\/{rel}","templated":true}]}}